{"id":8714,"date":"2019-03-31T11:21:02","date_gmt":"2019-03-31T09:21:02","guid":{"rendered":"https:\/\/www.kukuk.com\/?page_id=8714"},"modified":"2025-11-16T15:24:23","modified_gmt":"2025-11-16T14:24:23","slug":"oeffentliche-bestellung","status":"publish","type":"page","link":"http:\/\/kukuk.com\/en\/oeffentliche-bestellung\/","title":{"rendered":"Public appointment"},"content":{"rendered":"<p>[et_pb_section fb_built=&#8220;1&#8243; _builder_version=&#8220;4.20.2&#8243; _module_preset=&#8220;default&#8220; custom_padding=&#8220;0px|||||&#8220; global_colors_info=&#8220;{}&#8220;][et_pb_row column_structure=&#8220;3_5,2_5&#8243; _builder_version=&#8220;4.20.2&#8243; _module_preset=&#8220;default&#8220; global_colors_info=&#8220;{}&#8220;][et_pb_column type=&#8220;3_5&#8243; _builder_version=&#8220;4.20.2&#8243; _module_preset=&#8220;default&#8220; custom_padding=&#8220;0px||||false|false&#8220; global_colors_info=&#8220;{}&#8220;][et_pb_image src=&#8220;https:\/\/kukuk.com\/wp-content\/uploads\/Kukuk_Team_Personen_final_13-scaled.jpg&#8220; title_text=&#8220;Kukuk_Team_Personen_final_13&#8243; align=&#8220;center&#8220; _builder_version=&#8220;4.20.2&#8243; _module_preset=&#8220;default&#8220; max_width=&#8220;50%&#8220; global_colors_info=&#8220;{}&#8220;][\/et_pb_image][et_pb_text _builder_version=&#8220;4.20.2&#8243; _module_preset=&#8220;default&#8220; global_colors_info=&#8220;{}&#8220;]<\/p>\n<h3 style=\"text-align: left;\"><strong>Dipl.-Ing. Klaus Kukuk<\/strong><\/h3>\n<p style=\"text-align: justify;\">Dipl.-Ing. Klaus Kukuk wurde durch die Industrie- und Handelskammer f\u00fcr das Sachgebiet \u201cOldtimer\u201d \u00f6ffentlich bestellt und vereidigt. Er unterliegt den Bestimmungen der Sachverst\u00e4digenordnung der Industrie- und Handelskammer K\u00f6ln. Diese kann unter <a href=\"http:\/\/www.ihk-koeln.de\">www.ihk-koeln.de<\/a> eingesehen werden.<\/p>\n<p>\u00d6ffentlich bestellte und vereidigte Sachverst\u00e4ndige sind nach Ma\u00dfgabe von \u00a7 36 GewO t\u00e4tig.<\/p>\n<p>[\/et_pb_text][et_pb_image src=&#8220;https:\/\/kukuk.com\/wp-content\/uploads\/\u00f6ffentliche-Bestellung-scaled.jpg&#8220; title_text=&#8220;\u00f6ffentliche Bestellung&#8220; align=&#8220;center&#8220; _builder_version=&#8220;4.20.2&#8243; _module_preset=&#8220;default&#8220; max_width=&#8220;80%&#8220; custom_margin=&#8220;54px|||||&#8220; custom_padding=&#8220;0px|||||&#8220; global_colors_info=&#8220;{}&#8220;][\/et_pb_image][et_pb_text _builder_version=&#8220;4.20.2&#8243; _module_preset=&#8220;default&#8220; min_height=&#8220;23.6px&#8220; custom_margin=&#8220;-28px|||||&#8220; global_colors_info=&#8220;{}&#8220;]<\/p>\n<p>Zeitungsausschnit vom 11.10.2011<\/p>\n<p>[\/et_pb_text][\/et_pb_column][et_pb_column type=&#8220;2_5&#8243; _builder_version=&#8220;4.20.2&#8243; _module_preset=&#8220;default&#8220; global_colors_info=&#8220;{}&#8220;][et_pb_text _builder_version=&#8220;4.20.2&#8243; _module_preset=&#8220;default&#8220; global_colors_info=&#8220;{}&#8220;]<\/p>\n<h1 style=\"text-align: center;\"><span style=\"font-size: xx-large;\"><strong>Seit 2011<\/strong><\/span><\/h1>\n<p style=\"text-align: center;\">ist Dipl.-Ing. Klaus Kukuk erster bundesweit \u00f6ffentlich bestellter und vereidigter Sachverst\u00e4ndiger f\u00fcr Oldtimer<\/p>\n<p>[\/et_pb_text][et_pb_image src=&#8220;https:\/\/kukuk.com\/wp-content\/uploads\/PHOTO-2025-11-15-18-47-00.jpg&#8220; title_text=&#8220;PHOTO-2025-11-15-18-47-00&#8243; _builder_version=&#8220;4.27.4&#8243; _module_preset=&#8220;default&#8220; hover_enabled=&#8220;0&#8243; box_shadow_style=&#8220;preset1&#8243; global_colors_info=&#8220;{}&#8220; sticky_enabled=&#8220;0&#8243;][\/et_pb_image][\/et_pb_column][\/et_pb_row][et_pb_row column_structure=&#8220;1_2,1_2&#8243; _builder_version=&#8220;4.20.2&#8243; _module_preset=&#8220;default&#8220; global_colors_info=&#8220;{}&#8220;][et_pb_column type=&#8220;1_2&#8243; _builder_version=&#8220;4.20.2&#8243; _module_preset=&#8220;default&#8220; global_colors_info=&#8220;{}&#8220;][et_pb_image src=&#8220;https:\/\/kukuk.com\/wp-content\/uploads\/Diplom.jpg&#8220; title_text=&#8220;Diplom&#8220; _builder_version=&#8220;4.20.2&#8243; _module_preset=&#8220;default&#8220; box_shadow_style=&#8220;preset1&#8243; global_colors_info=&#8220;{}&#8220;][\/et_pb_image][\/et_pb_column][et_pb_column type=&#8220;1_2&#8243; _builder_version=&#8220;4.20.2&#8243; _module_preset=&#8220;default&#8220; global_colors_info=&#8220;{}&#8220;][et_pb_text _builder_version=&#8220;4.20.2&#8243; _module_preset=&#8220;default&#8220; global_colors_info=&#8220;{}&#8220;]<\/p>\n<h1 style=\"text-align: center;\"><span style=\"font-size: xx-large;\"><strong>1982<br \/><\/strong><\/span><\/h1>\n<p style=\"text-align: center;\">erlangt Klaus Kukuk seinen akademischen Grad als Dipl.-Ing. an der Fachhochschule K\u00f6ln.<\/p>\n<p>[\/et_pb_text][et_pb_image src=&#8220;https:\/\/kukuk.com\/wp-content\/uploads\/Thesis1-1-scaled.jpg&#8220; title_text=&#8220;Thesis1&#8243; align=&#8220;center&#8220; _builder_version=&#8220;4.20.2&#8243; _module_preset=&#8220;default&#8220; max_width=&#8220;70%&#8220; global_colors_info=&#8220;{}&#8220;][\/et_pb_image][\/et_pb_column][\/et_pb_row][et_pb_row column_structure=&#8220;1_2,1_2&#8243; _builder_version=&#8220;4.20.2&#8243; _module_preset=&#8220;default&#8220; global_colors_info=&#8220;{}&#8220;][et_pb_column type=&#8220;1_2&#8243; _builder_version=&#8220;4.20.2&#8243; _module_preset=&#8220;default&#8220; global_colors_info=&#8220;{}&#8220;][et_pb_text _builder_version=&#8220;4.20.2&#8243; _module_preset=&#8220;default&#8220; custom_padding=&#8220;||1px|||&#8220; global_colors_info=&#8220;{}&#8220;]<\/p>\n<h4 style=\"text-align: center;\"><span style=\"font-size: x-large;\">Mindestanforderungen an Gutachten und sonstigen von den Industrie- und Handelskammern<\/span><\/h4>\n<p>[\/et_pb_text][et_pb_image src=&#8220;https:\/\/kukuk.com\/wp-content\/uploads\/1211.jpg&#8220; title_text=&#8220;1211&#8243; _builder_version=&#8220;4.20.2&#8243; _module_preset=&#8220;default&#8220; box_shadow_style=&#8220;preset1&#8243; global_colors_info=&#8220;{}&#8220;][\/et_pb_image][et_pb_button button_url=&#8220;https:\/\/www.kukuk.com\/wp-content\/uploads\/Sachverstaendigenordnung_2018_71530.pdf&#8220; url_new_window=&#8220;on&#8220; button_text=&#8220;Mehr Anzeigen&#8220; button_alignment=&#8220;center&#8220; _builder_version=&#8220;4.20.2&#8243; _module_preset=&#8220;default&#8220; custom_button=&#8220;on&#8220; button_text_size=&#8220;18px&#8220; button_text_color=&#8220;#5b5b5b&#8220; button_border_radius=&#8220;5px&#8220; button_icon=&#8220;&#xf15c;||fa||400&#8243; button_icon_color=&#8220;#000000&#8243; button_icon_placement=&#8220;left&#8220; global_colors_info=&#8220;{}&#8220;][\/et_pb_button][\/et_pb_column][et_pb_column type=&#8220;1_2&#8243; _builder_version=&#8220;4.20.2&#8243; _module_preset=&#8220;default&#8220; global_colors_info=&#8220;{}&#8220;][et_pb_text _builder_version=&#8220;4.20.2&#8243; _module_preset=&#8220;default&#8220; global_colors_info=&#8220;{}&#8220;]<\/p>\n<h4 style=\"text-align: center;\"><strong>Sachverst\u00e4ndigenverzeichnis<\/strong> \u00f6ffentlich bestellter und vereidigter Sachverst\u00e4ndigen im Oldtimer Bereich<\/h4>\n<p>[\/et_pb_text][et_pb_image src=&#8220;https:\/\/kukuk.com\/wp-content\/uploads\/sv-2.jpg&#8220; title_text=&#8220;sv&#8220; _builder_version=&#8220;4.20.2&#8243; _module_preset=&#8220;default&#8220; box_shadow_style=&#8220;preset1&#8243; global_colors_info=&#8220;{}&#8220;][\/et_pb_image][et_pb_button button_url=&#8220;https:\/\/www.kukuk.com\/wp-content\/uploads\/Sachverst%C3%A4ndigenverzeichnis-Oldtimer.pdf&#8220; url_new_window=&#8220;on&#8220; button_text=&#8220;Mehr Anzeigen&#8220; button_alignment=&#8220;center&#8220; _builder_version=&#8220;4.20.2&#8243; _module_preset=&#8220;default&#8220; custom_button=&#8220;on&#8220; button_text_size=&#8220;18px&#8220; button_text_color=&#8220;#5b5b5b&#8220; button_border_radius=&#8220;5px&#8220; button_icon=&#8220;&#xf15c;||fa||400&#8243; button_icon_color=&#8220;#000000&#8243; button_icon_placement=&#8220;left&#8220; global_colors_info=&#8220;{}&#8220;][\/et_pb_button][\/et_pb_column][\/et_pb_row][\/et_pb_section]<\/p>\n","protected":false},"excerpt":{"rendered":"<p>Dipl.-Ing. Klaus Kukuk Dipl.-Ing. Klaus Kukuk was publicly appointed and sworn in by the Chamber of Industry and Commerce for the field of \"classic cars\". He is subject to the provisions of the expert regulations of the Cologne Chamber of Industry and Commerce. These can be viewed at www.ihk-koeln.de. Publicly appointed and sworn experts are authorised in accordance with \u00a7 36 GewO...<\/p>","protected":false},"author":3,"featured_media":15652,"parent":0,"menu_order":0,"comment_status":"closed","ping_status":"closed","template":"","meta":{"_et_pb_use_builder":"on","_et_pb_old_content":"","_et_gb_content_width":"","_monsterinsights_skip_tracking":false,"_monsterinsights_sitenote_active":false,"_monsterinsights_sitenote_note":"","_monsterinsights_sitenote_category":0,"_joinchat":[],"footnotes":""},"class_list":["post-8714","page","type-page","status-publish","has-post-thumbnail","hentry","latest_post"],"_links":{"self":[{"href":"http:\/\/kukuk.com\/en\/wp-json\/wp\/v2\/pages\/8714","targetHints":{"allow":["GET"]}}],"collection":[{"href":"http:\/\/kukuk.com\/en\/wp-json\/wp\/v2\/pages"}],"about":[{"href":"http:\/\/kukuk.com\/en\/wp-json\/wp\/v2\/types\/page"}],"author":[{"embeddable":true,"href":"http:\/\/kukuk.com\/en\/wp-json\/wp\/v2\/users\/3"}],"replies":[{"embeddable":true,"href":"http:\/\/kukuk.com\/en\/wp-json\/wp\/v2\/comments?post=8714"}],"version-history":[{"count":0,"href":"http:\/\/kukuk.com\/en\/wp-json\/wp\/v2\/pages\/8714\/revisions"}],"wp:featuredmedia":[{"embeddable":true,"href":"http:\/\/kukuk.com\/en\/wp-json\/wp\/v2\/media\/15652"}],"wp:attachment":[{"href":"http:\/\/kukuk.com\/en\/wp-json\/wp\/v2\/media?parent=8714"}],"curies":[{"name":"wp","href":"https:\/\/api.w.org\/{rel}","templated":true}]}}