{"id":8542,"date":"2018-06-26T09:20:48","date_gmt":"2018-06-26T07:20:48","guid":{"rendered":"https:\/\/www.kukuk.com\/?page_id=8542"},"modified":"2020-07-13T22:47:05","modified_gmt":"2020-07-13T20:47:05","slug":"declaracion-de-proteccion-de-datos","status":"publish","type":"page","link":"http:\/\/kukuk.com\/es\/datenschutzerklaerung\/","title":{"rendered":"Pol\u00edtica de privacidad"},"content":{"rendered":"<h3>Pol\u00edtica de privacidad<\/h3>\n<h4>1. la protecci\u00f3n de datos de un vistazo<\/h4>\n<p><strong>Notas generales<\/strong><\/p>\n<p>La siguiente informaci\u00f3n ofrece una visi\u00f3n general de lo que ocurre con sus datos personales cuando visita nuestro sitio web. Por datos personales se entiende cualquier dato que permita identificarle personalmente. Si desea informaci\u00f3n detallada sobre el tema de la protecci\u00f3n de datos, consulte nuestra pol\u00edtica de privacidad que figura debajo de este texto.<\/p>\n<p><strong>Recogida de datos en nuestro sitio web<\/strong><\/p>\n<p><strong>\u00bfQui\u00e9n es responsable de la recogida de datos en este sitio web?<\/strong><\/p>\n<p>El tratamiento de datos en este sitio web corre a cargo del operador del sitio web. Encontrar\u00e1 sus datos de contacto en el pie de imprenta de este sitio web.<\/p>\n<p><strong>\u00bfC\u00f3mo recogemos sus datos?<\/strong><\/p>\n<p>Por un lado, sus datos se recogen cuando usted nos los facilita. Puede tratarse, por ejemplo, de los datos que introduce en un formulario de contacto.<\/p>\n<p>Nuestros sistemas inform\u00e1ticos recogen autom\u00e1ticamente otros datos cuando usted visita el sitio web. Se trata principalmente de datos t\u00e9cnicos (por ejemplo, navegador de Internet, sistema operativo o tiempo de visualizaci\u00f3n de la p\u00e1gina). Estos datos se recogen autom\u00e1ticamente en cuanto usted entra en nuestro sitio web.<\/p>\n<p><strong>\u00bfPara qu\u00e9 utilizamos sus datos?<\/strong><\/p>\n<p>Parte de los datos se recogen para garantizar un funcionamiento sin errores del sitio web. Otros datos pueden utilizarse para analizar su comportamiento como usuario.<\/p>\n<p><strong>\u00bfQu\u00e9 derechos tiene en relaci\u00f3n con sus datos?<\/strong><\/p>\n<p>Tiene derecho a recibir informaci\u00f3n gratuita en cualquier momento sobre el origen, el destinatario y la finalidad de sus datos personales almacenados. Tambi\u00e9n tiene derecho a solicitar la correcci\u00f3n, el bloqueo o la supresi\u00f3n de estos datos. Puede ponerse en contacto con nosotros en cualquier momento en la direcci\u00f3n indicada en el pie de imprenta para este fin y para otras cuestiones sobre el tema de la protecci\u00f3n de datos. Adem\u00e1s, tiene derecho a presentar una reclamaci\u00f3n ante la autoridad de control competente.<\/p>\n<p>Tambi\u00e9n tiene derecho a solicitar la restricci\u00f3n del tratamiento de sus datos personales en determinadas circunstancias. Para m\u00e1s detalles, consulte la pol\u00edtica de privacidad en el apartado \"Derecho a la restricci\u00f3n del tratamiento\".<\/p>\n<p><strong>Herramientas y herramientas de an\u00e1lisis de terceros<\/strong><\/p>\n<p>Al visitar nuestro sitio web, su comportamiento de navegaci\u00f3n puede ser evaluado estad\u00edsticamente. Esto se hace principalmente con cookies y los llamados programas de an\u00e1lisis. El an\u00e1lisis de su comportamiento de navegaci\u00f3n suele ser an\u00f3nimo; el comportamiento de navegaci\u00f3n no puede ser rastreado hasta usted. Puede oponerse a este an\u00e1lisis o impedirlo no utilizando determinadas herramientas. Encontrar\u00e1 informaci\u00f3n detallada al respecto en la siguiente declaraci\u00f3n de protecci\u00f3n de datos.<\/p>\n<p>Puede oponerse a este an\u00e1lisis. Le informaremos sobre las opciones de objeci\u00f3n en esta declaraci\u00f3n de protecci\u00f3n de datos.<\/p>\n<h4>2 Notas generales e informaci\u00f3n obligatoria<\/h4>\n<p><strong>Protecci\u00f3n de datos<\/strong><\/p>\n<p>Los operadores de estas p\u00e1ginas se toman muy en serio la protecci\u00f3n de sus datos personales. Tratamos sus datos personales de forma confidencial y de conformidad con las disposiciones legales sobre protecci\u00f3n de datos y la presente declaraci\u00f3n de protecci\u00f3n de datos.<\/p>\n<p>Cuando usted utiliza este sitio web, se recogen diversos datos personales. Los datos personales son datos que pueden utilizarse para identificarle personalmente. Esta pol\u00edtica de privacidad explica qu\u00e9 datos recogemos y para qu\u00e9 los utilizamos. Tambi\u00e9n explica c\u00f3mo y con qu\u00e9 fin lo hacemos.<\/p>\n<p>Queremos se\u00f1alar que la transmisi\u00f3n de datos en Internet (por ejemplo, la comunicaci\u00f3n por correo electr\u00f3nico) puede presentar lagunas de seguridad. No es posible una protecci\u00f3n completa de los datos contra el acceso de terceros.<\/p>\n<p><strong>Nota sobre el organismo responsable<\/strong><\/p>\n<p>El responsable del tratamiento de datos de este sitio web es:<\/p>\n<p>Ingeniero Klaus Kukuk<br \/>\nKaldauer Altura 13<br \/>\n51491 Overath<\/p>\n<p>Tel\u00e9fono: 0 22 06 \/ 95 90 - 0<br \/>\nCorreo electr\u00f3nico: info@kukuk.com<\/p>\n<p>El responsable del tratamiento es la persona f\u00edsica o jur\u00eddica que, sola o conjuntamente con otras, determina los fines y medios del tratamiento de datos personales (por ejemplo, nombres, direcciones de correo electr\u00f3nico o similares).<\/p>\n<p><strong>Revocaci\u00f3n de su consentimiento para el tratamiento de datos<\/strong><\/p>\n<p>Muchas operaciones de tratamiento de datos s\u00f3lo son posibles con su consentimiento expreso. Puede revocar el consentimiento que ya ha dado en cualquier momento. Para ello, basta con que nos lo comunique de manera informal por correo electr\u00f3nico. La legalidad del tratamiento de datos efectuado hasta la revocaci\u00f3n no se ver\u00e1 afectada por \u00e9sta.<\/p>\n<p><strong>Derecho a oponerse a la recogida de datos en casos espec\u00edficos y a la mercadotecnia directa (Art. 21 GDPR)<\/strong><\/p>\n<p><strong>Si el tratamiento de datos se basa en el art. 6 (1) e o f DSGVO, tiene derecho a oponerse al tratamiento de sus datos personales en cualquier momento por motivos derivados de su situaci\u00f3n particular; esto tambi\u00e9n se aplica a la elaboraci\u00f3n de perfiles basada en estas disposiciones. La base jur\u00eddica respectiva en la que se basa el tratamiento puede consultarse en esta declaraci\u00f3n de protecci\u00f3n de datos. Si se opone, dejaremos de procesar los datos personales en cuesti\u00f3n, a menos que podamos demostrar motivos leg\u00edtimos imperiosos para el procesamiento que prevalezcan sobre sus intereses, derechos y libertades, o que el procesamiento sirva para hacer valer, ejercer o defender reclamaciones legales (objeci\u00f3n en virtud del art\u00edculo 21, apartado 1, del GDPR).<\/strong><\/p>\n<p><strong>Si sus datos personales se tratan con fines de mercadotecnia directa, tiene derecho a oponerse en cualquier momento al tratamiento de los datos personales que le conciernen con fines de dicha mercadotecnia; esto tambi\u00e9n se aplica a la elaboraci\u00f3n de perfiles en la medida en que est\u00e9 relacionada con dicha mercadotecnia directa. Si se opone, sus datos personales dejar\u00e1n de utilizarse posteriormente con fines de publicidad directa (oposici\u00f3n con arreglo al art\u00edculo 21, apartado 2, de la DSGVO).<\/strong><\/p>\n<p><strong>Derecho de recurso ante la autoridad de control competente<\/strong><\/p>\n<p>En caso de infracci\u00f3n del RGPD, los interesados tendr\u00e1n derecho a recurrir ante una autoridad de control, en particular en el Estado miembro de su residencia habitual, su lugar de trabajo o el lugar de la presunta infracci\u00f3n. El derecho de recurso se entiende sin perjuicio de cualquier otro recurso administrativo o judicial.<\/p>\n<p><strong>Derecho a la portabilidad de los datos<\/strong><\/p>\n<p>Usted tiene derecho a que los datos que tratamos autom\u00e1ticamente sobre la base de su consentimiento o en cumplimiento de un contrato le sean entregados a usted o a un tercero en un formato com\u00fan legible por m\u00e1quina. Si solicita la transferencia directa de los datos a otro responsable del tratamiento, s\u00f3lo se har\u00e1 en la medida en que sea t\u00e9cnicamente viable.<\/p>\n<p><strong>Cifrado SSL o TLS<\/strong><\/p>\n<p>Por razones de seguridad y para proteger la transmisi\u00f3n de contenidos confidenciales, como pedidos o consultas que nos env\u00ede como operador del sitio, este sitio utiliza cifrado SSL o TLS. Puede reconocer una conexi\u00f3n cifrada por el hecho de que la l\u00ednea de direcci\u00f3n del navegador cambia de \"http:\/\/\" a \"https:\/\/\" y por el s\u00edmbolo del candado en la l\u00ednea de su navegador.<\/p>\n<p>Si el cifrado SSL o TLS est\u00e1 activado, los datos que nos transmita no podr\u00e1n ser le\u00eddos por terceros.<\/p>\n<p><strong>Informaci\u00f3n, bloqueo, supresi\u00f3n y correcci\u00f3n<\/strong><\/p>\n<p>En el marco de las disposiciones legales aplicables, usted tiene derecho en todo momento a la libre informaci\u00f3n sobre sus datos personales almacenados, su origen y destinatario y la finalidad del tratamiento de datos y, en su caso, derecho a la rectificaci\u00f3n, bloqueo o supresi\u00f3n de estos datos. Con este fin, as\u00ed como para otras cuestiones sobre el tema de los datos personales, puede ponerse en contacto con nosotros en cualquier momento en la direcci\u00f3n indicada en el pie de imprenta.<\/p>\n<p><strong>Derecho a restringir el tratamiento<\/strong><\/p>\n<p>Tiene derecho a solicitar la limitaci\u00f3n del tratamiento de sus datos personales. Para ello, puede ponerse en contacto con nosotros en cualquier momento en la direcci\u00f3n que figura en el pie de imprenta. El derecho a la limitaci\u00f3n del tratamiento existe en los siguientes casos:<\/p>\n<ul>\n<li>Si impugna la exactitud de sus datos personales almacenados por nosotros, normalmente necesitamos tiempo para comprobarlo. Mientras dure la comprobaci\u00f3n, tiene derecho a solicitar la restricci\u00f3n del tratamiento de sus datos personales.<\/li>\n<li>Si el tratamiento de sus datos personales se ha producido o se est\u00e1 produciendo de forma il\u00edcita, puede solicitar la limitaci\u00f3n del tratamiento de datos en lugar de su supresi\u00f3n.<\/li>\n<li>Si ya no necesitamos sus datos personales, pero usted los necesita para ejercer, defender o hacer valer reclamaciones legales, tiene derecho a solicitar la restricci\u00f3n del tratamiento de sus datos personales en lugar de su supresi\u00f3n.<\/li>\n<li>Si ha presentado una objeci\u00f3n con arreglo al art\u00edculo 21, apartado 1, de la DSGVO, deber\u00e1 llevarse a cabo una ponderaci\u00f3n de sus intereses y los nuestros. Mientras no se haya determinado qu\u00e9 intereses prevalecen, usted tiene derecho a exigir la limitaci\u00f3n del tratamiento de sus datos personales.<\/li>\n<\/ul>\n<p>Si ha restringido el tratamiento de sus datos personales, dichos datos, adem\u00e1s de almacenarse, s\u00f3lo podr\u00e1n tratarse con su consentimiento o para el reconocimiento, ejercicio o defensa de un derecho en un procedimiento judicial o para la protecci\u00f3n de los derechos de otra persona f\u00edsica o jur\u00eddica o por razones de inter\u00e9s p\u00fablico importantes de la Uni\u00f3n Europea o de un Estado miembro.<\/p>\n<p><strong>Objeci\u00f3n a los correos electr\u00f3nicos publicitarios<\/strong><\/p>\n<p>Queda prohibido el uso de los datos de contacto publicados en el marco de la obligaci\u00f3n de pie de imprenta para el env\u00edo de material publicitario e informativo que no haya sido expresamente solicitado. Los operadores de las p\u00e1ginas se reservan expresamente el derecho a emprender acciones legales en caso de env\u00edo no solicitado de informaci\u00f3n publicitaria, como correos electr\u00f3nicos basura.<\/p>\n<p><strong>3. recogida de datos en nuestro sitio web<\/strong><\/p>\n<p><strong>Cookies<\/strong><\/p>\n<p>Algunas p\u00e1ginas de Internet utilizan las denominadas cookies. Las cookies no causan ning\u00fan da\u00f1o a su ordenador y no contienen virus. Las cookies sirven para hacer nuestra oferta m\u00e1s f\u00e1cil de usar, eficaz y segura. Las cookies son peque\u00f1os archivos de texto que se almacenan en su ordenador y que guarda su navegador.<\/p>\n<p>La mayor\u00eda de las cookies que utilizamos son las denominadas \"cookies de sesi\u00f3n\". Se eliminan autom\u00e1ticamente al final de su visita. Otras cookies permanecen almacenadas en su dispositivo terminal hasta que usted las borra. Estas cookies nos permiten reconocer su navegador en su pr\u00f3xima visita.<\/p>\n<p>Puede configurar su navegador para que le informe sobre la instalaci\u00f3n de cookies y permitirlas s\u00f3lo en casos individuales, excluir la aceptaci\u00f3n de cookies para determinados casos o en general y activar la eliminaci\u00f3n autom\u00e1tica de cookies al cerrar el navegador. Si desactiva las cookies, la funcionalidad de este sitio web puede verse limitada.<\/p>\n<p>Las cookies que son necesarias para llevar a cabo el proceso de comunicaci\u00f3n electr\u00f3nica o para proporcionar ciertas funciones que usted ha solicitado (por ejemplo, la funci\u00f3n de carrito de la compra) se almacenan sobre la base del art. 6 (1) lit. f DSGVO. El operador del sitio web tiene un inter\u00e9s leg\u00edtimo en almacenar cookies para la prestaci\u00f3n t\u00e9cnicamente libre de errores y optimizada de sus servicios. En la medida en que se almacenen otras cookies (por ejemplo, cookies para analizar su comportamiento de navegaci\u00f3n), \u00e9stas se tratan por separado en esta declaraci\u00f3n de protecci\u00f3n de datos.<\/p>\n<p><strong>Archivos de registro del servidor<\/strong><\/p>\n<p>El proveedor de las p\u00e1ginas recoge y almacena autom\u00e1ticamente informaci\u00f3n en los denominados archivos de registro del servidor, que su navegador nos transmite autom\u00e1ticamente. \u00c9stos son:<\/p>\n<ul>\n<li>Tipo y versi\u00f3n de navegador<\/li>\n<li>Sistema operativo utilizado<\/li>\n<li>URL de referencia<\/li>\n<li>Nombre de host del ordenador de acceso<\/li>\n<li>Hora de la solicitud al servidor<\/li>\n<li>Direcci\u00f3n IP<\/li>\n<\/ul>\n<p>Estos datos no se fusionan con otras fuentes de datos.<\/p>\n<p>La recopilaci\u00f3n de estos datos se basa en el art\u00edculo 6, apartado 1, letra f del DSGVO. El operador del sitio web tiene un inter\u00e9s leg\u00edtimo en la presentaci\u00f3n t\u00e9cnicamente libre de errores y la optimizaci\u00f3n de su sitio web - con este fin, los archivos de registro del servidor deben ser recogidos.<\/p>\n<p><strong>Formulario de contacto<\/strong><\/p>\n<p>Si nos env\u00eda consultas a trav\u00e9s del formulario de contacto, sus datos del formulario de consulta, incluidos los datos de contacto que nos facilite en \u00e9l, ser\u00e1n almacenados por nosotros con el fin de tramitar la consulta y en caso de preguntas de seguimiento. No transmitimos estos datos sin su consentimiento.<\/p>\n<p>Por tanto, el tratamiento de los datos introducidos en el formulario de contacto se basa exclusivamente en su consentimiento (art. 6, apdo. 1 lit. a DSGVO). Puede revocar este consentimiento en cualquier momento. Para ello, basta con que nos lo comunique por correo electr\u00f3nico. La legalidad de las operaciones de tratamiento de datos realizadas hasta la revocaci\u00f3n no se ver\u00e1 afectada por \u00e9sta.<\/p>\n<p>Los datos que introduzca en el formulario de contacto permanecer\u00e1n con nosotros hasta que nos solicite que los eliminemos, revoque su consentimiento para almacenarlos o deje de aplicarse el prop\u00f3sito para el que fueron almacenados (por ejemplo, despu\u00e9s de que hayamos terminado de procesar su consulta). Las disposiciones legales obligatorias, en particular los periodos de conservaci\u00f3n, no se ver\u00e1n afectadas.<\/p>\n<p><strong>4. plugins y herramientas<\/strong><\/p>\n<p><strong>Google Maps<\/strong><\/p>\n<p>Este sitio utiliza el servicio de mapas Google Maps a trav\u00e9s de una API. El proveedor es Google Inc, 1600 Amphitheatre Parkway, Mountain View, CA 94043, EE.UU..<\/p>\n<p>Para utilizar las funciones de Google Maps, es necesario guardar su direcci\u00f3n IP. Por lo general, esta informaci\u00f3n se transmite a un servidor de Google en EE.UU. y se almacena all\u00ed. El proveedor de este sitio no tiene ninguna influencia sobre esta transmisi\u00f3n de datos.<\/p>\n<p>Google Maps se utiliza en inter\u00e9s de una presentaci\u00f3n atractiva de nuestras ofertas en l\u00ednea y para facilitar la b\u00fasqueda de los lugares que hemos indicado en el sitio web. Esto constituye un inter\u00e9s leg\u00edtimo en el sentido del art. 6 p\u00e1rr. 1 lit. f DSGVO.<\/p>\n<p>Encontrar\u00e1 m\u00e1s informaci\u00f3n sobre el tratamiento de los datos de los usuarios en la pol\u00edtica de privacidad de Google: <a href=\"https:\/\/policies.google.com\/privacy?hl=de\" target=\"_blank\" rel=\"noopener noreferrer\">https:\/\/policies.google.com\/privacy?hl=de<\/a>.<\/p>","protected":false},"excerpt":{"rendered":"<p>Pol\u00edtica de privacidad 1. La protecci\u00f3n de datos de un vistazo Informaci\u00f3n general La siguiente informaci\u00f3n ofrece una visi\u00f3n sencilla de lo que ocurre con sus datos personales cuando visita nuestro sitio web. Por datos personales se entiende cualquier dato que pueda utilizarse para identificarle personalmente. Encontrar\u00e1 informaci\u00f3n detallada sobre el tema de la protecci\u00f3n de datos en nuestra pol\u00edtica de...<\/p>","protected":false},"author":2,"featured_media":0,"parent":0,"menu_order":0,"comment_status":"closed","ping_status":"closed","template":"","meta":{"_et_pb_use_builder":"on","_et_pb_old_content":"","_et_gb_content_width":"","_monsterinsights_skip_tracking":false,"_monsterinsights_sitenote_active":false,"_monsterinsights_sitenote_note":"","_monsterinsights_sitenote_category":0,"_joinchat":[],"footnotes":""},"class_list":["post-8542","page","type-page","status-publish","hentry","latest_post"],"_links":{"self":[{"href":"http:\/\/kukuk.com\/es\/wp-json\/wp\/v2\/pages\/8542","targetHints":{"allow":["GET"]}}],"collection":[{"href":"http:\/\/kukuk.com\/es\/wp-json\/wp\/v2\/pages"}],"about":[{"href":"http:\/\/kukuk.com\/es\/wp-json\/wp\/v2\/types\/page"}],"author":[{"embeddable":true,"href":"http:\/\/kukuk.com\/es\/wp-json\/wp\/v2\/users\/2"}],"replies":[{"embeddable":true,"href":"http:\/\/kukuk.com\/es\/wp-json\/wp\/v2\/comments?post=8542"}],"version-history":[{"count":0,"href":"http:\/\/kukuk.com\/es\/wp-json\/wp\/v2\/pages\/8542\/revisions"}],"wp:attachment":[{"href":"http:\/\/kukuk.com\/es\/wp-json\/wp\/v2\/media?parent=8542"}],"curies":[{"name":"wp","href":"https:\/\/api.w.org\/{rel}","templated":true}]}}