{"id":10397,"date":"2020-11-20T16:35:57","date_gmt":"2020-11-20T15:35:57","guid":{"rendered":"https:\/\/www.kukuk.com\/?page_id=10397"},"modified":"2023-03-02T18:17:54","modified_gmt":"2023-03-02T17:17:54","slug":"kukuk","status":"publish","type":"page","link":"http:\/\/kukuk.com\/fr\/kukuk\/","title":{"rendered":"Film Kukuk"},"content":{"rendered":"<figure class=\"wp-block-image size-full\"><img loading=\"lazy\" decoding=\"async\" width=\"6400\" height=\"3600\" src=\"https:\/\/www.kukuk.com\/wp-content\/uploads\/Youtube-Titelbilder-Kukuk-YouTube-Displayanzeige-2.png\" alt=\"\" class=\"wp-image-15540\"\/><\/figure>\n\n\n\n<p class=\"has-text-align-center\">Un nouveau format que nous aimerions pr\u00e9senter \u00e0 <strong>You !<\/strong><\/p>\n\n\n\n<p class=\"has-text-align-center\">L'\u00e9quipe de Kukuk parcourt le monde pour effectuer des inspections m\u00e9dico-l\u00e9gales avant l'achat sur des voitures de collection rares et recherch\u00e9es, vintage et modernes, en explorant leur provenance, leur \u00e9tat et leur originalit\u00e9 jusque dans les moindres d\u00e9tails. <\/p>\n\n\n\n<p>Nous vous pr\u00e9senterons le monde de la restauration et de l'examen des voitures classiques, nous vous montrerons comment les voitures de collection peuvent \u00eatre restaur\u00e9es. <a rel=\"noreferrer noopener\" href=\"https:\/\/www.kukuk.com\/forensik\/\" target=\"_blank\">m\u00e9thodes m\u00e9dico-l\u00e9gales<\/a>Nous vous invitons \u00e0 partager des astuces et des hacks sur les voitures classiques et de sport, \u00e0 vous faire une id\u00e9e de l'industrie, \u00e0 discuter avec les meilleurs experts du monde de l'automobile et bien plus encore.<\/p>\n\n\n\n<p class=\"has-text-align-center\"><strong>And NOW we take you with us ! <\/strong><\/p>\n\n\n\n<div class=\"wp-block-columns is-layout-flex wp-container-core-columns-is-layout-9d6595d7 wp-block-columns-is-layout-flex\">\n<div class=\"wp-block-column is-layout-flow wp-block-column-is-layout-flow\">\n<figure class=\"wp-block-embed is-type-video is-provider-youtube wp-block-embed-youtube wp-embed-aspect-16-9 wp-has-aspect-ratio\"><div class=\"wp-block-embed__wrapper\">\n<iframe loading=\"lazy\" title=\"Petroltalk pour la pr\u00e9servation du patrimoine automobile au Drivers &amp; Business Club de Munich\" width=\"767\" height=\"431\" src=\"https:\/\/www.youtube.com\/embed\/jj9HdILWzOA?feature=oembed\" frameborder=\"0\" allow=\"accelerometer; autoplay; clipboard-write; encrypted-media; gyroscope; picture-in-picture; web-share\" allowfullscreen><\/iframe>\n<\/div><\/figure>\n\n\n\n<figure class=\"wp-block-embed is-type-video is-provider-youtube wp-block-embed-youtube wp-embed-aspect-16-9 wp-has-aspect-ratio\"><div class=\"wp-block-embed__wrapper\">\n<iframe loading=\"lazy\" title=\"Kukuk Christmas Tour 2021 - Christmastour with Piaggio Ape\" width=\"767\" height=\"431\" src=\"https:\/\/www.youtube.com\/embed\/gajJHq0TqDQ?feature=oembed\" frameborder=\"0\" allow=\"accelerometer; autoplay; clipboard-write; encrypted-media; gyroscope; picture-in-picture; web-share\" allowfullscreen><\/iframe>\n<\/div><figcaption><strong>Joyeux No\u00ebl et bonne ann\u00e9e ! <\/strong><\/figcaption><\/figure>\n\n\n\n<figure class=\"wp-block-embed is-type-video is-provider-youtube wp-block-embed-youtube wp-embed-aspect-16-9 wp-has-aspect-ratio\"><div class=\"wp-block-embed__wrapper\">\n<iframe loading=\"lazy\" title=\"REEL : 4 fa\u00e7ons d&#039;identifier un FAKE VIN NUMERO I TIKTOK\" width=\"767\" height=\"431\" src=\"https:\/\/www.youtube.com\/embed\/s2VN8gYQYoQ?feature=oembed\" frameborder=\"0\" allow=\"accelerometer; autoplay; clipboard-write; encrypted-media; gyroscope; picture-in-picture; web-share\" allowfullscreen><\/iframe>\n<\/div><figcaption>REEL : 4 fa\u00e7ons d'identifier rapidement un faux NUM\u00c9RO DE VIN<\/figcaption><\/figure>\n\n\n\n<figure class=\"wp-block-embed is-type-video is-provider-youtube wp-block-embed-youtube wp-embed-aspect-16-9 wp-has-aspect-ratio\"><div class=\"wp-block-embed__wrapper\">\n<iframe loading=\"lazy\" title=\"La bonne application de la peinture compte ! En collaboration avec OCC, nous visitons Standox I Lackieren I Oldtimer\" width=\"767\" height=\"431\" src=\"https:\/\/www.youtube.com\/embed\/zYKPc8MZpg0?feature=oembed\" frameborder=\"0\" allow=\"accelerometer; autoplay; clipboard-write; encrypted-media; gyroscope; picture-in-picture; web-share\" allowfullscreen><\/iframe>\n<\/div><figcaption>Plus que de la peinture - Nous visitons Standox en collaboration avec OCC Partie 2\/2<\/figcaption><\/figure>\n\n\n\n<figure class=\"wp-block-embed is-type-video is-provider-youtube wp-block-embed-youtube wp-embed-aspect-16-9 wp-has-aspect-ratio\"><div class=\"wp-block-embed__wrapper\">\n<iframe loading=\"lazy\" title=\"Examen de v\u00e9hicules, partie II - Cours : Restauration de v\u00e9hicules I TH K\u00f6ln I Fahrzeugtechnik I SS21\" width=\"767\" height=\"431\" src=\"https:\/\/www.youtube.com\/embed\/F8qkLlOd9fc?feature=oembed\" frameborder=\"0\" allow=\"accelerometer; autoplay; clipboard-write; encrypted-media; gyroscope; picture-in-picture; web-share\" allowfullscreen><\/iframe>\n<\/div><figcaption>Cours magistral, 2e partie<\/figcaption><\/figure>\n\n\n\n<figure class=\"wp-block-embed is-type-video is-provider-youtube wp-block-embed-youtube wp-embed-aspect-16-9 wp-has-aspect-ratio\"><div class=\"wp-block-embed__wrapper\">\n<iframe loading=\"lazy\" title=\"Un sourire pour P\u00e2ques avec notre #KukuksEi\" width=\"767\" height=\"431\" src=\"https:\/\/www.youtube.com\/embed\/T9dfwHlWIuE?feature=oembed\" frameborder=\"0\" allow=\"accelerometer; autoplay; clipboard-write; encrypted-media; gyroscope; picture-in-picture; web-share\" allowfullscreen><\/iframe>\n<\/div><figcaption>Joyeuses P\u00e2ques ? Nous offrons un sourire \u00e0 P\u00e2ques avec notre <a href=\"https:\/\/www.youtube.com\/hashtag\/kukuksei\">#KukuksOeuf<\/a>\u200b &nbsp;<\/figcaption><\/figure>\n\n\n\n<figure class=\"wp-block-embed is-type-video is-provider-youtube wp-block-embed-youtube wp-embed-aspect-16-9 wp-has-aspect-ratio\"><div class=\"wp-block-embed__wrapper\">\n<iframe loading=\"lazy\" title=\"(EN) D\u00e9tecter les faux num\u00e9ros de vin et le marquage avec l&#039;IRM ! I Kukuk I Innovative I Science and cars\" width=\"767\" height=\"431\" src=\"https:\/\/www.youtube.com\/embed\/nIuOJLN430U?feature=oembed\" frameborder=\"0\" allow=\"accelerometer; autoplay; clipboard-write; encrypted-media; gyroscope; picture-in-picture; web-share\" allowfullscreen><\/iframe>\n<\/div><figcaption>D\u00e9tecter les faux num\u00e9ros de vin et les estampiller avec l'IRM ! I Kukuk I Innovative I Science and cars I original<\/figcaption><\/figure>\n\n\n\n<figure class=\"wp-block-embed is-type-video is-provider-youtube wp-block-embed-youtube wp-embed-aspect-16-9 wp-has-aspect-ratio\"><div class=\"wp-block-embed__wrapper\">\n<iframe loading=\"lazy\" title=\"Last Christmas - Kukuk&#039;s Christmastour 2020\" width=\"767\" height=\"431\" src=\"https:\/\/www.youtube.com\/embed\/rv7IvmT9ndk?feature=oembed\" frameborder=\"0\" allow=\"accelerometer; autoplay; clipboard-write; encrypted-media; gyroscope; picture-in-picture; web-share\" allowfullscreen><\/iframe>\n<\/div><figcaption>Last Christmas - La tourn\u00e9e de No\u00ebl de Kukuk en 2020<\/figcaption><\/figure>\n\n\n\n<p><\/p>\n<\/div>\n\n\n\n<div class=\"wp-block-column is-layout-flow wp-block-column-is-layout-flow\">\n<figure class=\"wp-block-embed is-type-video is-provider-youtube wp-block-embed-youtube wp-embed-aspect-16-9 wp-has-aspect-ratio\"><div class=\"wp-block-embed__wrapper\">\n<iframe loading=\"lazy\" title=\"Premi\u00e8re peinture sur fibre de verre ? Pas de probl\u00e8me ! Nous rendons visite \u00e0 DP Motorsport en compagnie d&#039;OCC et d&#039;Elektrophysik (2\/2)\" width=\"767\" height=\"431\" src=\"https:\/\/www.youtube.com\/embed\/5w-Es3hPDNU?feature=oembed\" frameborder=\"0\" allow=\"accelerometer; autoplay; clipboard-write; encrypted-media; gyroscope; picture-in-picture; web-share\" allowfullscreen><\/iframe>\n<\/div><figcaption>Mesure de l'\u00e9paisseur de la couche de peinture sur PRV et PRFC - Nous visitons avec OCC et ElektroPhysik la soci\u00e9t\u00e9 DP Motorsport (partie 2\/2)<\/figcaption><\/figure>\n\n\n\n<figure class=\"wp-block-embed is-type-video is-provider-youtube wp-block-embed-youtube wp-embed-aspect-16-9 wp-has-aspect-ratio\"><div class=\"wp-block-embed__wrapper\">\n<iframe loading=\"lazy\" title=\"La peinture automobile - plus que de la peinture ! En collaboration avec OCC, nous visitons Standox I Lackieren I Oldtimer\" width=\"767\" height=\"431\" src=\"https:\/\/www.youtube.com\/embed\/kdag628LFNY?feature=oembed\" frameborder=\"0\" allow=\"accelerometer; autoplay; clipboard-write; encrypted-media; gyroscope; picture-in-picture; web-share\" allowfullscreen><\/iframe>\n<\/div><figcaption>Plus que de la peinture - Nous visitons Standox en collaboration avec OCC Partie 1\/2<\/figcaption><\/figure>\n\n\n\n<figure class=\"wp-block-embed is-type-video is-provider-youtube wp-block-embed-youtube wp-embed-aspect-16-9 wp-has-aspect-ratio\"><div class=\"wp-block-embed__wrapper\">\n<iframe loading=\"lazy\" title=\"Examen de v\u00e9hicules, partie I - Cours : Restauration de v\u00e9hicules I TH K\u00f6ln I Fahrzeugtechnik I SS21\" width=\"767\" height=\"431\" src=\"https:\/\/www.youtube.com\/embed\/QF2aurgxFmc?feature=oembed\" frameborder=\"0\" allow=\"accelerometer; autoplay; clipboard-write; encrypted-media; gyroscope; picture-in-picture; web-share\" allowfullscreen><\/iframe>\n<\/div><figcaption>Cours magistral 1\u00e8re partie<\/figcaption><\/figure>\n\n\n\n<figure class=\"wp-block-embed is-type-video is-provider-youtube wp-block-embed-youtube wp-embed-aspect-16-9 wp-has-aspect-ratio\"><div class=\"wp-block-embed__wrapper\">\n<iframe loading=\"lazy\" title=\"(DE) Kukuk Film : MRT - Is the VIN number a fake ? Nous le r\u00e9v\u00e9lons ! C-Type | Science &amp; Forensic\" width=\"767\" height=\"431\" src=\"https:\/\/www.youtube.com\/embed\/8n3V50DPHMk?start=80&#038;feature=oembed\" frameborder=\"0\" allow=\"accelerometer; autoplay; clipboard-write; encrypted-media; gyroscope; picture-in-picture; web-share\" allowfullscreen><\/iframe>\n<\/div><figcaption>M\u00e9thode de r\u00e9sonance magn\u00e9tique<\/figcaption><\/figure>\n\n\n\n<figure class=\"wp-block-embed is-type-video is-provider-youtube wp-block-embed-youtube wp-embed-aspect-16-9 wp-has-aspect-ratio\"><div class=\"wp-block-embed__wrapper\">\n<iframe loading=\"lazy\" title=\"La BMW E9 3.0 CSL a-t-elle des t\u00f4les fines ? Ultrasons pour la mesure de la carrosserie &amp; du cadre \/ Ingenieurb\u00fcro Kukuk\" width=\"767\" height=\"431\" src=\"https:\/\/www.youtube.com\/embed\/RvpYc0ZmA2c?feature=oembed\" frameborder=\"0\" allow=\"accelerometer; autoplay; clipboard-write; encrypted-media; gyroscope; picture-in-picture; web-share\" allowfullscreen><\/iframe>\n<\/div><figcaption>Kukuk @ BMW Group Classic : Mesure par ultrasons pour d\u00e9terminer l'\u00e9paisseur du mat\u00e9riau<\/figcaption><\/figure>\n\n\n\n<figure class=\"wp-block-embed is-type-video is-provider-youtube wp-block-embed-youtube wp-embed-aspect-16-9 wp-has-aspect-ratio\"><div class=\"wp-block-embed__wrapper\">\n<iframe loading=\"lazy\" title=\"Nouvelle ann\u00e9e 2021 - Happy Good Year Tour\" width=\"767\" height=\"431\" src=\"https:\/\/www.youtube.com\/embed\/Rg71veKp3jA?feature=oembed\" frameborder=\"0\" allow=\"accelerometer; autoplay; clipboard-write; encrypted-media; gyroscope; picture-in-picture; web-share\" allowfullscreen><\/iframe>\n<\/div><figcaption>Nouvelle ann\u00e9e 2021 - Happy Good Year Tour<\/figcaption><\/figure>\n\n\n\n<figure class=\"wp-block-embed is-type-video is-provider-youtube wp-block-embed-youtube wp-embed-aspect-16-9 wp-has-aspect-ratio\"><div class=\"wp-block-embed__wrapper\">\n<iframe loading=\"lazy\" title=\"(DE) Laura&#039;s Garage - Restoration Progress x Luli&#039;co: Laura lackiert ihren Fiat 600 von 1957\" width=\"767\" height=\"431\" src=\"https:\/\/www.youtube.com\/embed\/MGFtXJ0WMlQ?feature=oembed\" frameborder=\"0\" allow=\"accelerometer; autoplay; clipboard-write; encrypted-media; gyroscope; picture-in-picture; web-share\" allowfullscreen><\/iframe>\n<\/div><figcaption>Processus de peinture de la Fiat 600<\/figcaption><\/figure>\n<\/div>\n\n\n\n<div class=\"wp-block-column is-layout-flow wp-block-column-is-layout-flow\">\n<figure class=\"wp-block-embed is-type-video is-provider-youtube wp-block-embed-youtube wp-embed-aspect-16-9 wp-has-aspect-ratio\"><div class=\"wp-block-embed__wrapper\">\n<iframe loading=\"lazy\" title=\"Mesurer l&#039;\u00e9paisseur d&#039;une couche \u00e0 l&#039;aide d&#039;ultrasons ! En collaboration avec OCC, nous visitons ElektroPhysik (partie 1\/2)\" width=\"767\" height=\"431\" src=\"https:\/\/www.youtube.com\/embed\/72WoaaT0mxc?feature=oembed\" frameborder=\"0\" allow=\"accelerometer; autoplay; clipboard-write; encrypted-media; gyroscope; picture-in-picture; web-share\" allowfullscreen><\/iframe>\n<\/div><figcaption>Mesure de l'\u00e9paisseur de la couche de peinture - quels sont les proc\u00e9d\u00e9s existants, o\u00f9 et comment sont fabriqu\u00e9s les appareils et quelles sont les possibilit\u00e9s qui s'offrent \u00e0 moi avec une telle mesure ? Nous visitons avec OCC l'entreprise ElektroPhysik \u00e0 Cologne (partie 1\/2)<\/figcaption><\/figure>\n\n\n\n<figure class=\"wp-block-embed is-type-video is-provider-youtube wp-block-embed-youtube wp-embed-aspect-16-9 wp-has-aspect-ratio\"><div class=\"wp-block-embed__wrapper\">\n<iframe loading=\"lazy\" title=\"Examen de v\u00e9hicules, partie III - Cours : Restauration de v\u00e9hicules I TH K\u00f6ln I Fahrzeugtechnik I SS21\" width=\"767\" height=\"431\" src=\"https:\/\/www.youtube.com\/embed\/0DyAwNZBVBs?feature=oembed\" frameborder=\"0\" allow=\"accelerometer; autoplay; clipboard-write; encrypted-media; gyroscope; picture-in-picture; web-share\" allowfullscreen><\/iframe>\n<\/div><figcaption>Cours partie 3<\/figcaption><\/figure>\n\n\n\n<figure class=\"wp-block-embed is-type-video is-provider-youtube wp-block-embed-youtube wp-embed-aspect-16-9 wp-has-aspect-ratio\"><div class=\"wp-block-embed__wrapper\">\n<iframe loading=\"lazy\" title=\"(EN) Laura&#039;s Garage - Restoration Progress: Laura spray paints her Fiat 600 from 1957 I English\" width=\"767\" height=\"431\" src=\"https:\/\/www.youtube.com\/embed\/nfi42_C7Oig?feature=oembed\" frameborder=\"0\" allow=\"accelerometer; autoplay; clipboard-write; encrypted-media; gyroscope; picture-in-picture; web-share\" allowfullscreen><\/iframe>\n<\/div><figcaption>Processus de peinture (English)<\/figcaption><\/figure>\n\n\n\n<figure class=\"wp-block-embed is-type-video is-provider-youtube wp-block-embed-youtube wp-embed-aspect-16-9 wp-has-aspect-ratio\"><div class=\"wp-block-embed__wrapper\">\n<iframe loading=\"lazy\" title=\"Une affaire de graisse - Le monde de l&#039;analyse des lubrifiants \/ Ingenieurb\u00fcro Kukuk\" width=\"767\" height=\"431\" src=\"https:\/\/www.youtube.com\/embed\/t7PP1_A3or4?feature=oembed\" frameborder=\"0\" allow=\"accelerometer; autoplay; clipboard-write; encrypted-media; gyroscope; picture-in-picture; web-share\" allowfullscreen><\/iframe>\n<\/div><figcaption>Kukuk @ Oelcheck : Le monde de l'analyse des lubrifiants<\/figcaption><\/figure>\n\n\n\n<figure class=\"wp-block-embed is-type-video is-provider-youtube wp-block-embed-youtube wp-embed-aspect-16-9 wp-has-aspect-ratio\"><div class=\"wp-block-embed__wrapper\">\n<iframe loading=\"lazy\" title=\"Last Christmas - Kukuk&#039;s Christmastour on motorbikes 2020\" width=\"767\" height=\"431\" src=\"https:\/\/www.youtube.com\/embed\/d1CbRNKonP4?feature=oembed\" frameborder=\"0\" allow=\"accelerometer; autoplay; clipboard-write; encrypted-media; gyroscope; picture-in-picture; web-share\" allowfullscreen><\/iframe>\n<\/div><figcaption>Last Christmas - Le tour de No\u00ebl de Kukuk en motos 2020<\/figcaption><\/figure>\n\n\n\n<figure class=\"wp-block-embed is-type-video is-provider-youtube wp-block-embed-youtube wp-embed-aspect-16-9 wp-has-aspect-ratio\"><div class=\"wp-block-embed__wrapper\">\n<iframe loading=\"lazy\" title=\"Classics-to-Click 2021 I Authentification et conservation des voitures anciennes I MRT I Kukuk I #EchtOCC\" width=\"767\" height=\"431\" src=\"https:\/\/www.youtube.com\/embed\/m6GGvasbbus?feature=oembed\" frameborder=\"0\" allow=\"accelerometer; autoplay; clipboard-write; encrypted-media; gyroscope; picture-in-picture; web-share\" allowfullscreen><\/iframe>\n<\/div><figcaption>Classics-to-Click 2021<\/figcaption><\/figure>\n\n\n\n<figure class=\"wp-block-embed is-type-video is-provider-youtube wp-block-embed-youtube wp-embed-aspect-16-9 wp-has-aspect-ratio\"><div class=\"wp-block-embed__wrapper\">\n<iframe loading=\"lazy\" title=\"Analyse spectrale : nous allons sous la peau ! L&#039;analyse des mat\u00e9riaux pour d\u00e9terminer l&#039;\u00e2ge\" width=\"767\" height=\"431\" src=\"https:\/\/www.youtube.com\/embed\/S964qrMXcvk?feature=oembed\" frameborder=\"0\" allow=\"accelerometer; autoplay; clipboard-write; encrypted-media; gyroscope; picture-in-picture; web-share\" allowfullscreen><\/iframe>\n<\/div><figcaption>Kukuk @ B&amp;F Touring-Garage : L'analyse spectrale pour d\u00e9terminer la composition des mat\u00e9riaux<\/figcaption><\/figure>\n<\/div>\n<\/div>\n\n\n\n<p class=\"has-text-align-center\">Tous nos films sont produits par <a rel=\"noreferrer noopener\" href=\"http:\/\/www.niclasvonglahn.com\" target=\"_blank\">Niclas von Glahn<\/a> <\/p>\n\n\n\n<h3 class=\"has-text-align-center wp-block-heading\">Vid\u00e9os int\u00e9ressantes et historiques<\/h3>\n\n\n\n<div class=\"wp-block-columns is-layout-flex wp-container-core-columns-is-layout-9d6595d7 wp-block-columns-is-layout-flex\">\n<div class=\"wp-block-column is-layout-flow wp-block-column-is-layout-flow\">\n<figure class=\"wp-block-video\"><video controls src=\"https:\/\/www.kukuk.com\/wp-content\/uploads\/CZRW1713-1.mp4\"><\/video><figcaption>Test drive with the Renault Alpine in Lech, Austria <br>Partie 1\/2<\/figcaption><\/figure>\n\n\n\n<figure class=\"wp-block-video\"><video controls src=\"https:\/\/www.kukuk.com\/wp-content\/uploads\/BNUY4599-1.mp4\"><\/video><figcaption>Test drive with the Renault Alpine in Lech, Austria<br>Partie 2\/2<\/figcaption><\/figure>\n<\/div>\n\n\n\n<div class=\"wp-block-column is-layout-flow wp-block-column-is-layout-flow\">\n<figure class=\"wp-block-embed is-type-video is-provider-youtube wp-block-embed-youtube wp-embed-aspect-16-9 wp-has-aspect-ratio\"><div class=\"wp-block-embed__wrapper\">\n<iframe loading=\"lazy\" title=\"Porsche 356 Carrera Speedster Zagato : Sanction Lost\" width=\"767\" height=\"431\" src=\"https:\/\/www.youtube.com\/embed\/BVXlN1AG064?feature=oembed\" frameborder=\"0\" allow=\"accelerometer; autoplay; clipboard-write; encrypted-media; gyroscope; picture-in-picture; web-share\" allowfullscreen><\/iframe>\n<\/div><figcaption>Regardez \u00e0 partir de la 5e minute et suivez le processus que nous utilisons souvent aussi : Transformer des images originales en un mod\u00e8le num\u00e9rique -&gt; id\u00e9al pour comparer un corps\/cadre excentr\u00e9 et v\u00e9rifier son authenticit\u00e9 ou en fabriquer un nouveau<\/figcaption><\/figure>\n\n\n\n<figure class=\"wp-block-embed is-type-video is-provider-youtube wp-block-embed-youtube wp-embed-aspect-16-9 wp-has-aspect-ratio\"><div class=\"wp-block-embed__wrapper\">\n<iframe loading=\"lazy\" title=\"R\u00e9alisation de l&#039;Alfa Romeo Disco Volante par Touring\" width=\"767\" height=\"431\" src=\"https:\/\/www.youtube.com\/embed\/hOnj4PZC2Lk?feature=oembed\" frameborder=\"0\" allow=\"accelerometer; autoplay; clipboard-write; encrypted-media; gyroscope; picture-in-picture; web-share\" allowfullscreen><\/iframe>\n<\/div><figcaption>R\u00e9alisation de l'Alfa Romeo Disco Volante par Touring<\/figcaption><\/figure>\n\n\n\n<figure class=\"wp-block-video\"><video height=\"360\" style=\"aspect-ratio: 450 \/ 360;\" width=\"450\" controls src=\"https:\/\/www.kukuk.com\/wp-content\/uploads\/Bergamo-Historic-Gran-Prix-Storico-1.mov\"><\/video><figcaption>Bergamo Historic Gran Prix Storico<\/figcaption><\/figure>\n\n\n\n<figure class=\"wp-block-video\"><video controls src=\"https:\/\/www.kukuk.com\/wp-content\/uploads\/1.mp4\"><\/video><figcaption>Porsche : Made by Hand 1\/5<\/figcaption><\/figure>\n\n\n\n<figure class=\"wp-block-video\"><video height=\"360\" style=\"aspect-ratio: 480 \/ 360;\" width=\"480\" controls src=\"https:\/\/www.kukuk.com\/wp-content\/uploads\/2.mp4\"><\/video><figcaption>Porsche : Made by Hand 2\/5<\/figcaption><\/figure>\n\n\n\n<figure class=\"wp-block-video\"><video height=\"360\" style=\"aspect-ratio: 480 \/ 360;\" width=\"480\" controls src=\"https:\/\/www.kukuk.com\/wp-content\/uploads\/3.mp4\"><\/video><figcaption>Porsche : Made by Hand 3\/5<\/figcaption><\/figure>\n\n\n\n<figure class=\"wp-block-video\"><video height=\"360\" style=\"aspect-ratio: 480 \/ 360;\" width=\"480\" controls src=\"https:\/\/www.kukuk.com\/wp-content\/uploads\/4.mp4\"><\/video><figcaption>Porsche : Made by Hand 4\/5<\/figcaption><\/figure>\n\n\n\n<figure class=\"wp-block-video\"><video height=\"360\" style=\"aspect-ratio: 480 \/ 360;\" width=\"480\" controls src=\"https:\/\/www.kukuk.com\/wp-content\/uploads\/5.mp4\"><\/video><figcaption>Porsche : Made by Hand 5\/5<\/figcaption><\/figure>\n<\/div>\n<\/div>","protected":false},"excerpt":{"rendered":"<p>Un nouveau format que nous aimerions vous pr\u00e9senter ! L'\u00e9quipe Kukuk parcourt le monde pour effectuer des inspections forensiques avant-vente sur des voitures de collection rares et recherch\u00e9es, vintage et modernes, en explorant leur provenance, leur \u00e9tat et leur originalit\u00e9 jusque dans les moindres d\u00e9tails. Nous vous pr\u00e9senterons le monde des voitures classiques ... <\/p>","protected":false},"author":3,"featured_media":15540,"parent":0,"menu_order":0,"comment_status":"closed","ping_status":"closed","template":"","meta":{"_et_pb_use_builder":"","_et_pb_old_content":"","_et_gb_content_width":"","_monsterinsights_skip_tracking":false,"_monsterinsights_sitenote_active":false,"_monsterinsights_sitenote_note":"","_monsterinsights_sitenote_category":0,"_joinchat":[],"footnotes":""},"class_list":["post-10397","page","type-page","status-publish","has-post-thumbnail","hentry","latest_post"],"_links":{"self":[{"href":"http:\/\/kukuk.com\/fr\/wp-json\/wp\/v2\/pages\/10397","targetHints":{"allow":["GET"]}}],"collection":[{"href":"http:\/\/kukuk.com\/fr\/wp-json\/wp\/v2\/pages"}],"about":[{"href":"http:\/\/kukuk.com\/fr\/wp-json\/wp\/v2\/types\/page"}],"author":[{"embeddable":true,"href":"http:\/\/kukuk.com\/fr\/wp-json\/wp\/v2\/users\/3"}],"replies":[{"embeddable":true,"href":"http:\/\/kukuk.com\/fr\/wp-json\/wp\/v2\/comments?post=10397"}],"version-history":[{"count":0,"href":"http:\/\/kukuk.com\/fr\/wp-json\/wp\/v2\/pages\/10397\/revisions"}],"wp:featuredmedia":[{"embeddable":true,"href":"http:\/\/kukuk.com\/fr\/wp-json\/wp\/v2\/media\/15540"}],"wp:attachment":[{"href":"http:\/\/kukuk.com\/fr\/wp-json\/wp\/v2\/media?parent=10397"}],"curies":[{"name":"wp","href":"https:\/\/api.w.org\/{rel}","templated":true}]}}