{"id":13096,"date":"2021-12-03T11:09:42","date_gmt":"2021-12-03T10:09:42","guid":{"rendered":"https:\/\/www.kukuk.com\/?page_id=13096"},"modified":"2023-06-07T20:14:41","modified_gmt":"2023-06-07T18:14:41","slug":"documents-2","status":"publish","type":"page","link":"http:\/\/kukuk.com\/fr\/dokumente\/","title":{"rendered":"Documents"},"content":{"rendered":"<div class=\"wp-block-columns is-layout-flex wp-container-core-columns-is-layout-9d6595d7 wp-block-columns-is-layout-flex\">\n<div class=\"wp-block-column is-layout-flow wp-block-column-is-layout-flow\">\n<div data-wp-interactive=\"core\/file\" class=\"wp-block-file\"><object data-wp-bind--hidden=\"!state.hasPdfPreview\" hidden class=\"wp-block-file__embed\" data=\"https:\/\/kukuk.com\/wp-content\/uploads\/Auftragserteilung-Oldtimer_Kukuk.pdf\" type=\"application\/pdf\" style=\"width:100%;height:600px\" aria-label=\"Contenu embarqu\u00e9 Passation de commande Oldtimer_Kukuk.\"><\/object><a id=\"wp-block-file--media-78bd2226-a173-4588-8c14-c28563b919c4\" href=\"https:\/\/kukuk.com\/wp-content\/uploads\/Auftragserteilung-Oldtimer_Kukuk.pdf\">Passation de commande Oldtimer_Kukuk<\/a><a href=\"https:\/\/kukuk.com\/wp-content\/uploads\/Auftragserteilung-Oldtimer_Kukuk.pdf\" class=\"wp-block-file__button wp-element-button\" download aria-describedby=\"wp-block-file--media-78bd2226-a173-4588-8c14-c28563b919c4\">T\u00e9l\u00e9charger<\/a><\/div>\n\n\n\n<div data-wp-interactive=\"core\/file\" class=\"wp-block-file\"><object data-wp-bind--hidden=\"!state.hasPdfPreview\" hidden class=\"wp-block-file__embed\" data=\"https:\/\/kukuk.com\/wp-content\/uploads\/BVSK-Honorarbefragung-2023_Kukuk.pdf\" type=\"application\/pdf\" style=\"width:100%;height:600px\" aria-label=\"Contenu embarqu\u00e9 BVSK - Enqu\u00eate sur les honoraires 2023_Kukuk.\"><\/object><a id=\"wp-block-file--media-a4e511c4-ba9b-4f81-9dcc-13472fe0b263\" href=\"https:\/\/kukuk.com\/wp-content\/uploads\/BVSK-Honorarbefragung-2023_Kukuk.pdf\">BVSK - Enqu\u00eate sur les honoraires 2023_Kukuk<\/a><a href=\"https:\/\/kukuk.com\/wp-content\/uploads\/BVSK-Honorarbefragung-2023_Kukuk.pdf\" class=\"wp-block-file__button wp-element-button\" download aria-describedby=\"wp-block-file--media-a4e511c4-ba9b-4f81-9dcc-13472fe0b263\">T\u00e9l\u00e9charger<\/a><\/div>\n<\/div>\n\n\n\n<div class=\"wp-block-column is-layout-flow wp-block-column-is-layout-flow\">\n<div data-wp-interactive=\"core\/file\" class=\"wp-block-file\"><object data-wp-bind--hidden=\"!state.hasPdfPreview\" hidden class=\"wp-block-file__embed\" data=\"https:\/\/kukuk.com\/wp-content\/uploads\/Order-Placement_Certification_Kukuk.pdf\" type=\"application\/pdf\" style=\"width:100%;height:600px\" aria-label=\"Contenu embarqu\u00e9 Ordre Placement_Certification_Kukuk.\"><\/object><a id=\"wp-block-file--media-13ba20d7-4c14-4102-a64c-2d412b60831f\" href=\"https:\/\/kukuk.com\/wp-content\/uploads\/Order-Placement_Certification_Kukuk.pdf\">Order Placement_Certification_Kukuk<\/a><a href=\"https:\/\/kukuk.com\/wp-content\/uploads\/Order-Placement_Certification_Kukuk.pdf\" class=\"wp-block-file__button wp-element-button\" download aria-describedby=\"wp-block-file--media-13ba20d7-4c14-4102-a64c-2d412b60831f\">T\u00e9l\u00e9charger<\/a><\/div>\n\n\n\n<figure class=\"wp-block-image size-full\"><a href=\"https:\/\/www.kukuk.com\/wp-content\/uploads\/rk\u00fc.jpg\"><img loading=\"lazy\" decoding=\"async\" width=\"767\" height=\"1024\" src=\"https:\/\/www.kukuk.com\/wp-content\/uploads\/9-1.jpg\" alt=\"\" class=\"wp-image-13112\" srcset=\"https:\/\/kukuk.com\/wp-content\/uploads\/9-1.jpg 767w, https:\/\/kukuk.com\/wp-content\/uploads\/9-1-225x300.jpg 225w, https:\/\/kukuk.com\/wp-content\/uploads\/9-1-45x60.jpg 45w\" sizes=\"(max-width: 767px) 100vw, 767px\" \/><\/a><figcaption class=\"wp-element-caption\">D\u00e9claration de prise en charge des frais de r\u00e9paration (CRF)<\/figcaption><\/figure>\n\n\n\n<figure class=\"wp-block-image size-large\"><a href=\"https:\/\/www.kukuk.com\/wp-content\/uploads\/Widerrufsformular-1.pdf\"><img loading=\"lazy\" decoding=\"async\" width=\"626\" height=\"1024\" src=\"https:\/\/www.kukuk.com\/wp-content\/uploads\/6-1-626x1024.jpg\" alt=\"\" class=\"wp-image-13107\" srcset=\"https:\/\/kukuk.com\/wp-content\/uploads\/6-1-626x1024.jpg 626w, https:\/\/kukuk.com\/wp-content\/uploads\/6-1-183x300.jpg 183w, https:\/\/kukuk.com\/wp-content\/uploads\/6-1-37x60.jpg 37w, https:\/\/kukuk.com\/wp-content\/uploads\/6-1.jpg 699w\" sizes=\"(max-width: 626px) 100vw, 626px\" \/><\/a><figcaption class=\"wp-element-caption\">Formulaire de r\u00e9tractation<\/figcaption><\/figure>\n<\/div>\n\n\n\n<div class=\"wp-block-column is-layout-flow wp-block-column-is-layout-flow\">\n<div data-wp-interactive=\"core\/file\" class=\"wp-block-file\"><object data-wp-bind--hidden=\"!state.hasPdfPreview\" hidden class=\"wp-block-file__embed\" data=\"https:\/\/kukuk.com\/wp-content\/uploads\/Abtretung-_Honorarvereinbarung_2023_Kukuk-NEU-11.05.2023.pdf\" type=\"application\/pdf\" style=\"width:100%;height:600px\" aria-label=\"Contenu embarqu\u00e9 Cession _Convention d&#039;honoraires_2023_Kukuk NOUVEAU 11.05.2023.\"><\/object><a id=\"wp-block-file--media-9e4869c7-d213-4ef2-b50a-513df6339bd5\" href=\"https:\/\/kukuk.com\/wp-content\/uploads\/Abtretung-_Honorarvereinbarung_2023_Kukuk-NEU-11.05.2023.pdf\">Cession _Convention d'honoraires_2023_Kukuk NEU 11.05.2023<\/a><a href=\"https:\/\/kukuk.com\/wp-content\/uploads\/Abtretung-_Honorarvereinbarung_2023_Kukuk-NEU-11.05.2023.pdf\" class=\"wp-block-file__button wp-element-button\" download aria-describedby=\"wp-block-file--media-9e4869c7-d213-4ef2-b50a-513df6339bd5\">T\u00e9l\u00e9charger<\/a><\/div>\n\n\n\n<figure class=\"wp-block-image size-large\"><a href=\"https:\/\/www.kukuk.com\/wp-content\/uploads\/Vollmacht-fuer-Datenkarte-2021.pdf\"><img loading=\"lazy\" decoding=\"async\" width=\"640\" height=\"1024\" src=\"https:\/\/www.kukuk.com\/wp-content\/uploads\/8-3-640x1024.jpg\" alt=\"\" class=\"wp-image-13111\" srcset=\"https:\/\/kukuk.com\/wp-content\/uploads\/8-3-640x1024.jpg 640w, https:\/\/kukuk.com\/wp-content\/uploads\/8-3-188x300.jpg 188w, https:\/\/kukuk.com\/wp-content\/uploads\/8-3-38x60.jpg 38w, https:\/\/kukuk.com\/wp-content\/uploads\/8-3.jpg 730w\" sizes=\"(max-width: 640px) 100vw, 640px\" \/><\/a><figcaption class=\"wp-element-caption\">Demande de carte de donn\u00e9es - Procuration<\/figcaption><\/figure>\n<\/div>\n<\/div>","protected":false},"excerpt":{"rendered":"","protected":false},"author":3,"featured_media":14466,"parent":0,"menu_order":0,"comment_status":"closed","ping_status":"closed","template":"","meta":{"_et_pb_use_builder":"off","_et_pb_old_content":"<!-- wp:image {\"align\":\"center\",\"id\":14466,\"sizeSlug\":\"large\",\"linkDestination\":\"custom\"} -->\n<div class=\"wp-block-image\"><figure class=\"aligncenter size-large\"><a href=\"https:\/\/www.kukuk.com\/wp-content\/uploads\/Wandplaner-Kukuk-2023.png\"><img src=\"https:\/\/www.kukuk.com\/wp-content\/uploads\/Wandplaner-2022-1024x751.jpg\" alt=\"\" class=\"wp-image-14466\"\/><\/a><figcaption>Kalender 2023<\/figcaption><\/figure><\/div>\n<!-- \/wp:image -->\n\n<!-- wp:columns -->\n<div class=\"wp-block-columns\"><!-- wp:column -->\n<div class=\"wp-block-column\"><!-- wp:image {\"id\":13113,\"sizeSlug\":\"large\",\"linkDestination\":\"custom\"} -->\n<figure class=\"wp-block-image size-large\"><a href=\"https:\/\/www.kukuk.com\/wp-content\/uploads\/Abtretung-_Honorarvereinbarung_2021_Kukuk.pdf\"><img src=\"https:\/\/www.kukuk.com\/wp-content\/uploads\/10-1-654x1024.jpg\" alt=\"\" class=\"wp-image-13113\"\/><\/a><figcaption>Abtretungserkl\u00e4rung Ingenieurb\u00fcro Kukuk<\/figcaption><\/figure>\n<!-- \/wp:image -->\n\n<!-- wp:image {\"id\":13102,\"sizeSlug\":\"large\",\"linkDestination\":\"custom\"} -->\n<figure class=\"wp-block-image size-large\"><a href=\"https:\/\/www.kukuk.com\/wp-content\/uploads\/Auftragserteilung_2021_Kukuk.pdf\"><img src=\"https:\/\/www.kukuk.com\/wp-content\/uploads\/3-10-676x1024.jpg\" alt=\"\" class=\"wp-image-13102\"\/><\/a><figcaption>Auftragserteilung Ingenieurb\u00fcro Kukuk<\/figcaption><\/figure>\n<!-- \/wp:image -->\n\n<!-- wp:image {\"id\":13099,\"sizeSlug\":\"large\",\"linkDestination\":\"custom\"} -->\n<figure class=\"wp-block-image size-large\"><a href=\"https:\/\/www.kukuk.com\/wp-content\/uploads\/Einverstaendniserklaerung-CoronaSchVO_Kukuk.pdf\"><img src=\"https:\/\/www.kukuk.com\/wp-content\/uploads\/2-12-718x1024.jpg\" alt=\"\" class=\"wp-image-13099\"\/><\/a><figcaption>Covid19-Einverst\u00e4ndniserkl\u00e4rung<\/figcaption><\/figure>\n<!-- \/wp:image --><\/div>\n<!-- \/wp:column -->\n\n<!-- wp:column -->\n<div class=\"wp-block-column\"><!-- wp:image {\"id\":13112,\"sizeSlug\":\"full\",\"linkDestination\":\"custom\"} -->\n<figure class=\"wp-block-image size-full\"><a href=\"https:\/\/www.kukuk.com\/wp-content\/uploads\/rk\u00fc.jpg\"><img src=\"https:\/\/www.kukuk.com\/wp-content\/uploads\/9-1.jpg\" alt=\"\" class=\"wp-image-13112\"\/><\/a><figcaption>Reparaturkosten-\u00dcbernahmeerkl\u00e4rung (RK\u00dc)<\/figcaption><\/figure>\n<!-- \/wp:image -->\n\n<!-- wp:image {\"id\":13111,\"sizeSlug\":\"large\",\"linkDestination\":\"custom\"} -->\n<figure class=\"wp-block-image size-large\"><a href=\"https:\/\/www.kukuk.com\/wp-content\/uploads\/Vollmacht-fuer-Datenkarte-2021.pdf\"><img src=\"https:\/\/www.kukuk.com\/wp-content\/uploads\/8-3-640x1024.jpg\" alt=\"\" class=\"wp-image-13111\"\/><\/a><figcaption>Datenkartenbeantragung - Vollmacht<\/figcaption><\/figure>\n<!-- \/wp:image -->\n\n<!-- wp:image {\"id\":13107,\"sizeSlug\":\"large\",\"linkDestination\":\"custom\"} -->\n<figure class=\"wp-block-image size-large\"><a href=\"https:\/\/www.kukuk.com\/wp-content\/uploads\/Widerrufsformular-1.pdf\"><img src=\"https:\/\/www.kukuk.com\/wp-content\/uploads\/6-1-626x1024.jpg\" alt=\"\" class=\"wp-image-13107\"\/><\/a><figcaption>Widerrufsformular<\/figcaption><\/figure>\n<!-- \/wp:image --><\/div>\n<!-- \/wp:column -->\n\n<!-- wp:column -->\n<div class=\"wp-block-column\"><!-- wp:image {\"id\":13109,\"sizeSlug\":\"large\",\"linkDestination\":\"custom\"} -->\n<figure class=\"wp-block-image size-large\"><a href=\"https:\/\/www.kukuk.com\/wp-content\/uploads\/HON-2020_final-1.pdf\"><img src=\"https:\/\/www.kukuk.com\/wp-content\/uploads\/7-1-710x1024.jpg\" alt=\"\" class=\"wp-image-13109\"\/><\/a><figcaption>BVSK-Honorartabelle<\/figcaption><\/figure>\n<!-- \/wp:image -->\n\n<!-- wp:image {\"id\":13104,\"sizeSlug\":\"large\",\"linkDestination\":\"custom\"} -->\n<figure class=\"wp-block-image size-large\"><a href=\"https:\/\/www.kukuk.com\/wp-content\/uploads\/Auftragserteilung-Honorarvertrag_2021_Kukuk.pdf\"><img src=\"https:\/\/www.kukuk.com\/wp-content\/uploads\/4-9-660x1024.jpg\" alt=\"\" class=\"wp-image-13104\"\/><\/a><figcaption>Honorarvertrag und Auftragserteilung<\/figcaption><\/figure>\n<!-- \/wp:image --><\/div>\n<!-- \/wp:column --><\/div>\n<!-- \/wp:columns -->","_et_gb_content_width":"","_monsterinsights_skip_tracking":false,"_monsterinsights_sitenote_active":false,"_monsterinsights_sitenote_note":"","_monsterinsights_sitenote_category":0,"_joinchat":[],"footnotes":""},"class_list":["post-13096","page","type-page","status-publish","has-post-thumbnail","hentry","latest_post"],"_links":{"self":[{"href":"http:\/\/kukuk.com\/fr\/wp-json\/wp\/v2\/pages\/13096","targetHints":{"allow":["GET"]}}],"collection":[{"href":"http:\/\/kukuk.com\/fr\/wp-json\/wp\/v2\/pages"}],"about":[{"href":"http:\/\/kukuk.com\/fr\/wp-json\/wp\/v2\/types\/page"}],"author":[{"embeddable":true,"href":"http:\/\/kukuk.com\/fr\/wp-json\/wp\/v2\/users\/3"}],"replies":[{"embeddable":true,"href":"http:\/\/kukuk.com\/fr\/wp-json\/wp\/v2\/comments?post=13096"}],"version-history":[{"count":0,"href":"http:\/\/kukuk.com\/fr\/wp-json\/wp\/v2\/pages\/13096\/revisions"}],"wp:featuredmedia":[{"embeddable":true,"href":"http:\/\/kukuk.com\/fr\/wp-json\/wp\/v2\/media\/14466"}],"wp:attachment":[{"href":"http:\/\/kukuk.com\/fr\/wp-json\/wp\/v2\/media?parent=13096"}],"curies":[{"name":"wp","href":"https:\/\/api.w.org\/{rel}","templated":true}]}}