{"id":11745,"date":"2021-04-14T17:18:51","date_gmt":"2021-04-14T15:18:51","guid":{"rendered":"https:\/\/www.kukuk.com\/?page_id=11745"},"modified":"2021-09-18T22:06:22","modified_gmt":"2021-09-18T20:06:22","slug":"3d-scan-modell","status":"publish","type":"page","link":"http:\/\/kukuk.com\/zh\/3d-scan-modell\/","title":{"rendered":"\u4e09\u7ef4\u626b\u63cf\/\u6a21\u578b"},"content":{"rendered":"<h3 class=\"has-text-align-center wp-block-heading\">\u8f66\u8eab\u548c\u8f66\u67b6\u7684\u539f\u59cb\u6027\u68c0\u67e5\uff0c\u9a8c\u8bc1\u4fee\u590d\/\u7ef4\u4fee\u8d28\u91cf\u548c\u635f\u574f\u8bc4\u4f30<\/h3>\n\n\n\n<div class=\"wp-block-image\"><figure class=\"aligncenter size-large is-resized\"><img loading=\"lazy\" decoding=\"async\" src=\"https:\/\/www.kukuk.com\/wp-content\/uploads\/Bild14.png\" alt=\"\" class=\"wp-image-11760\" width=\"254\" height=\"238\" srcset=\"https:\/\/kukuk.com\/wp-content\/uploads\/Bild14.png 425w, https:\/\/kukuk.com\/wp-content\/uploads\/Bild14-300x281.png 300w, https:\/\/kukuk.com\/wp-content\/uploads\/Bild14-64x60.png 64w\" sizes=\"(max-width: 254px) 100vw, 254px\" \/><figcaption>\u4f7f\u7528\u8521\u53f8T-Scan LV\u624b\u6301\u5f0f\u626b\u63cf\u4eea\u8fdb\u884c\u8f66\u4f53\u626b\u63cf<\/figcaption><\/figure><\/div>\n\n\n\n<ul class=\"wp-block-list\"><li><em>\u901a\u8fc7\u4ee5\u4e0b\u65b9\u5f0f\u8fdb\u884c\u539f\u521b\u6027\u6d4b\u8bd5<\/em> A<em>\u4e0e\u539f\u59cb\u7167\u7247\u548c\u73b0\u6709\u7684\u8f66\u8eab\u3001\u8f66\u67b6\u76f8\u6bd4\uff0c...<\/em><\/li><li><em>\u5728\u4e16\u754c\u4efb\u4f55\u65f6\u95f4\u548c\u4efb\u4f55\u5730\u65b9\u90fd\u53ef\u4ee5\u79fb\u52a8\u4f7f\u7528<\/em><\/li><li><em>\u5c3a\u5bf8\u8bbe\u8ba1\u3001\u4fee\u590d\u652f\u6301\u3001\u7528\u4e8e\u751f\u4ea7\u6846\u67b6\u6a21\u578b\/\u5907\u4ef6\u76843D\u6a21\u578b\u7b49\u3002<\/em><\/li><li><em>\u81ea2005\u5e74\u4ee5\u6765\uff0c\u6211\u4eec\u4e00\u76f4\u5b9a\u671f\u4f7f\u7528\u4e09\u7ef4\u626b\u63cf\u4eea\u3001\u4e09\u7ef4X\u5c04\u7ebf\u548c\u4e09\u7ef4\u6a21\u578b!<\/em><\/li><\/ul>\n\n\n\n<p>\u9664\u4e86\u5bf9\u8f66\u8f86\u8fdb\u884c\u7eaf\u5ba2\u89c2\u7684\u89c6\u89c9\u8bc4\u4f30\u5916\uff0c\u8f66\u8eab\u548c\u8f66\u67b6\u7684\u4e09\u7ef4\u8bb0\u5f55\u53ef\u4ee5\u5e2e\u52a9\u56de\u7b54\u67d0\u4e9b\u95ee\u9898\uff0c\u7279\u522b\u662f\u5728\u771f\u5b9e\u6027\u3001\u4fee\u590d\u8bc4\u4f30\u3001\u65e0\u635f\u574f\u548c\u539f\u59cb\u6027\u65b9\u9762\u3002<\/p>\n\n\n\n<p>\u4e3a\u6b64\uff0c\u4f7f\u7528\u4e09\u7ef4\u626b\u63cf\u4eea\u5bf9\u8f66\u8eab\u6216\u8f66\u67b6\u8fdb\u884c\u4e09\u7ef4\u626b\u63cf\u3002\u8fd9\u79cd\u626b\u63cf\u7684\u7ed3\u679c\u662f\u6d4b\u91cf\u70b9\u7684\u70b9\u4e91\uff0c\u4f7f\u7528\u8f6f\u4ef6\u548c\u8fd4\u5de5\u5c06\u5176\u8f6c\u6362\u4e3a\u8f66\u8f86\u7684\u4e09\u7ef4\u6a21\u578b\u3002\u8fd9\u4e2a\u4e09\u7ef4\u6a21\u578b\u53ef\u4f5c\u4e3a\u6d4b\u91cf\u548c\u4e0e\u5236\u9020\u5546\u89c4\u683c\u8fdb\u884c\u6bd4\u8f83\u7684\u57fa\u7840\u3002\u6b64\u5916\uff0c\u8fd8\u53ef\u4ee5\u8bb0\u5f55\u8f66\u8eab\u6216\u8f66\u67b6\u7684\u626d\u8f6c\u6216\u538b\u7f29\uff0c\u5e76\u5728\u6b64\u57fa\u7840\u4e0a\u8ba1\u5212\u548c\u5b9e\u65bd\u53ef\u80fd\u7684\u7ef4\u4fee\u63aa\u65bd\u3002<\/p>\n\n\n\n<p>\u4e09\u7ef4\u626b\u63cf\u4eea\u4f7f\u7528\u7684\u662f\u4e3b\u52a8\u4e09\u89d2\u6d4b\u91cf\u6cd5\uff0c\u5176\u6d4b\u91cf\u7cbe\u5ea6\u53ef\u8fbe\u52300.01\u6beb\u7c73\u3002\u4e09\u7ef4\u626b\u63cf\u5728\u6280\u672f\u68c0\u67e5\u548c\u4ef7\u503c\u8bc4\u4f30\u4ee5\u53ca\u635f\u5bb3\u9274\u5b9a\u65b9\u9762\u90fd\u6709\u5e2e\u52a9\u3002 <\/p>\n\n\n\n<p>\u53ef\u80fd\u7684\u5e94\u7528\u8303\u56f4\uff1a <\/p>\n\n\n\n<ul class=\"wp-block-list\"><li>\u68c0\u67e5\u4fee\u590d\u540e\u7684\u8f66\u8eab\u6216\u8f66\u67b6\u7684\u5c3a\u5bf8\u7cbe\u5ea6 <\/li><li>\u5c06\u7ed3\u679c\u4e0e\u5236\u9020\u5546\u7684\u89c4\u683c\u8fdb\u884c\u6bd4\u8f83 <\/li><li>\u4e8b\u6545\u53d1\u751f\u540e\uff0c\u68c0\u67e5\u8f66\u8eab\u548c\u8f66\u67b6\u7684\u626d\u529b\u548c\/\u6216\u538b\u7f29\u60c5\u51b5 <\/li><li>\u5df2\u4e0d\u5b58\u5728\u4f46\u9700\u8981\u7684\u5907\u4ef6\u7684\u9006\u5411\u5de5\u7a0b\u8fc7\u7a0b<\/li><\/ul>\n\n\n\n<p>\u4e3a\u4e86\u68c0\u67e5\u771f\u5b9e\u6027\uff0c\u6709\u5fc5\u8981\u4e0e\u5236\u9020\u5546\u7684\u89c4\u683c\u8fdb\u884c\u6bd4\u8f83\u3002\u5728\u72ec\u7279\u7684\u4f5c\u54c1\u548c\u7279\u522b\u7a00\u6709\u7684\u8f66\u8f86\u7684\u60c5\u51b5\u4e0b\uff0c\u8fd9\u4e9b\u5f80\u5f80\u4f1a\u4e22\u5931\u3002\u8fc7\u53bb\u4e5f\u53d1\u73b0\u4e86\u4e00\u79cd\u89e3\u51b3\u65b9\u6848\uff0c\u73b0\u5728\u4e5f\u7ecf\u5e38\u4f7f\u7528\u3002<\/p>\n\n\n\n<div class=\"wp-block-image\"><figure class=\"aligncenter size-large is-resized\"><a href=\"https:\/\/www.kukuk.com\/wp-content\/uploads\/3D-Scan-and-Modell.pdf\" target=\"_blank\" rel=\"noopener noreferrer\"><img loading=\"lazy\" decoding=\"async\" src=\"https:\/\/www.kukuk.com\/wp-content\/uploads\/3d-scan-1.jpg\" alt=\"\" class=\"wp-image-11850\" width=\"536\" height=\"358\" srcset=\"https:\/\/kukuk.com\/wp-content\/uploads\/3d-scan-1.jpg 909w, https:\/\/kukuk.com\/wp-content\/uploads\/3d-scan-1-600x402.jpg 600w, https:\/\/kukuk.com\/wp-content\/uploads\/3d-scan-1-300x201.jpg 300w, https:\/\/kukuk.com\/wp-content\/uploads\/3d-scan-1-90x60.jpg 90w, https:\/\/kukuk.com\/wp-content\/uploads\/3d-scan-1-480x320.jpg 480w, https:\/\/kukuk.com\/wp-content\/uploads\/3d-scan-1-420x280.jpg 420w\" sizes=\"(max-width: 536px) 100vw, 536px\" \/><\/a><\/figure><\/div>\n\n\n\n<h3 class=\"wp-block-heading\">\u5e94\u7528\u5b9e\u4f8b <\/h3>\n\n\n\n<p><strong> \u590d\u539f\u8d28\u91cf\u5ba1\u67e5<\/strong><\/p>\n\n\n\n<div class=\"wp-block-columns is-layout-flex wp-container-core-columns-is-layout-9d6595d7 wp-block-columns-is-layout-flex\">\n<div class=\"wp-block-column is-layout-flow wp-block-column-is-layout-flow\">\n<figure class=\"wp-block-image size-large\"><img loading=\"lazy\" decoding=\"async\" width=\"687\" height=\"322\" src=\"https:\/\/www.kukuk.com\/wp-content\/uploads\/Bild2-1.png\" alt=\"\" class=\"wp-image-11763\" srcset=\"https:\/\/kukuk.com\/wp-content\/uploads\/Bild2-1.png 687w, https:\/\/kukuk.com\/wp-content\/uploads\/Bild2-1-600x281.png 600w, https:\/\/kukuk.com\/wp-content\/uploads\/Bild2-1-300x141.png 300w, https:\/\/kukuk.com\/wp-content\/uploads\/Bild2-1-128x60.png 128w\" sizes=\"(max-width: 687px) 100vw, 687px\" \/><figcaption><em>\u4e2d\u5fc3\u8f74\u8f66\u8f86\u89c6\u56feZ+<\/em><\/figcaption><\/figure>\n\n\n\n<figure class=\"wp-block-image size-large\"><img loading=\"lazy\" decoding=\"async\" width=\"687\" height=\"359\" src=\"https:\/\/www.kukuk.com\/wp-content\/uploads\/Bild4.png\" alt=\"\" class=\"wp-image-11759\" srcset=\"https:\/\/kukuk.com\/wp-content\/uploads\/Bild4.png 687w, https:\/\/kukuk.com\/wp-content\/uploads\/Bild4-600x314.png 600w, https:\/\/kukuk.com\/wp-content\/uploads\/Bild4-300x157.png 300w, https:\/\/kukuk.com\/wp-content\/uploads\/Bild4-115x60.png 115w\" sizes=\"(max-width: 687px) 100vw, 687px\" \/><figcaption><em>\u5f62\u72b6\u504f\u5dee\u4fa7\u4ece\u5de6\u5230\u5de6 BEST-FIT<\/em><\/figcaption><\/figure>\n<\/div>\n\n\n\n<div class=\"wp-block-column is-layout-flow wp-block-column-is-layout-flow\">\n<figure class=\"wp-block-image size-large\"><img loading=\"lazy\" decoding=\"async\" width=\"687\" height=\"504\" src=\"https:\/\/www.kukuk.com\/wp-content\/uploads\/Bild1-2.png\" alt=\"\" class=\"wp-image-11762\" srcset=\"https:\/\/kukuk.com\/wp-content\/uploads\/Bild1-2.png 687w, https:\/\/kukuk.com\/wp-content\/uploads\/Bild1-2-600x440.png 600w, https:\/\/kukuk.com\/wp-content\/uploads\/Bild1-2-300x220.png 300w, https:\/\/kukuk.com\/wp-content\/uploads\/Bild1-2-82x60.png 82w\" sizes=\"(max-width: 687px) 100vw, 687px\" \/><figcaption><em>\u4e2d\u5fc3\u8f74\u8f66\u8f86<\/em><\/figcaption><\/figure>\n\n\n\n<figure class=\"wp-block-image size-large\"><img loading=\"lazy\" decoding=\"async\" width=\"687\" height=\"378\" src=\"https:\/\/www.kukuk.com\/wp-content\/uploads\/Bild3.png\" alt=\"\" class=\"wp-image-11758\" srcset=\"https:\/\/kukuk.com\/wp-content\/uploads\/Bild3.png 687w, https:\/\/kukuk.com\/wp-content\/uploads\/Bild3-600x330.png 600w, https:\/\/kukuk.com\/wp-content\/uploads\/Bild3-300x165.png 300w, https:\/\/kukuk.com\/wp-content\/uploads\/Bild3-109x60.png 109w\" sizes=\"(max-width: 687px) 100vw, 687px\" \/><figcaption><em>\u5f62\u72b6\u504f\u5dee\u4fa7\u4ece\u53f3\u5230\u5de6 BEST-FIT<\/em><\/figcaption><\/figure>\n<\/div>\n<\/div>\n\n\n\n<p><strong>\u539f\u521b\u6027\u8c03\u67e5<\/strong><\/p>\n\n\n\n<p>\u4e3a\u4e86\u68c0\u67e5\u8f66\u8f86\u7684\u771f\u5b9e\u6027\uff0c\u6709\u53ef\u80fd\u5c06\u5148\u524d\u521b\u5efa\u7684\u4e09\u7ef4\u6a21\u578b\u4e0e\u5386\u53f2\u7167\u7247\u8fdb\u884c\u6bd4\u8f83\u3002\u4e3a\u6b64\uff0c\u4f7f\u7528\u6444\u5f71\u6d4b\u91cf\u65b9\u6cd5\u5728\u5386\u53f2\u7167\u7247\u4e0a\u653e\u7f6e\u4e00\u4e2a\u4e09\u7ef4\u7f51\u683c\u7ed3\u6784\u3002\u57fa\u4e8e\u8fd9\u79cd\u6bd4\u8f83\uff0c\u4ee5\u524d\u626b\u63cf\u7684\u8f66\u8eab\u53ef\u4ee5\u88ab\u68c0\u67e5\u51fa\u771f\u5b9e\u6027\u548c\u539f\u59cb\u6027\u3002<\/p>\n\n\n\n<figure class=\"wp-block-image size-large\"><img loading=\"lazy\" decoding=\"async\" width=\"1024\" height=\"510\" src=\"https:\/\/www.kukuk.com\/wp-content\/uploads\/wwd-1024x510.jpg\" alt=\"\" class=\"wp-image-11870\" srcset=\"https:\/\/kukuk.com\/wp-content\/uploads\/wwd-1024x510.jpg 1024w, https:\/\/kukuk.com\/wp-content\/uploads\/wwd-600x299.jpg 600w, https:\/\/kukuk.com\/wp-content\/uploads\/wwd-300x149.jpg 300w, https:\/\/kukuk.com\/wp-content\/uploads\/wwd-120x60.jpg 120w, https:\/\/kukuk.com\/wp-content\/uploads\/wwd.jpg 1070w\" sizes=\"(max-width: 1024px) 100vw, 1024px\" \/><\/figure>\n\n\n\n<p>\u4f7f\u7528BMW 328 MM\u7684\u539f\u59cb\u56fe\u7247\uff0c\u521b\u5efa\u4e86\u4e00\u4e2a3D\u6a21\u578b\u3002\u8fd9\u4e0d\u4ec5\u662f\u4e0e\u5f53\u65f6\u7684\u539f\u59cb\u5e95\u7247\/\u7167\u7247\u8fdb\u884c\u6bd4\u8f83\u7684\u57fa\u7840\uff08\u8f66\u8f86\u7684\u8ba4\u8bc1\uff09\uff0c\u4e5f\u662f\u521b\u5efa\u4e00\u4e2a\u7528\u6728\u6750\u94e3\u5236\u7684\u6846\u67b6\u6a21\u578b\u3002\u8fd9\u4e2a\u8f66\u67b6\u6a21\u578b\u662f\u51c6\u786e\u548c\u4e13\u4e1a\u7684\u4fee\u590d\u5de5\u4f5c\u6240\u9700\u8981\u7684\u3002<\/p>\n\n\n\n<div class=\"wp-block-columns is-layout-flex wp-container-core-columns-is-layout-9d6595d7 wp-block-columns-is-layout-flex\">\n<div class=\"wp-block-column is-layout-flow wp-block-column-is-layout-flow\">\n<figure class=\"wp-block-image size-large\"><img loading=\"lazy\" decoding=\"async\" width=\"1024\" height=\"552\" src=\"https:\/\/www.kukuk.com\/wp-content\/uploads\/bmw1-e1618506051650-1024x552.jpg\" alt=\"\" class=\"wp-image-11775\" srcset=\"https:\/\/kukuk.com\/wp-content\/uploads\/bmw1-e1618506051650-1024x552.jpg 1024w, https:\/\/kukuk.com\/wp-content\/uploads\/bmw1-e1618506051650-600x323.jpg 600w, https:\/\/kukuk.com\/wp-content\/uploads\/bmw1-e1618506051650-300x162.jpg 300w, https:\/\/kukuk.com\/wp-content\/uploads\/bmw1-e1618506051650-1536x827.jpg 1536w, https:\/\/kukuk.com\/wp-content\/uploads\/bmw1-e1618506051650-2048x1103.jpg 2048w, https:\/\/kukuk.com\/wp-content\/uploads\/bmw1-e1618506051650-111x60.jpg 111w\" sizes=\"(max-width: 1024px) 100vw, 1024px\" \/><figcaption>\u8eab\u4f53\u626b\u63cf\u6570\u636e\u4e0e...<\/figcaption><\/figure>\n<\/div>\n\n\n\n<div class=\"wp-block-column is-layout-flow wp-block-column-is-layout-flow\">\n<figure class=\"wp-block-image size-large\"><img loading=\"lazy\" decoding=\"async\" width=\"1024\" height=\"532\" src=\"https:\/\/www.kukuk.com\/wp-content\/uploads\/bmw2-e1618506079799-1024x532.jpg\" alt=\"\" class=\"wp-image-11777\" srcset=\"https:\/\/kukuk.com\/wp-content\/uploads\/bmw2-e1618506079799-1024x532.jpg 1024w, https:\/\/kukuk.com\/wp-content\/uploads\/bmw2-e1618506079799-600x312.jpg 600w, https:\/\/kukuk.com\/wp-content\/uploads\/bmw2-e1618506079799-300x156.jpg 300w, https:\/\/kukuk.com\/wp-content\/uploads\/bmw2-e1618506079799-1536x798.jpg 1536w, https:\/\/kukuk.com\/wp-content\/uploads\/bmw2-e1618506079799-2048x1063.jpg 2048w, https:\/\/kukuk.com\/wp-content\/uploads\/bmw2-e1618506079799-116x60.jpg 116w\" sizes=\"(max-width: 1024px) 100vw, 1024px\" \/><figcaption>...\u539f\u59cb\u7167\u7247<\/figcaption><\/figure>\n<\/div>\n<\/div>\n\n\n\n<p>\u6211\u4eec\u4e0e <strong>\u8521\u53f8\u516c\u53f8<\/strong> \u5e76\u8bbe\u7f6e <strong>T-Scan LV\u624b\u6301\u5f0f\u626b\u63cf\u4eea\u3001<\/strong> \u7ecf\u5e38\u4f7f\u7528\u7684\u662f\u4ee5\u4e00\u7ef4\u5149\u65ad\u9762\u65b9\u6cd5\u5de5\u4f5c\u7684T-Track LV\u7cfb\u7edf\u3002\u626b\u63cf\u4eea\u662f\u7528T-Track LV\u7cfb\u7edf\u5b9a\u4f4d\u7684\uff0c\u8be5\u7cfb\u7edf\u4ee5\u6444\u50cf\u5934\u4e3a\u57fa\u7840\u5de5\u4f5c\u3002<\/p>\n\n\n\n<div class=\"wp-block-columns is-layout-flex wp-container-core-columns-is-layout-9d6595d7 wp-block-columns-is-layout-flex\">\n<div class=\"wp-block-column is-layout-flow wp-block-column-is-layout-flow\">\n<figure class=\"wp-block-image size-large\"><img loading=\"lazy\" decoding=\"async\" width=\"605\" height=\"390\" src=\"https:\/\/www.kukuk.com\/wp-content\/uploads\/Bild6.png\" alt=\"\" class=\"wp-image-11766\" srcset=\"https:\/\/kukuk.com\/wp-content\/uploads\/Bild6.png 605w, https:\/\/kukuk.com\/wp-content\/uploads\/Bild6-600x387.png 600w, https:\/\/kukuk.com\/wp-content\/uploads\/Bild6-300x193.png 300w, https:\/\/kukuk.com\/wp-content\/uploads\/Bild6-93x60.png 93w\" sizes=\"(max-width: 605px) 100vw, 605px\" \/><\/figure>\n<\/div>\n\n\n\n<div class=\"wp-block-column is-layout-flow wp-block-column-is-layout-flow\">\n<figure class=\"wp-block-image size-large\"><img loading=\"lazy\" decoding=\"async\" width=\"687\" height=\"423\" src=\"https:\/\/www.kukuk.com\/wp-content\/uploads\/Bild5.png\" alt=\"\" class=\"wp-image-11764\" srcset=\"https:\/\/kukuk.com\/wp-content\/uploads\/Bild5.png 687w, https:\/\/kukuk.com\/wp-content\/uploads\/Bild5-600x369.png 600w, https:\/\/kukuk.com\/wp-content\/uploads\/Bild5-300x185.png 300w, https:\/\/kukuk.com\/wp-content\/uploads\/Bild5-97x60.png 97w\" sizes=\"(max-width: 687px) 100vw, 687px\" \/><\/figure>\n\n\n\n<p><\/p>\n<\/div>\n<\/div>","protected":false},"excerpt":{"rendered":"<p>Originalit\u00e4tsuntersuchung von Karosserie und Rahmen, \u00dcberpr\u00fcfung der Restaurierungs- \/ Reparaturqualit\u00e4t und Schadenermittlung Originalit\u00e4tsuntersuchungs mittels Abgleich originaler Fotos und vorliegender Karosserie, Rahmen &#8230; Mobiler Einsatz jeder Zeit und \u00fcberall auf der Welt Bema\u00dfung, Restaurierungsst\u00fctze, 3D-Modell zur Fertigung von Spantenmodell \/ Ersatzteilen etc Seit 2005 setzen wir 3D-Scanner, 3D-R\u00f6ntgen und 3D-Modelle regelm\u00e4\u00dfig &hellip; <\/p>","protected":false},"author":3,"featured_media":11760,"parent":0,"menu_order":0,"comment_status":"closed","ping_status":"closed","template":"","meta":{"_et_pb_use_builder":"","_et_pb_old_content":"","_et_gb_content_width":"","_monsterinsights_skip_tracking":false,"_monsterinsights_sitenote_active":false,"_monsterinsights_sitenote_note":"","_monsterinsights_sitenote_category":0,"_joinchat":[],"footnotes":""},"class_list":["post-11745","page","type-page","status-publish","has-post-thumbnail","hentry","latest_post"],"_links":{"self":[{"href":"http:\/\/kukuk.com\/zh\/wp-json\/wp\/v2\/pages\/11745","targetHints":{"allow":["GET"]}}],"collection":[{"href":"http:\/\/kukuk.com\/zh\/wp-json\/wp\/v2\/pages"}],"about":[{"href":"http:\/\/kukuk.com\/zh\/wp-json\/wp\/v2\/types\/page"}],"author":[{"embeddable":true,"href":"http:\/\/kukuk.com\/zh\/wp-json\/wp\/v2\/users\/3"}],"replies":[{"embeddable":true,"href":"http:\/\/kukuk.com\/zh\/wp-json\/wp\/v2\/comments?post=11745"}],"version-history":[{"count":0,"href":"http:\/\/kukuk.com\/zh\/wp-json\/wp\/v2\/pages\/11745\/revisions"}],"wp:featuredmedia":[{"embeddable":true,"href":"http:\/\/kukuk.com\/zh\/wp-json\/wp\/v2\/media\/11760"}],"wp:attachment":[{"href":"http:\/\/kukuk.com\/zh\/wp-json\/wp\/v2\/media?parent=11745"}],"curies":[{"name":"wp","href":"https:\/\/api.w.org\/{rel}","templated":true}]}}