{"id":13684,"date":"2022-06-27T13:46:28","date_gmt":"2022-06-27T11:46:28","guid":{"rendered":"https:\/\/www.kukuk.com\/?page_id=13684"},"modified":"2022-07-25T18:10:15","modified_gmt":"2022-07-25T16:10:15","slug":"%e8%b6%85%e5%a3%b0%e6%b3%a2-2","status":"publish","type":"page","link":"http:\/\/kukuk.com\/zh\/ultraschall-2\/","title":{"rendered":"\u8d85\u58f0\u6ce2"},"content":{"rendered":"<p>[et_pb_section fb_built=&#8220;1&#8243; next_background_color=&#8220;#ffffff&#8220; admin_label=&#8220;Hero Section&#8220; _builder_version=&#8220;4.17.4&#8243; _module_preset=&#8220;default&#8220; use_background_color_gradient=&#8220;on&#8220; background_color_gradient_stops=&#8220;rgba(0,0,0,0.4) 0%|rgba(0,0,0,0.4) 100%&#8220; background_color_gradient_overlays_image=&#8220;on&#8220; background_color_gradient_start=&#8220;rgba(0,0,0,0.4)&#8220; background_color_gradient_end=&#8220;rgba(0,0,0,0.4)&#8220; background_image=&#8220;https:\/\/www.kukuk.com\/wp-content\/uploads\/LauraKukuk_Marqued_shooting_final-44-2-scaled.jpg&#8220; background_position=&#8220;bottom_center&#8220; background_vertical_offset=&#8220;77%&#8220; custom_padding=&#8220;6%||15%|||&#8220; bottom_divider_style=&#8220;slant&#8220; bottom_divider_height=&#8220;60px&#8220; global_colors_info=&#8220;{}&#8220; background_color_gradient_direction__hover=&#8220;180deg&#8220; background_color_gradient_direction__hover_enabled=&#8220;180deg&#8220; background_color_gradient_start_position__hover=&#8220;0%&#8220; background_color_gradient_start_position__hover_enabled=&#8220;0%&#8220; background_color_gradient_end_position__hover=&#8220;100%&#8220; background_color_gradient_end_position__hover_enabled=&#8220;100%&#8220; background_color_gradient_stops__hover=&#8220;rgba(0,0,0,0.4) 0%|rgba(0,0,0,0.4) 100%&#8220;][et_pb_row admin_label=&#8220;Page Title Area&#8220; _builder_version=&#8220;4.16&#8243; _module_preset=&#8220;default&#8220; global_colors_info=&#8220;{}&#8220;][et_pb_column type=&#8220;4_4&#8243; _builder_version=&#8220;4.16&#8243; _module_preset=&#8220;default&#8220; custom_padding=&#8220;|||&#8220; global_colors_info=&#8220;{}&#8220; custom_padding__hover=&#8220;|||&#8220;][et_pb_text admin_label=&#8220;Hero Section Title&#8220; _builder_version=&#8220;4.17.4&#8243; _module_preset=&#8220;default&#8220; text_font=&#8220;||||||||&#8220; text_font_size=&#8220;18px&#8220; text_line_height=&#8220;1.8em&#8220; header_font=&#8220;|600||on|||||&#8220; header_font_size=&#8220;48px&#8220; header_letter_spacing=&#8220;3px&#8220; header_line_height=&#8220;1.3em&#8220; header_2_font=&#8220;Montserrat|700|||||||&#8220; header_2_text_color=&#8220;rgba(255,255,255,0.6)&#8220; header_2_font_size=&#8220;90px&#8220; header_2_letter_spacing=&#8220;3px&#8220; header_2_line_height=&#8220;1.1em&#8220; text_orientation=&#8220;center&#8220; background_layout=&#8220;dark&#8220; max_width=&#8220;700px&#8220; module_alignment=&#8220;center&#8220; custom_margin=&#8220;|||&#8220; animation_style=&#8220;fade&#8220; animation_direction=&#8220;bottom&#8220; header_font_size_tablet=&#8220;&#8220; header_font_size_phone=&#8220;28px&#8220; header_font_size_last_edited=&#8220;on|phone&#8220; header_2_font_size_tablet=&#8220;&#8220; header_2_font_size_phone=&#8220;50px&#8220; header_2_font_size_last_edited=&#8220;on|phone&#8220; global_colors_info=&#8220;{}&#8220;]<\/p>\n<h1><span style=\"font-size: xx-large;\">Materialst\u00e4rkenmessung<\/span><\/h1>\n<p>[\/et_pb_text][\/et_pb_column][\/et_pb_row][\/et_pb_section][et_pb_section fb_built=&#8220;1&#8243; admin_label=&#8220;Service Section&#8220; _builder_version=&#8220;4.17.4&#8243; _module_preset=&#8220;default&#8220; custom_margin=&#8220;-31px|||||&#8220; custom_padding=&#8220;39px||28px|||&#8220; global_colors_info=&#8220;{}&#8220;][et_pb_row admin_label=&#8220;Section Title&#8220; _builder_version=&#8220;4.16&#8243; _module_preset=&#8220;default&#8220; custom_margin=&#8220;|||&#8220; custom_padding=&#8220;8px|0px|7px|0px||&#8220; locked=&#8220;off&#8220; global_colors_info=&#8220;{}&#8220;][et_pb_column type=&#8220;4_4&#8243; _builder_version=&#8220;4.16&#8243; _module_preset=&#8220;default&#8220; custom_padding=&#8220;|||&#8220; global_colors_info=&#8220;{}&#8220; custom_padding__hover=&#8220;|||&#8220;][et_pb_text admin_label=&#8220;Title&#8220; _builder_version=&#8220;4.17.4&#8243; _module_preset=&#8220;default&#8220; text_font=&#8220;||||||||&#8220; header_font=&#8220;||||||||&#8220; header_2_font=&#8220;Montserrat|600||on|||||&#8220; header_2_font_size=&#8220;30px&#8220; header_2_line_height=&#8220;1.5em&#8220; text_orientation=&#8220;center&#8220; custom_margin=&#8220;||5px|&#8220; animation_style=&#8220;slide&#8220; animation_direction=&#8220;top&#8220; animation_intensity_slide=&#8220;20%&#8220; animation_starting_opacity=&#8220;100%&#8220; global_colors_info=&#8220;{}&#8220;]<\/p>\n<h2><span>Ultraschall<\/span><\/h2>\n<p>[\/et_pb_text][et_pb_text admin_label=&#8220;Title&#8220; _builder_version=&#8220;4.17.4&#8243; _module_preset=&#8220;default&#8220; text_font=&#8220;||||||||&#8220; header_font=&#8220;||||||||&#8220; header_2_font=&#8220;Montserrat|600||on|||||&#8220; header_2_font_size=&#8220;30px&#8220; header_2_line_height=&#8220;1.5em&#8220; text_orientation=&#8220;center&#8220; custom_margin=&#8220;||31px|||&#8220; animation_style=&#8220;slide&#8220; animation_direction=&#8220;top&#8220; animation_intensity_slide=&#8220;20%&#8220; animation_starting_opacity=&#8220;100%&#8220; global_colors_info=&#8220;{}&#8220;]<\/p>\n<p>Ultraschall f\u00fcr substratunabh\u00e4ngige Messungen, bzw. Mehrschichtmessungen.<\/p>\n<p>Die Anwendung von <strong>Ultraschall <\/strong>nutzen wir zur Bestimmung der <strong>Materialst\u00e4rke<\/strong>, sowohl von Aluminium- als auch von Stahlblech. Besonders im Karosserie- und Rahmenbereich f\u00fchren wir diese Methode regelm\u00e4\u00dfig durch und vergleichen die Werte mit den technischen Zeichnungen der Fahrzeugherstellers. Wichtig hierbei ist, dass wir die Blechst\u00e4rke ermitteln k\u00f6nnen, ohne durch Lack- und Spachtelaufbau gest\u00f6rt zu werden und das nat\u00fcrlich non-invasiv!<\/p>\n<p>[\/et_pb_text][\/et_pb_column][\/et_pb_row][et_pb_row column_structure=&#8220;1_2,1_2&#8243; _builder_version=&#8220;4.17.4&#8243; _module_preset=&#8220;default&#8220; global_colors_info=&#8220;{}&#8220;][et_pb_column type=&#8220;1_2&#8243; _builder_version=&#8220;4.17.4&#8243; _module_preset=&#8220;default&#8220; global_colors_info=&#8220;{}&#8220;][et_pb_blurb title=&#8220;Erstlackfahrzeug&#8220; use_icon=&#8220;on&#8220; font_icon=&#8220;&#xe007;||divi||400&#8243; icon_color=&#8220;#898989&#8243; icon_placement=&#8220;left&#8220; _builder_version=&#8220;4.17.4&#8243; _module_preset=&#8220;default&#8220; header_font=&#8220;|600|||||||&#8220; header_font_size=&#8220;20px&#8220; body_font=&#8220;||||||||&#8220; body_font_size=&#8220;16px&#8220; body_line_height=&#8220;1.8em&#8220; animation_style=&#8220;fold&#8220; animation_direction=&#8220;bottom&#8220; animation_intensity_fold=&#8220;20%&#8220; animation_starting_opacity=&#8220;100%&#8220; hover_enabled=&#8220;0&#8243; global_colors_info=&#8220;{}&#8220; sticky_enabled=&#8220;0&#8243;]<\/p>\n<p>Wir k\u00f6nnen auch die Lackschichtdicke oder jegliche Art der Materialst\u00e4rke ermitteln. Insbesondere f\u00fcr die Untersuchung der Lackst\u00e4rke auf GFK und CFK kommt Ultraschall zum Einsatz, somit k\u00f6nnen wir auch hier ein Erstlackfahrzeug identifizieren!<\/p>\n<p>&nbsp;<\/p>\n<p>[\/et_pb_blurb][\/et_pb_column][et_pb_column type=&#8220;1_2&#8243; _builder_version=&#8220;4.17.4&#8243; _module_preset=&#8220;default&#8220; global_colors_info=&#8220;{}&#8220;][et_pb_blurb title=&#8220;Materialunabh\u00e4ngig&#8220; use_icon=&#8220;on&#8220; font_icon=&#8220;&#xf3a5;||fa||400&#8243; icon_color=&#8220;#898989&#8243; icon_placement=&#8220;left&#8220; _builder_version=&#8220;4.17.4&#8243; _module_preset=&#8220;default&#8220; header_font=&#8220;|600|||||||&#8220; header_font_size=&#8220;20px&#8220; body_font=&#8220;||||||||&#8220; body_font_size=&#8220;16px&#8220; body_line_height=&#8220;1.8em&#8220; animation_style=&#8220;fold&#8220; animation_direction=&#8220;bottom&#8220; animation_intensity_fold=&#8220;20%&#8220; animation_starting_opacity=&#8220;100%&#8220; global_colors_info=&#8220;{}&#8220;]<\/p>\n<p style=\"text-align: justify;\">Bei dem Ultraschallverfahren ist man in allen F\u00e4llen Material unabh\u00e4ngig! Es lassen sich auch Schichtdicken auf verschiedenen Substraten wie Metallen, Kunststoffen, Holz oder aber auch GFK bzw . CFK messen! Dar\u00fcber hinaus l\u00e4sst sich nicht nur die Gesamtdicke, sondern auch die einzelnen Schichtdicken messen, in nur einem Messvorgang \u2013 was einen enormen Vorteil gegen\u00fcber den elektromagnetischen Verfahren darstellt!<span><\/span><\/p>\n<p>[\/et_pb_blurb][\/et_pb_column][\/et_pb_row][\/et_pb_section][et_pb_section fb_built=&#8220;1&#8243; theme_builder_area=&#8220;post_content&#8220; _builder_version=&#8220;4.17.4&#8243; _module_preset=&#8220;default&#8220;][et_pb_row _builder_version=&#8220;4.17.4&#8243; _module_preset=&#8220;default&#8220; theme_builder_area=&#8220;post_content&#8220;][et_pb_column _builder_version=&#8220;4.17.4&#8243; _module_preset=&#8220;default&#8220; type=&#8220;4_4&#8243; theme_builder_area=&#8220;post_content&#8220;][et_pb_video _builder_version=&#8220;4.17.4&#8243; _module_preset=&#8220;default&#8220; theme_builder_area=&#8220;post_content&#8220; src=&#8220;https:\/\/youtu.be\/RvpYc0ZmA2c&#8220; hover_enabled=&#8220;0&#8243; sticky_enabled=&#8220;0&#8243;][\/et_pb_video][\/et_pb_column][\/et_pb_row][\/et_pb_section][et_pb_section fb_built=&#8220;1&#8243; admin_label=&#8220;CTA Section&#8220; _builder_version=&#8220;4.17.4&#8243; _module_preset=&#8220;default&#8220; background_color=&#8220;#ffffff&#8220; background_image=&#8220;https:\/\/www.kukuk.com\/wp-content\/uploads\/Kukuk-Topolino.jpg&#8220; background_size=&#8220;custom&#8220; background_image_width=&#8220;63%&#8220; background_position=&#8220;center_right&#8220; background_horizontal_offset=&#8220;74%&#8220; min_height=&#8220;644.8px&#8220; custom_padding=&#8220;16px||10px|||&#8220; global_colors_info=&#8220;{}&#8220;][et_pb_row column_structure=&#8220;1_2,1_2&#8243; use_custom_gutter=&#8220;on&#8220; gutter_width=&#8220;1&#8243; admin_label=&#8220;Contact Row&#8220; module_class=&#8220; et_pb_row_fullwidth&#8220; _builder_version=&#8220;4.17.4&#8243; _module_preset=&#8220;default&#8220; width=&#8220;100%&#8220; width_tablet=&#8220;100%&#8220; width_phone=&#8220;100%&#8220; width_last_edited=&#8220;on|desktop&#8220; max_width=&#8220;100%&#8220; max_width_tablet=&#8220;100%&#8220; max_width_phone=&#8220;100%&#8220; max_width_last_edited=&#8220;on|desktop&#8220; custom_padding=&#8220;0px||0px|&#8220; make_fullwidth=&#8220;on&#8220; global_colors_info=&#8220;{}&#8220;][et_pb_column type=&#8220;1_2&#8243; _builder_version=&#8220;4.17.4&#8243; _module_preset=&#8220;default&#8220; custom_padding=&#8220;140px|10%|60px|10%&#8220; global_colors_info=&#8220;{}&#8220; custom_padding__hover=&#8220;|||&#8220;][\/et_pb_column][et_pb_column type=&#8220;1_2&#8243; _builder_version=&#8220;4.17.4&#8243; _module_preset=&#8220;default&#8220; background_color=&#8220;rgba(224,224,224,0.57)&#8220; custom_padding=&#8220;|||&#8220; box_shadow_style=&#8220;preset4&#8243; global_colors_info=&#8220;{}&#8220; custom_padding__hover=&#8220;|||&#8220;][et_pb_text admin_label=&#8220;Title&#8220; _builder_version=&#8220;4.17.4&#8243; _module_preset=&#8220;default&#8220; text_font=&#8220;Ubuntu||||||||&#8220; text_text_color=&#8220;#FFFFFF&#8220; text_font_size=&#8220;16px&#8220; text_line_height=&#8220;1.8em&#8220; header_font=&#8220;||||||||&#8220; header_2_font=&#8220;Montserrat|700|||||||&#8220; header_2_font_size=&#8220;50px&#8220; header_2_line_height=&#8220;1.4em&#8220; background_color=&#8220;rgba(153,153,153,0.37)&#8220; max_width=&#8220;544px&#8220; module_alignment=&#8220;center&#8220; custom_margin=&#8220;|-100px||-228px||&#8220; custom_padding=&#8220;|||0px||&#8220; text_text_shadow_style=&#8220;preset5&#8243; box_shadow_style=&#8220;preset4&#8243; box_shadow_horizontal=&#8220;8px&#8220; box_shadow_vertical=&#8220;7px&#8220; locked=&#8220;off&#8220; global_colors_info=&#8220;{}&#8220;]<\/p>\n<h2 style=\"text-align: center;\"><span style=\"font-size: x-large;\">Kontaktieren Sie uns!<\/span><\/h2>\n<p style=\"text-align: center;\">Gerne beraten wir Sie auch telefonisch unter +49 (0) 2206 95 900<\/p>\n<p>[\/et_pb_text][et_pb_contact_form captcha=&#8220;off&#8220; module_id=&#8220;et_pb_contact_form_0&#8243; _builder_version=&#8220;4.17.4&#8243; _module_preset=&#8220;default&#8220; form_field_background_color=&#8220;rgba(70,73,79,0.57)&#8220; form_field_text_color=&#8220;#ffffff&#8220; form_field_focus_background_color=&#8220;#0C71C3&#8243; form_field_focus_text_color=&#8220;#000000&#8243; title_text_color=&#8220;#0C71C3&#8243; form_field_font=&#8220;|500|||||||&#8220; form_field_font_size=&#8220;14px&#8220; custom_button=&#8220;on&#8220; button_text_size=&#8220;16px&#8220; button_text_color=&#8220;#FFFFFF&#8220; button_bg_color=&#8220;rgba(89,89,89,0.82)&#8220; button_border_width=&#8220;10px&#8220; button_border_color=&#8220;rgba(124,124,124,0.02)&#8220; button_border_radius=&#8220;5px&#8220; button_letter_spacing=&#8220;2px&#8220; button_font=&#8220;Ubuntu|||on|||||&#8220; button_use_icon=&#8220;off&#8220; text_orientation=&#8220;left&#8220; max_width=&#8220;80%&#8220; module_alignment=&#8220;center&#8220; custom_margin=&#8220;45px|40px|51px|40px||&#8220; animation_style=&#8220;slide&#8220; animation_direction=&#8220;right&#8220; animation_intensity_slide=&#8220;10%&#8220; border_radii=&#8220;on|5px|5px|5px|5px&#8220; button_text_shadow_style=&#8220;preset5&#8243; form_background_color=&#8220;rgba(255,255,255,0.05)&#8220; global_colors_info=&#8220;{}&#8220;][et_pb_contact_field field_id=&#8220;Name&#8220; field_title=&#8220;Name&#8220; _builder_version=&#8220;4.16&#8243; _module_preset=&#8220;default&#8220; global_colors_info=&#8220;{}&#8220; button_text_size__hover_enabled=&#8220;off&#8220; button_one_text_size__hover_enabled=&#8220;off&#8220; button_two_text_size__hover_enabled=&#8220;off&#8220; button_text_color__hover_enabled=&#8220;off&#8220; button_one_text_color__hover_enabled=&#8220;off&#8220; button_two_text_color__hover_enabled=&#8220;off&#8220; button_border_width__hover_enabled=&#8220;off&#8220; button_one_border_width__hover_enabled=&#8220;off&#8220; button_two_border_width__hover_enabled=&#8220;off&#8220; button_border_color__hover_enabled=&#8220;off&#8220; button_one_border_color__hover_enabled=&#8220;off&#8220; button_two_border_color__hover_enabled=&#8220;off&#8220; button_border_radius__hover_enabled=&#8220;off&#8220; button_one_border_radius__hover_enabled=&#8220;off&#8220; button_two_border_radius__hover_enabled=&#8220;off&#8220; button_letter_spacing__hover_enabled=&#8220;off&#8220; button_one_letter_spacing__hover_enabled=&#8220;off&#8220; button_two_letter_spacing__hover_enabled=&#8220;off&#8220; button_bg_color__hover_enabled=&#8220;off&#8220; button_one_bg_color__hover_enabled=&#8220;off&#8220; button_two_bg_color__hover_enabled=&#8220;off&#8220;][\/et_pb_contact_field][et_pb_contact_field field_id=&#8220;Email&#8220; field_title=&#8220;Email Address&#8220; field_type=&#8220;email&#8220; _builder_version=&#8220;4.16&#8243; _module_preset=&#8220;default&#8220; global_colors_info=&#8220;{}&#8220; button_text_size__hover_enabled=&#8220;off&#8220; button_one_text_size__hover_enabled=&#8220;off&#8220; button_two_text_size__hover_enabled=&#8220;off&#8220; button_text_color__hover_enabled=&#8220;off&#8220; button_one_text_color__hover_enabled=&#8220;off&#8220; button_two_text_color__hover_enabled=&#8220;off&#8220; button_border_width__hover_enabled=&#8220;off&#8220; button_one_border_width__hover_enabled=&#8220;off&#8220; button_two_border_width__hover_enabled=&#8220;off&#8220; button_border_color__hover_enabled=&#8220;off&#8220; button_one_border_color__hover_enabled=&#8220;off&#8220; button_two_border_color__hover_enabled=&#8220;off&#8220; button_border_radius__hover_enabled=&#8220;off&#8220; button_one_border_radius__hover_enabled=&#8220;off&#8220; button_two_border_radius__hover_enabled=&#8220;off&#8220; button_letter_spacing__hover_enabled=&#8220;off&#8220; button_one_letter_spacing__hover_enabled=&#8220;off&#8220; button_two_letter_spacing__hover_enabled=&#8220;off&#8220; button_bg_color__hover_enabled=&#8220;off&#8220; button_one_bg_color__hover_enabled=&#8220;off&#8220; button_two_bg_color__hover_enabled=&#8220;off&#8220;][\/et_pb_contact_field][et_pb_contact_field field_id=&#8220;Details&#8220; field_title=&#8220;Ihr Anliegen&#8220; field_type=&#8220;text&#8220; fullwidth_field=&#8220;on&#8220; _builder_version=&#8220;4.17.4&#8243; _module_preset=&#8220;default&#8220; global_colors_info=&#8220;{}&#8220; button_text_size__hover_enabled=&#8220;off&#8220; button_one_text_size__hover_enabled=&#8220;off&#8220; button_two_text_size__hover_enabled=&#8220;off&#8220; button_text_color__hover_enabled=&#8220;off&#8220; button_one_text_color__hover_enabled=&#8220;off&#8220; button_two_text_color__hover_enabled=&#8220;off&#8220; button_border_width__hover_enabled=&#8220;off&#8220; button_one_border_width__hover_enabled=&#8220;off&#8220; button_two_border_width__hover_enabled=&#8220;off&#8220; button_border_color__hover_enabled=&#8220;off&#8220; button_one_border_color__hover_enabled=&#8220;off&#8220; button_two_border_color__hover_enabled=&#8220;off&#8220; button_border_radius__hover_enabled=&#8220;off&#8220; button_one_border_radius__hover_enabled=&#8220;off&#8220; button_two_border_radius__hover_enabled=&#8220;off&#8220; button_letter_spacing__hover_enabled=&#8220;off&#8220; button_one_letter_spacing__hover_enabled=&#8220;off&#8220; button_two_letter_spacing__hover_enabled=&#8220;off&#8220; button_bg_color__hover_enabled=&#8220;off&#8220; button_one_bg_color__hover_enabled=&#8220;off&#8220; button_two_bg_color__hover_enabled=&#8220;off&#8220;][\/et_pb_contact_field][et_pb_contact_field field_id=&#8220;Title&#8220; field_title=&#8220;Fahrzeug&#8220; field_type=&#8220;email&#8220; fullwidth_field=&#8220;on&#8220; _builder_version=&#8220;4.17.4&#8243; _module_preset=&#8220;default&#8220; global_colors_info=&#8220;{}&#8220; button_text_size__hover_enabled=&#8220;off&#8220; button_one_text_size__hover_enabled=&#8220;off&#8220; button_two_text_size__hover_enabled=&#8220;off&#8220; button_text_color__hover_enabled=&#8220;off&#8220; button_one_text_color__hover_enabled=&#8220;off&#8220; button_two_text_color__hover_enabled=&#8220;off&#8220; button_border_width__hover_enabled=&#8220;off&#8220; button_one_border_width__hover_enabled=&#8220;off&#8220; button_two_border_width__hover_enabled=&#8220;off&#8220; button_border_color__hover_enabled=&#8220;off&#8220; button_one_border_color__hover_enabled=&#8220;off&#8220; button_two_border_color__hover_enabled=&#8220;off&#8220; button_border_radius__hover_enabled=&#8220;off&#8220; button_one_border_radius__hover_enabled=&#8220;off&#8220; button_two_border_radius__hover_enabled=&#8220;off&#8220; button_letter_spacing__hover_enabled=&#8220;off&#8220; button_one_letter_spacing__hover_enabled=&#8220;off&#8220; button_two_letter_spacing__hover_enabled=&#8220;off&#8220; button_bg_color__hover_enabled=&#8220;off&#8220; button_one_bg_color__hover_enabled=&#8220;off&#8220; button_two_bg_color__hover_enabled=&#8220;off&#8220;][\/et_pb_contact_field][\/et_pb_contact_form][\/et_pb_column][\/et_pb_row][\/et_pb_section]<\/p>\n","protected":false},"excerpt":{"rendered":"<p>\u8d85\u58f0\u6ce2\u6750\u6599\u539a\u5ea6\u6d4b\u91cf \u8d85\u58f0\u6ce2\u7528\u4e8e\u4e0e\u57fa\u6750\u65e0\u5173\u7684\u6d4b\u91cf\u6216\u591a\u5c42\u6d4b\u91cf\u3002\u6211\u4eec\u4f7f\u7528\u8d85\u58f0\u6ce2\u6d4b\u91cf\u94dd\u548c\u94a2\u677f\u7684\u6750\u6599\u539a\u5ea6\u3002\u6211\u4eec\u7ecf\u5e38\u5728\u8f66\u8eab\u548c\u8f66\u67b6\u533a\u57df\u4f7f\u7528\u8fd9\u79cd\u65b9\u6cd5\uff0c\u5e76\u5c06\u6d4b\u91cf\u503c\u4e0e\u6c7d\u8f66\u5236\u9020\u5546\u7684\u6280\u672f\u56fe\u7eb8\u8fdb\u884c\u6bd4\u8f83\u3002\u91cd\u8981\u7684\u662f...<\/p>","protected":false},"author":3,"featured_media":13537,"parent":0,"menu_order":0,"comment_status":"closed","ping_status":"closed","template":"","meta":{"_et_pb_use_builder":"on","_et_pb_old_content":"","_et_gb_content_width":"","_monsterinsights_skip_tracking":false,"_monsterinsights_sitenote_active":false,"_monsterinsights_sitenote_note":"","_monsterinsights_sitenote_category":0,"_joinchat":[],"footnotes":""},"class_list":["post-13684","page","type-page","status-publish","has-post-thumbnail","hentry","latest_post"],"_links":{"self":[{"href":"http:\/\/kukuk.com\/zh\/wp-json\/wp\/v2\/pages\/13684","targetHints":{"allow":["GET"]}}],"collection":[{"href":"http:\/\/kukuk.com\/zh\/wp-json\/wp\/v2\/pages"}],"about":[{"href":"http:\/\/kukuk.com\/zh\/wp-json\/wp\/v2\/types\/page"}],"author":[{"embeddable":true,"href":"http:\/\/kukuk.com\/zh\/wp-json\/wp\/v2\/users\/3"}],"replies":[{"embeddable":true,"href":"http:\/\/kukuk.com\/zh\/wp-json\/wp\/v2\/comments?post=13684"}],"version-history":[{"count":0,"href":"http:\/\/kukuk.com\/zh\/wp-json\/wp\/v2\/pages\/13684\/revisions"}],"wp:featuredmedia":[{"embeddable":true,"href":"http:\/\/kukuk.com\/zh\/wp-json\/wp\/v2\/media\/13537"}],"wp:attachment":[{"href":"http:\/\/kukuk.com\/zh\/wp-json\/wp\/v2\/media?parent=13684"}],"curies":[{"name":"wp","href":"https:\/\/api.w.org\/{rel}","templated":true}]}}