{"id":10397,"date":"2020-11-20T16:35:57","date_gmt":"2020-11-20T15:35:57","guid":{"rendered":"https:\/\/www.kukuk.com\/?page_id=10397"},"modified":"2023-03-02T18:17:54","modified_gmt":"2023-03-02T17:17:54","slug":"kukuk","status":"publish","type":"page","link":"https:\/\/kukuk.com\/es\/kukuk\/","title":{"rendered":"Pel\u00edcula Kukuk"},"content":{"rendered":"<figure class=\"wp-block-image size-full\"><img loading=\"lazy\" decoding=\"async\" width=\"6400\" height=\"3600\" src=\"https:\/\/www.kukuk.com\/wp-content\/uploads\/Youtube-Titelbilder-Kukuk-YouTube-Displayanzeige-2.png\" alt=\"\" class=\"wp-image-15540\"\/><\/figure>\n\n\n\n<p class=\"has-text-align-center\">Un nuevo formato que nos gustar\u00eda presentar a <strong>\u00a1T\u00fa!<\/strong><\/p>\n\n\n\n<p class=\"has-text-align-center\">El equipo de Kukuk viaja por todo el mundo realizando inspecciones forenses previas a la compra de coches de colecci\u00f3n modernos y de \u00e9poca, raros y codiciados, explorando su procedencia, estado y originalidad hasta el m\u00e1s m\u00ednimo detalle. <\/p>\n\n\n\n<p>Le introduciremos en el mundo de las restauraciones y revisiones de coches cl\u00e1sicos, le mostraremos <a rel=\"noreferrer noopener\" href=\"https:\/\/www.kukuk.com\/forensik\/\" target=\"_blank\">m\u00e9todos forenses<\/a>Comparta consejos y trucos sobre coches cl\u00e1sicos y deportivos, comparta informaci\u00f3n sobre el sector, hable con los principales expertos del mundo del autom\u00f3vil y mucho m\u00e1s.<\/p>\n\n\n\n<p class=\"has-text-align-center\"><strong>\u00a1Y AHORA te llevamos con nosotros! <\/strong><\/p>\n\n\n\n<div class=\"wp-block-columns is-layout-flex wp-container-core-columns-is-layout-9d6595d7 wp-block-columns-is-layout-flex\">\n<div class=\"wp-block-column is-layout-flow wp-block-column-is-layout-flow\">\n<figure class=\"wp-block-embed is-type-video is-provider-youtube wp-block-embed-youtube wp-embed-aspect-16-9 wp-has-aspect-ratio\"><div class=\"wp-block-embed__wrapper\">\n<iframe loading=\"lazy\" title=\"Petroltalk para la conservaci\u00f3n del patrimonio automovil\u00edstico en el Drivers &amp; Business Club de M\u00fanich\" width=\"767\" height=\"431\" src=\"https:\/\/www.youtube.com\/embed\/jj9HdILWzOA?feature=oembed\" frameborder=\"0\" allow=\"accelerometer; autoplay; clipboard-write; encrypted-media; gyroscope; picture-in-picture; web-share\" allowfullscreen><\/iframe>\n<\/div><\/figure>\n\n\n\n<figure class=\"wp-block-embed is-type-video is-provider-youtube wp-block-embed-youtube wp-embed-aspect-16-9 wp-has-aspect-ratio\"><div class=\"wp-block-embed__wrapper\">\n<iframe loading=\"lazy\" title=\"Kukuk Christmas Tour 2021 - Viaje de Navidad con Piaggio Ape\" width=\"767\" height=\"431\" src=\"https:\/\/www.youtube.com\/embed\/gajJHq0TqDQ?feature=oembed\" frameborder=\"0\" allow=\"accelerometer; autoplay; clipboard-write; encrypted-media; gyroscope; picture-in-picture; web-share\" allowfullscreen><\/iframe>\n<\/div><figcaption><strong>\u00a1Feliz Navidad y pr\u00f3spero a\u00f1o nuevo! <\/strong><\/figcaption><\/figure>\n\n\n\n<figure class=\"wp-block-embed is-type-video is-provider-youtube wp-block-embed-youtube wp-embed-aspect-16-9 wp-has-aspect-ratio\"><div class=\"wp-block-embed__wrapper\">\n<iframe loading=\"lazy\" title=\"REEL: 4 maneras de identificar un n\u00famero de bastidor falso I TIKTOK\" width=\"767\" height=\"431\" src=\"https:\/\/www.youtube.com\/embed\/s2VN8gYQYoQ?feature=oembed\" frameborder=\"0\" allow=\"accelerometer; autoplay; clipboard-write; encrypted-media; gyroscope; picture-in-picture; web-share\" allowfullscreen><\/iframe>\n<\/div><figcaption>REEL: 4 maneras de identificar r\u00e1pidamente un n\u00famero de bastidor falso<\/figcaption><\/figure>\n\n\n\n<figure class=\"wp-block-embed is-type-video is-provider-youtube wp-block-embed-youtube wp-embed-aspect-16-9 wp-has-aspect-ratio\"><div class=\"wp-block-embed__wrapper\">\n<iframe loading=\"lazy\" title=\"\u00a1La estructura de pintura correcta cuenta! Junto con OCC visitamos Standox I Pintura I Coche cl\u00e1sico\" width=\"767\" height=\"431\" src=\"https:\/\/www.youtube.com\/embed\/zYKPc8MZpg0?feature=oembed\" frameborder=\"0\" allow=\"accelerometer; autoplay; clipboard-write; encrypted-media; gyroscope; picture-in-picture; web-share\" allowfullscreen><\/iframe>\n<\/div><figcaption>M\u00e1s que pintura - Visitamos Standox junto con OCC Parte 2\/2<\/figcaption><\/figure>\n\n\n\n<figure class=\"wp-block-embed is-type-video is-provider-youtube wp-block-embed-youtube wp-embed-aspect-16-9 wp-has-aspect-ratio\"><div class=\"wp-block-embed__wrapper\">\n<iframe loading=\"lazy\" title=\"Vehicle Examination Part II - Lecture: Restauraci\u00f3n de veh\u00edculos I TH K\u00f6ln I Tecnolog\u00eda de veh\u00edculos I SS21\" width=\"767\" height=\"431\" src=\"https:\/\/www.youtube.com\/embed\/F8qkLlOd9fc?feature=oembed\" frameborder=\"0\" allow=\"accelerometer; autoplay; clipboard-write; encrypted-media; gyroscope; picture-in-picture; web-share\" allowfullscreen><\/iframe>\n<\/div><figcaption>Conferencia Parte 2<\/figcaption><\/figure>\n\n\n\n<figure class=\"wp-block-embed is-type-video is-provider-youtube wp-block-embed-youtube wp-embed-aspect-16-9 wp-has-aspect-ratio\"><div class=\"wp-block-embed__wrapper\">\n<iframe loading=\"lazy\" title=\"Una sonrisa en Pascua con nuestro #KukuksEgg\" width=\"767\" height=\"431\" src=\"https:\/\/www.youtube.com\/embed\/T9dfwHlWIuE?feature=oembed\" frameborder=\"0\" allow=\"accelerometer; autoplay; clipboard-write; encrypted-media; gyroscope; picture-in-picture; web-share\" allowfullscreen><\/iframe>\n<\/div><figcaption>Felices Pascuas ? Regalamos una sonrisa en Pascua con nuestro <a href=\"https:\/\/www.youtube.com\/hashtag\/kukuksei\">#KukuksEgg<\/a>\u200b &nbsp;<\/figcaption><\/figure>\n\n\n\n<figure class=\"wp-block-embed is-type-video is-provider-youtube wp-block-embed-youtube wp-embed-aspect-16-9 wp-has-aspect-ratio\"><div class=\"wp-block-embed__wrapper\">\n<iframe loading=\"lazy\" title=\"(\u00a1Detecci\u00f3n de n\u00fameros de bastidor falsos y sellado con MRT! I Kukuk I Innovador I Ciencia y coches\" width=\"767\" height=\"431\" src=\"https:\/\/www.youtube.com\/embed\/nIuOJLN430U?feature=oembed\" frameborder=\"0\" allow=\"accelerometer; autoplay; clipboard-write; encrypted-media; gyroscope; picture-in-picture; web-share\" allowfullscreen><\/iframe>\n<\/div><figcaption>Detecci\u00f3n de n\u00fameros de bastidor falsos y sellado con MRT I Kukuk I Innovador I Ciencia y coches I original<\/figcaption><\/figure>\n\n\n\n<figure class=\"wp-block-embed is-type-video is-provider-youtube wp-block-embed-youtube wp-embed-aspect-16-9 wp-has-aspect-ratio\"><div class=\"wp-block-embed__wrapper\">\n<iframe loading=\"lazy\" title=\"\u00daltima Navidad - Kukuk&#039;s Christmastour 2020\" width=\"767\" height=\"431\" src=\"https:\/\/www.youtube.com\/embed\/rv7IvmT9ndk?feature=oembed\" frameborder=\"0\" allow=\"accelerometer; autoplay; clipboard-write; encrypted-media; gyroscope; picture-in-picture; web-share\" allowfullscreen><\/iframe>\n<\/div><figcaption>\u00daltima Navidad - Kukuk's Christmastour 2020<\/figcaption><\/figure>\n\n\n\n<p><\/p>\n<\/div>\n\n\n\n<div class=\"wp-block-column is-layout-flow wp-block-column-is-layout-flow\">\n<figure class=\"wp-block-embed is-type-video is-provider-youtube wp-block-embed-youtube wp-embed-aspect-16-9 wp-has-aspect-ratio\"><div class=\"wp-block-embed__wrapper\">\n<iframe loading=\"lazy\" title=\"\u00bfPrimera capa sobre GRP? No hay problema. Visitamos DP Motorsport junto con OCC y Elektrophysik (2\/2)\" width=\"767\" height=\"431\" src=\"https:\/\/www.youtube.com\/embed\/5w-Es3hPDNU?feature=oembed\" frameborder=\"0\" allow=\"accelerometer; autoplay; clipboard-write; encrypted-media; gyroscope; picture-in-picture; web-share\" allowfullscreen><\/iframe>\n<\/div><figcaption>Medici\u00f3n del espesor de la pel\u00edcula de pintura en GRP y CFRP - Visitamos la empresa DP Motorsport junto con OCC y ElektroPhysik (Parte 2\/2)<\/figcaption><\/figure>\n\n\n\n<figure class=\"wp-block-embed is-type-video is-provider-youtube wp-block-embed-youtube wp-embed-aspect-16-9 wp-has-aspect-ratio\"><div class=\"wp-block-embed__wrapper\">\n<iframe loading=\"lazy\" title=\"Pintura para autom\u00f3viles: \u00a1mucho m\u00e1s que pintura! Junto con OCC visitamos Standox I Pintura I Coche cl\u00e1sico\" width=\"767\" height=\"431\" src=\"https:\/\/www.youtube.com\/embed\/kdag628LFNY?feature=oembed\" frameborder=\"0\" allow=\"accelerometer; autoplay; clipboard-write; encrypted-media; gyroscope; picture-in-picture; web-share\" allowfullscreen><\/iframe>\n<\/div><figcaption>M\u00e1s que pintura - Visitamos Standox junto con OCC Parte 1\/2<\/figcaption><\/figure>\n\n\n\n<figure class=\"wp-block-embed is-type-video is-provider-youtube wp-block-embed-youtube wp-embed-aspect-16-9 wp-has-aspect-ratio\"><div class=\"wp-block-embed__wrapper\">\n<iframe loading=\"lazy\" title=\"Vehicle Examination Part I - Lecture: Restauraci\u00f3n de veh\u00edculos I TH K\u00f6ln I Fahrzeugtechnik I SS21\" width=\"767\" height=\"431\" src=\"https:\/\/www.youtube.com\/embed\/QF2aurgxFmc?feature=oembed\" frameborder=\"0\" allow=\"accelerometer; autoplay; clipboard-write; encrypted-media; gyroscope; picture-in-picture; web-share\" allowfullscreen><\/iframe>\n<\/div><figcaption>Conferencia Parte 1<\/figcaption><\/figure>\n\n\n\n<figure class=\"wp-block-embed is-type-video is-provider-youtube wp-block-embed-youtube wp-embed-aspect-16-9 wp-has-aspect-ratio\"><div class=\"wp-block-embed__wrapper\">\n<iframe loading=\"lazy\" title=\"(DE) Kukuk Film: MRT - \u00bfEs falso el n\u00famero de bastidor? \u00a1Nosotros lo descubrimos! Tipo C | Ciencia y medicina forense\" width=\"767\" height=\"431\" src=\"https:\/\/www.youtube.com\/embed\/8n3V50DPHMk?start=80&#038;feature=oembed\" frameborder=\"0\" allow=\"accelerometer; autoplay; clipboard-write; encrypted-media; gyroscope; picture-in-picture; web-share\" allowfullscreen><\/iframe>\n<\/div><figcaption>M\u00e9todo de magnetorresonancia<\/figcaption><\/figure>\n\n\n\n<figure class=\"wp-block-embed is-type-video is-provider-youtube wp-block-embed-youtube wp-embed-aspect-16-9 wp-has-aspect-ratio\"><div class=\"wp-block-embed__wrapper\">\n<iframe loading=\"lazy\" title=\"\u00bfTiene el BMW E9 3.0 CSL chapa fina? Ultrasonidos para la medici\u00f3n de carrocer\u00edas y bastidores \/ Ingenieurb\u00fcro Kukuk\" width=\"767\" height=\"431\" src=\"https:\/\/www.youtube.com\/embed\/RvpYc0ZmA2c?feature=oembed\" frameborder=\"0\" allow=\"accelerometer; autoplay; clipboard-write; encrypted-media; gyroscope; picture-in-picture; web-share\" allowfullscreen><\/iframe>\n<\/div><figcaption>Kukuk @ BMW Group Classic: Medici\u00f3n ultras\u00f3nica para determinar el grosor del material<\/figcaption><\/figure>\n\n\n\n<figure class=\"wp-block-embed is-type-video is-provider-youtube wp-block-embed-youtube wp-embed-aspect-16-9 wp-has-aspect-ratio\"><div class=\"wp-block-embed__wrapper\">\n<iframe loading=\"lazy\" title=\"A\u00f1o Nuevo 2021 - Happy Good Year Tour\" width=\"767\" height=\"431\" src=\"https:\/\/www.youtube.com\/embed\/Rg71veKp3jA?feature=oembed\" frameborder=\"0\" allow=\"accelerometer; autoplay; clipboard-write; encrypted-media; gyroscope; picture-in-picture; web-share\" allowfullscreen><\/iframe>\n<\/div><figcaption>A\u00f1o Nuevo 2021 - Happy Good Year Tour<\/figcaption><\/figure>\n\n\n\n<figure class=\"wp-block-embed is-type-video is-provider-youtube wp-block-embed-youtube wp-embed-aspect-16-9 wp-has-aspect-ratio\"><div class=\"wp-block-embed__wrapper\">\n<iframe loading=\"lazy\" title=\"(ES) Laura&#039;s Garage - Restoration Progress x Luli&#039;co: Laura pinta su Fiat 600 de 1957.\" width=\"767\" height=\"431\" src=\"https:\/\/www.youtube.com\/embed\/MGFtXJ0WMlQ?feature=oembed\" frameborder=\"0\" allow=\"accelerometer; autoplay; clipboard-write; encrypted-media; gyroscope; picture-in-picture; web-share\" allowfullscreen><\/iframe>\n<\/div><figcaption>Proceso de pintura del Fiat 600<\/figcaption><\/figure>\n<\/div>\n\n\n\n<div class=\"wp-block-column is-layout-flow wp-block-column-is-layout-flow\">\n<figure class=\"wp-block-embed is-type-video is-provider-youtube wp-block-embed-youtube wp-embed-aspect-16-9 wp-has-aspect-ratio\"><div class=\"wp-block-embed__wrapper\">\n<iframe loading=\"lazy\" title=\"Utilizaci\u00f3n de ultrasonidos para medir el grosor de los revestimientos Junto con OCC visitamos ElektroPhysik (Parte 1\/2)\" width=\"767\" height=\"431\" src=\"https:\/\/www.youtube.com\/embed\/72WoaaT0mxc?feature=oembed\" frameborder=\"0\" allow=\"accelerometer; autoplay; clipboard-write; encrypted-media; gyroscope; picture-in-picture; web-share\" allowfullscreen><\/iframe>\n<\/div><figcaption>Medici\u00f3n del espesor de la pel\u00edcula de pintura: \u00bfqu\u00e9 m\u00e9todos existen, d\u00f3nde y c\u00f3mo se fabrican los aparatos y qu\u00e9 posibilidades tengo con una medici\u00f3n de este tipo? Junto con OCC visitamos la empresa ElektroPhysik en Colonia (Parte 1\/2)<\/figcaption><\/figure>\n\n\n\n<figure class=\"wp-block-embed is-type-video is-provider-youtube wp-block-embed-youtube wp-embed-aspect-16-9 wp-has-aspect-ratio\"><div class=\"wp-block-embed__wrapper\">\n<iframe loading=\"lazy\" title=\"Inspecci\u00f3n t\u00e9cnica de veh\u00edculos Parte III - Clase: Restauraci\u00f3n de veh\u00edculos I TH K\u00f6ln I Fahrzeugtechnik I SS21\" width=\"767\" height=\"431\" src=\"https:\/\/www.youtube.com\/embed\/0DyAwNZBVBs?feature=oembed\" frameborder=\"0\" allow=\"accelerometer; autoplay; clipboard-write; encrypted-media; gyroscope; picture-in-picture; web-share\" allowfullscreen><\/iframe>\n<\/div><figcaption>Conferencia Parte 3<\/figcaption><\/figure>\n\n\n\n<figure class=\"wp-block-embed is-type-video is-provider-youtube wp-block-embed-youtube wp-embed-aspect-16-9 wp-has-aspect-ratio\"><div class=\"wp-block-embed__wrapper\">\n<iframe loading=\"lazy\" title=\"(ES) Laura&#039;s Garage - Restoration Progress: Laura spray paints her Fiat 600 from 1957 I Espa\u00f1ol\" width=\"767\" height=\"431\" src=\"https:\/\/www.youtube.com\/embed\/nfi42_C7Oig?feature=oembed\" frameborder=\"0\" allow=\"accelerometer; autoplay; clipboard-write; encrypted-media; gyroscope; picture-in-picture; web-share\" allowfullscreen><\/iframe>\n<\/div><figcaption>Proceso de pintura (ingl\u00e9s)<\/figcaption><\/figure>\n\n\n\n<figure class=\"wp-block-embed is-type-video is-provider-youtube wp-block-embed-youtube wp-embed-aspect-16-9 wp-has-aspect-ratio\"><div class=\"wp-block-embed__wrapper\">\n<iframe loading=\"lazy\" title=\"Un asunto grasiento - El mundo del an\u00e1lisis de lubricantes \/ Ingenieurb\u00fcro Kukuk\" width=\"767\" height=\"431\" src=\"https:\/\/www.youtube.com\/embed\/t7PP1_A3or4?feature=oembed\" frameborder=\"0\" allow=\"accelerometer; autoplay; clipboard-write; encrypted-media; gyroscope; picture-in-picture; web-share\" allowfullscreen><\/iframe>\n<\/div><figcaption>Kukuk @ Oelcheck: El mundo del an\u00e1lisis de lubricantes<\/figcaption><\/figure>\n\n\n\n<figure class=\"wp-block-embed is-type-video is-provider-youtube wp-block-embed-youtube wp-embed-aspect-16-9 wp-has-aspect-ratio\"><div class=\"wp-block-embed__wrapper\">\n<iframe loading=\"lazy\" title=\"\u00daltima Navidad - Kukuk&#039;s Christmastour en moto 2020\" width=\"767\" height=\"431\" src=\"https:\/\/www.youtube.com\/embed\/d1CbRNKonP4?feature=oembed\" frameborder=\"0\" allow=\"accelerometer; autoplay; clipboard-write; encrypted-media; gyroscope; picture-in-picture; web-share\" allowfullscreen><\/iframe>\n<\/div><figcaption>\u00daltima Navidad - Kukuk's Christmastour en moto 2020<\/figcaption><\/figure>\n\n\n\n<figure class=\"wp-block-embed is-type-video is-provider-youtube wp-block-embed-youtube wp-embed-aspect-16-9 wp-has-aspect-ratio\"><div class=\"wp-block-embed__wrapper\">\n<iframe loading=\"lazy\" title=\"Classics-to-Click 2021 I Autenticaci\u00f3n y conservaci\u00f3n de coches cl\u00e1sicos I MRT I Kukuk I #EchtOCC\" width=\"767\" height=\"431\" src=\"https:\/\/www.youtube.com\/embed\/m6GGvasbbus?feature=oembed\" frameborder=\"0\" allow=\"accelerometer; autoplay; clipboard-write; encrypted-media; gyroscope; picture-in-picture; web-share\" allowfullscreen><\/iframe>\n<\/div><figcaption>Cl\u00e1sicos a golpe de clic 2021<\/figcaption><\/figure>\n\n\n\n<figure class=\"wp-block-embed is-type-video is-provider-youtube wp-block-embed-youtube wp-embed-aspect-16-9 wp-has-aspect-ratio\"><div class=\"wp-block-embed__wrapper\">\n<iframe loading=\"lazy\" title=\"An\u00e1lisis espectral: \u00a1nos ponemos en su piel! El an\u00e1lisis de materiales para determinar la edad\" width=\"767\" height=\"431\" src=\"https:\/\/www.youtube.com\/embed\/S964qrMXcvk?feature=oembed\" frameborder=\"0\" allow=\"accelerometer; autoplay; clipboard-write; encrypted-media; gyroscope; picture-in-picture; web-share\" allowfullscreen><\/iframe>\n<\/div><figcaption>Kukuk @ B&amp;F Touring-Garage: El an\u00e1lisis espectral para determinar la composici\u00f3n del material<\/figcaption><\/figure>\n<\/div>\n<\/div>\n\n\n\n<p class=\"has-text-align-center\">Todas nuestras pel\u00edculas est\u00e1n producidas por <a rel=\"noreferrer noopener\" href=\"http:\/\/www.niclasvonglahn.com\" target=\"_blank\">Niclas von Glahn<\/a> <\/p>\n\n\n\n<h3 class=\"has-text-align-center wp-block-heading\">V\u00eddeos hist\u00f3ricos y de inter\u00e9s<\/h3>\n\n\n\n<div class=\"wp-block-columns is-layout-flex wp-container-core-columns-is-layout-9d6595d7 wp-block-columns-is-layout-flex\">\n<div class=\"wp-block-column is-layout-flow wp-block-column-is-layout-flow\">\n<figure class=\"wp-block-video\"><video controls src=\"https:\/\/www.kukuk.com\/wp-content\/uploads\/CZRW1713-1.mp4\"><\/video><figcaption>Prueba del Renault Alpine en Lech, Austria <br>Parte 1\/2<\/figcaption><\/figure>\n\n\n\n<figure class=\"wp-block-video\"><video controls src=\"https:\/\/www.kukuk.com\/wp-content\/uploads\/BNUY4599-1.mp4\"><\/video><figcaption>Prueba del Renault Alpine en Lech, Austria<br>Parte 2\/2<\/figcaption><\/figure>\n<\/div>\n\n\n\n<div class=\"wp-block-column is-layout-flow wp-block-column-is-layout-flow\">\n<figure class=\"wp-block-embed is-type-video is-provider-youtube wp-block-embed-youtube wp-embed-aspect-16-9 wp-has-aspect-ratio\"><div class=\"wp-block-embed__wrapper\">\n<iframe loading=\"lazy\" title=\"Porsche 356 Carrera Speedster Zagato: Sanci\u00f3n perdida\" width=\"767\" height=\"431\" src=\"https:\/\/www.youtube.com\/embed\/BVXlN1AG064?feature=oembed\" frameborder=\"0\" allow=\"accelerometer; autoplay; clipboard-write; encrypted-media; gyroscope; picture-in-picture; web-share\" allowfullscreen><\/iframe>\n<\/div><figcaption>Mire a partir del minuto 5 y siga el proceso que nosotros tambi\u00e9n utilizamos con frecuencia: Transformaci\u00f3n de im\u00e1genes originales en un modelo digital -&gt; ideal para comparar un cuerpo \/ bastidor excitante y verificar su autenticidad o fabricar uno nuevo.<\/figcaption><\/figure>\n\n\n\n<figure class=\"wp-block-embed is-type-video is-provider-youtube wp-block-embed-youtube wp-embed-aspect-16-9 wp-has-aspect-ratio\"><div class=\"wp-block-embed__wrapper\">\n<iframe loading=\"lazy\" title=\"Making of del Alfa Romeo Disco Volante by Touring\" width=\"767\" height=\"431\" src=\"https:\/\/www.youtube.com\/embed\/hOnj4PZC2Lk?feature=oembed\" frameborder=\"0\" allow=\"accelerometer; autoplay; clipboard-write; encrypted-media; gyroscope; picture-in-picture; web-share\" allowfullscreen><\/iframe>\n<\/div><figcaption>Making of del Alfa Romeo Disco Volante by Touring<\/figcaption><\/figure>\n\n\n\n<figure class=\"wp-block-video\"><video height=\"360\" style=\"aspect-ratio: 450 \/ 360;\" width=\"450\" controls src=\"https:\/\/www.kukuk.com\/wp-content\/uploads\/Bergamo-Historic-Gran-Prix-Storico-1.mov\"><\/video><figcaption>Gran Premio Hist\u00f3rico de B\u00e9rgamo<\/figcaption><\/figure>\n\n\n\n<figure class=\"wp-block-video\"><video controls src=\"https:\/\/www.kukuk.com\/wp-content\/uploads\/1.mp4\"><\/video><figcaption>Porsche: Hecho a mano 1\/5<\/figcaption><\/figure>\n\n\n\n<figure class=\"wp-block-video\"><video height=\"360\" style=\"aspect-ratio: 480 \/ 360;\" width=\"480\" controls src=\"https:\/\/www.kukuk.com\/wp-content\/uploads\/2.mp4\"><\/video><figcaption>Porsche: Hecho a mano 2\/5<\/figcaption><\/figure>\n\n\n\n<figure class=\"wp-block-video\"><video height=\"360\" style=\"aspect-ratio: 480 \/ 360;\" width=\"480\" controls src=\"https:\/\/www.kukuk.com\/wp-content\/uploads\/3.mp4\"><\/video><figcaption>Porsche: Hecho a mano 3\/5<\/figcaption><\/figure>\n\n\n\n<figure class=\"wp-block-video\"><video height=\"360\" style=\"aspect-ratio: 480 \/ 360;\" width=\"480\" controls src=\"https:\/\/www.kukuk.com\/wp-content\/uploads\/4.mp4\"><\/video><figcaption>Porsche: Hecho a mano 4\/5<\/figcaption><\/figure>\n\n\n\n<figure class=\"wp-block-video\"><video height=\"360\" style=\"aspect-ratio: 480 \/ 360;\" width=\"480\" controls src=\"https:\/\/www.kukuk.com\/wp-content\/uploads\/5.mp4\"><\/video><figcaption>Porsche: Hecho a mano 5\/5<\/figcaption><\/figure>\n<\/div>\n<\/div>","protected":false},"excerpt":{"rendered":"<p>Un nuevo formato que nos gustar\u00eda presentarle. El Kukuk-Team viaja por todo el mundo realizando inspecciones forenses previas a la compra de coches de colecci\u00f3n modernos y de \u00e9poca raros y codiciados, explorando su procedencia, estado y originalidad hasta el m\u00e1s m\u00ednimo detalle. Le introduciremos en el mundo de los coches cl\u00e1sicos ... <\/p>","protected":false},"author":3,"featured_media":15540,"parent":0,"menu_order":0,"comment_status":"closed","ping_status":"closed","template":"","meta":{"_et_pb_use_builder":"","_et_pb_old_content":"","_et_gb_content_width":"","_monsterinsights_skip_tracking":false,"_monsterinsights_sitenote_active":false,"_monsterinsights_sitenote_note":"","_monsterinsights_sitenote_category":0,"_joinchat":[],"footnotes":""},"class_list":["post-10397","page","type-page","status-publish","has-post-thumbnail","hentry","latest_post"],"_links":{"self":[{"href":"https:\/\/kukuk.com\/es\/wp-json\/wp\/v2\/pages\/10397","targetHints":{"allow":["GET"]}}],"collection":[{"href":"https:\/\/kukuk.com\/es\/wp-json\/wp\/v2\/pages"}],"about":[{"href":"https:\/\/kukuk.com\/es\/wp-json\/wp\/v2\/types\/page"}],"author":[{"embeddable":true,"href":"https:\/\/kukuk.com\/es\/wp-json\/wp\/v2\/users\/3"}],"replies":[{"embeddable":true,"href":"https:\/\/kukuk.com\/es\/wp-json\/wp\/v2\/comments?post=10397"}],"version-history":[{"count":0,"href":"https:\/\/kukuk.com\/es\/wp-json\/wp\/v2\/pages\/10397\/revisions"}],"wp:featuredmedia":[{"embeddable":true,"href":"https:\/\/kukuk.com\/es\/wp-json\/wp\/v2\/media\/15540"}],"wp:attachment":[{"href":"https:\/\/kukuk.com\/es\/wp-json\/wp\/v2\/media?parent=10397"}],"curies":[{"name":"wp","href":"https:\/\/api.w.org\/{rel}","templated":true}]}}