{"id":11560,"date":"2021-03-26T17:40:05","date_gmt":"2021-03-26T16:40:05","guid":{"rendered":"https:\/\/www.kukuk.com\/?page_id=11560"},"modified":"2021-04-07T19:17:37","modified_gmt":"2021-04-07T17:17:37","slug":"oster-aktion-2021-die-grosse-eiersuche-auf-4-raedern","status":"publish","type":"page","link":"https:\/\/kukuk.com\/es\/oster-aktion-2021-die-grosse-eiersuche-auf-4-raedern\/","title":{"rendered":"Una sonrisa en Pascua con nuestro #KukuksEgg"},"content":{"rendered":"<figure class=\"wp-block-embed-youtube wp-block-embed is-type-video is-provider-youtube wp-embed-aspect-16-9 wp-has-aspect-ratio\"><div class=\"wp-block-embed__wrapper\">\n<iframe loading=\"lazy\" title=\"Una sonrisa en Pascua con nuestro #KukuksEgg\" width=\"767\" height=\"431\" src=\"https:\/\/www.youtube.com\/embed\/T9dfwHlWIuE?feature=oembed\" frameborder=\"0\" allow=\"accelerometer; autoplay; clipboard-write; encrypted-media; gyroscope; picture-in-picture\" allowfullscreen><\/iframe>\n<\/div><\/figure>\n\n\n\n<h4 class=\"has-text-align-center wp-block-heading\">Carta de agradecimiento - \u00a1Hemos conseguido difundir nuestra energ\u00eda positiva! <\/h4>\n\n\n\n<figure class=\"wp-block-gallery columns-3 is-cropped wp-block-gallery-1 is-layout-flex wp-block-gallery-is-layout-flex\"><ul class=\"blocks-gallery-grid\"><li class=\"blocks-gallery-item\"><figure><img decoding=\"async\" src=\"https:\/\/www.kukuk.com\/wp-content\/uploads\/1-17-724x1024.jpg\" alt=\"\" data-id=\"11655\" data-full-url=\"https:\/\/www.kukuk.com\/wp-content\/uploads\/1-17-scaled.jpg\" data-link=\"https:\/\/www.kukuk.com\/1-21\/\" class=\"wp-image-11655\"\/><\/figure><\/li><li class=\"blocks-gallery-item\"><figure><img decoding=\"async\" src=\"https:\/\/www.kukuk.com\/wp-content\/uploads\/2-5-719x1024.jpg\" alt=\"\" data-id=\"11653\" data-full-url=\"https:\/\/www.kukuk.com\/wp-content\/uploads\/2-5.jpg\" data-link=\"https:\/\/www.kukuk.com\/2-10\/\" class=\"wp-image-11653\"\/><\/figure><\/li><li class=\"blocks-gallery-item\"><figure><img decoding=\"async\" src=\"https:\/\/www.kukuk.com\/wp-content\/uploads\/3-5-724x1024.jpg\" alt=\"\" data-id=\"11654\" data-full-url=\"https:\/\/www.kukuk.com\/wp-content\/uploads\/3-5-scaled.jpg\" data-link=\"https:\/\/www.kukuk.com\/3-9\/\" class=\"wp-image-11654\"\/><\/figure><\/li><\/ul><\/figure>\n\n\n\n<p>Desde hace m\u00e1s de un a\u00f1o vivimos en un \"mundo al rev\u00e9s\", todo es diferente y tenemos que ir reestructur\u00e1ndonos, desechando h\u00e1bitos o reinvent\u00e1ndonos. Desgraciadamente, fiestas como la Navidad y la Semana Santa no est\u00e1n exentas, por lo que este a\u00f1o tambi\u00e9n tenemos que hacer frente a la nueva normativa y reinventar la celebraci\u00f3n tal y como la conocemos.\u00a0<\/p>\n\n\n\n<p>Nos encontramos en una especie de pausa interminable y la mayor pregunta: \"\u00bfCu\u00e1ndo volver\u00e1n a darle al play?\". La frustraci\u00f3n, la tristeza y la desesperaci\u00f3n son grandes, todo el mundo, desde los peque\u00f1os a los grandes, desde los j\u00f3venes a los mayores, est\u00e1 luchando contra la pandemia y sus consecuencias de formas muy diferentes, pero una cosa nos une: las fiestas como la Pascua: una celebraci\u00f3n de la resurrecci\u00f3n y el amor.&nbsp;<\/p>\n\n\n\n<p>Nuestra idea: queremos difundir energ\u00eda positiva, se\u00f1alar \"\u00a1Aguanta!\" y, lo m\u00e1s importante, evocar una sonrisa en los labios en estos d\u00edas tan grises, en consonancia con el lema de Colonia \"<strong>Et h\u00e4tt noch jot jejange!\".&nbsp;<\/strong><\/p>\n\n\n\n<figure class=\"wp-block-gallery columns-3 is-cropped wp-block-gallery-2 is-layout-flex wp-block-gallery-is-layout-flex\"><ul class=\"blocks-gallery-grid\"><li class=\"blocks-gallery-item\"><figure><img decoding=\"async\" src=\"https:\/\/www.kukuk.com\/wp-content\/uploads\/morris-1.jpg\" alt=\"\" data-id=\"11609\" data-full-url=\"https:\/\/www.kukuk.com\/wp-content\/uploads\/morris-1.jpg\" data-link=\"https:\/\/www.kukuk.com\/morris-1\/\" class=\"wp-image-11609\"\/><\/figure><\/li><li class=\"blocks-gallery-item\"><figure><img decoding=\"async\" src=\"https:\/\/www.kukuk.com\/wp-content\/uploads\/morris-2-scaled-e1617174924954-1024x732.jpg\" alt=\"\" data-id=\"11610\" data-full-url=\"https:\/\/www.kukuk.com\/wp-content\/uploads\/morris-2-scaled-e1617174924954.jpg\" data-link=\"https:\/\/www.kukuk.com\/morris-2\/\" class=\"wp-image-11610\"\/><\/figure><\/li><li class=\"blocks-gallery-item\"><figure><img decoding=\"async\" src=\"https:\/\/www.kukuk.com\/wp-content\/uploads\/IMG_1774-8-1024x768.jpg\" alt=\"\" data-id=\"11564\" data-full-url=\"https:\/\/www.kukuk.com\/wp-content\/uploads\/IMG_1774-8-scaled-e1617174893312.jpg\" data-link=\"https:\/\/www.kukuk.com\/img_1774-8\/\" class=\"wp-image-11564\"\/><\/figure><\/li><li class=\"blocks-gallery-item\"><figure><img decoding=\"async\" src=\"https:\/\/www.kukuk.com\/wp-content\/uploads\/IIOR0688-1024x802.jpg\" alt=\"\" data-id=\"11562\" data-full-url=\"https:\/\/www.kukuk.com\/wp-content\/uploads\/IIOR0688-scaled.jpg\" data-link=\"https:\/\/www.kukuk.com\/iior0688\/\" class=\"wp-image-11562\"\/><\/figure><\/li><\/ul><\/figure>\n\n\n\n<p>Con este fin, hemos decidido r\u00e1pidamente convertir nuestro Morris Minor Traveller Woodie de 1968 en un \"huevo de Pascua rodante\" alias #KukuksEgg el lunes, tras el anuncio de las nuevas normas de cierre.<br><br>Ya en 1986, Klaus distribuy\u00f3 campanas de Pascua en su autob\u00fas Ford Transit a clientes, amigos y familiares, y puso una sonrisa en sus caras. Desde entonces seguimos con esta tradici\u00f3n, ya sea en Navidad, a finales de a\u00f1o o en Pascua: queremos dar las gracias y repartir alegr\u00eda. Este a\u00f1o tambi\u00e9n estamos en la carretera con nuestro Oldie, visitando a nuestros clientes, nuevos y antiguos, jardines de infancia y escuelas, \u00a1y dando las gracias!<\/p>\n\n\n\n<p>Cada sonrisa, cada saludo, un intercambio de calidez y amor al pr\u00f3jimo: un sentimiento hermoso, que difundimos una y otra vez durante los d\u00edas de Pascua. Para ello, los ni\u00f1os de nuestro personal y del barrio pintaron huevos de Pascua, tallaron dos conejitos de madera, los pintaron y transformamos nuestro Morris en un \"huevo de Pascua rodante\": el #KukuksEi. Un colorido veh\u00edculo que ya ha llamado mucho la atenci\u00f3n y ha dibujado sonrisas en los rostros durante los \u00faltimos d\u00edas.&nbsp;<\/p>\n\n\n\n<figure class=\"wp-block-gallery columns-3 is-cropped wp-block-gallery-3 is-layout-flex wp-block-gallery-is-layout-flex\"><ul class=\"blocks-gallery-grid\"><li class=\"blocks-gallery-item\"><figure><img loading=\"lazy\" decoding=\"async\" width=\"1024\" height=\"683\" src=\"https:\/\/www.kukuk.com\/wp-content\/uploads\/FVWA8479-1024x683.jpg\" alt=\"\" data-id=\"10575\" data-full-url=\"https:\/\/www.kukuk.com\/wp-content\/uploads\/FVWA8479-scaled.jpg\" data-link=\"https:\/\/www.kukuk.com\/fvwa8479\/\" class=\"wp-image-10575\" srcset=\"https:\/\/kukuk.com\/wp-content\/uploads\/FVWA8479-1024x683.jpg 1024w, https:\/\/kukuk.com\/wp-content\/uploads\/FVWA8479-scaled-600x400.jpg 600w, https:\/\/kukuk.com\/wp-content\/uploads\/FVWA8479-300x200.jpg 300w, https:\/\/kukuk.com\/wp-content\/uploads\/FVWA8479-1536x1024.jpg 1536w, https:\/\/kukuk.com\/wp-content\/uploads\/FVWA8479-2048x1365.jpg 2048w, https:\/\/kukuk.com\/wp-content\/uploads\/FVWA8479-90x60.jpg 90w, https:\/\/kukuk.com\/wp-content\/uploads\/FVWA8479-480x320.jpg 480w, https:\/\/kukuk.com\/wp-content\/uploads\/FVWA8479-420x280.jpg 420w\" sizes=\"(max-width: 1024px) 100vw, 1024px\" \/><figcaption class=\"blocks-gallery-item__caption\">2020 - Morris desde 1968<\/figcaption><\/figure><\/li><li class=\"blocks-gallery-item\"><figure><img loading=\"lazy\" decoding=\"async\" width=\"1024\" height=\"768\" src=\"https:\/\/www.kukuk.com\/wp-content\/uploads\/IMG_3887-3-1024x768.jpg\" alt=\"\" data-id=\"10547\" data-full-url=\"https:\/\/www.kukuk.com\/wp-content\/uploads\/IMG_3887-3-scaled.jpg\" data-link=\"https:\/\/www.kukuk.com\/img_3887-3\/\" class=\"wp-image-10547\" srcset=\"https:\/\/kukuk.com\/wp-content\/uploads\/IMG_3887-3-1024x768.jpg 1024w, https:\/\/kukuk.com\/wp-content\/uploads\/IMG_3887-3-scaled-600x450.jpg 600w, https:\/\/kukuk.com\/wp-content\/uploads\/IMG_3887-3-300x225.jpg 300w, https:\/\/kukuk.com\/wp-content\/uploads\/IMG_3887-3-1536x1152.jpg 1536w, https:\/\/kukuk.com\/wp-content\/uploads\/IMG_3887-3-2048x1536.jpg 2048w, https:\/\/kukuk.com\/wp-content\/uploads\/IMG_3887-3-80x60.jpg 80w, https:\/\/kukuk.com\/wp-content\/uploads\/IMG_3887-3-921x692.jpg 921w, https:\/\/kukuk.com\/wp-content\/uploads\/IMG_3887-3-470x352.jpg 470w\" sizes=\"(max-width: 1024px) 100vw, 1024px\" \/><figcaption class=\"blocks-gallery-item__caption\">2021 - Morris de 1968<\/figcaption><\/figure><\/li><li class=\"blocks-gallery-item\"><figure><img loading=\"lazy\" decoding=\"async\" width=\"576\" height=\"1024\" src=\"https:\/\/www.kukuk.com\/wp-content\/uploads\/MGVG3241-576x1024.jpg\" alt=\"\" data-id=\"10533\" data-full-url=\"https:\/\/www.kukuk.com\/wp-content\/uploads\/MGVG3241.jpg\" data-link=\"https:\/\/www.kukuk.com\/mgvg3241\/\" class=\"wp-image-10533\" srcset=\"https:\/\/kukuk.com\/wp-content\/uploads\/MGVG3241-576x1024.jpg 576w, https:\/\/kukuk.com\/wp-content\/uploads\/MGVG3241-600x1067.jpg 600w, https:\/\/kukuk.com\/wp-content\/uploads\/MGVG3241-169x300.jpg 169w, https:\/\/kukuk.com\/wp-content\/uploads\/MGVG3241-864x1536.jpg 864w, https:\/\/kukuk.com\/wp-content\/uploads\/MGVG3241-34x60.jpg 34w, https:\/\/kukuk.com\/wp-content\/uploads\/MGVG3241.jpg 899w\" sizes=\"(max-width: 576px) 100vw, 576px\" \/><figcaption class=\"blocks-gallery-item__caption\">1988 - Citroen a partir de 1923<\/figcaption><\/figure><\/li><li class=\"blocks-gallery-item\"><figure><img loading=\"lazy\" decoding=\"async\" width=\"768\" height=\"1024\" src=\"https:\/\/www.kukuk.com\/wp-content\/uploads\/MBXE5847-768x1024.jpg\" alt=\"\" data-id=\"10532\" data-full-url=\"https:\/\/www.kukuk.com\/wp-content\/uploads\/MBXE5847.jpg\" data-link=\"https:\/\/www.kukuk.com\/mbxe5847\/\" class=\"wp-image-10532\" srcset=\"https:\/\/kukuk.com\/wp-content\/uploads\/MBXE5847-768x1024.jpg 768w, https:\/\/kukuk.com\/wp-content\/uploads\/MBXE5847-600x800.jpg 600w, https:\/\/kukuk.com\/wp-content\/uploads\/MBXE5847-225x300.jpg 225w, https:\/\/kukuk.com\/wp-content\/uploads\/MBXE5847-1152x1536.jpg 1152w, https:\/\/kukuk.com\/wp-content\/uploads\/MBXE5847-45x60.jpg 45w, https:\/\/kukuk.com\/wp-content\/uploads\/MBXE5847.jpg 1200w\" sizes=\"(max-width: 768px) 100vw, 768px\" \/><figcaption class=\"blocks-gallery-item__caption\">2001 - Cortine Desgouttes de 1910<\/figcaption><\/figure><\/li><li class=\"blocks-gallery-item\"><figure><img loading=\"lazy\" decoding=\"async\" width=\"1024\" height=\"659\" src=\"https:\/\/www.kukuk.com\/wp-content\/uploads\/Photo-15.12.20-13-24-26-1024x659.jpg\" alt=\"\" data-id=\"10589\" data-full-url=\"https:\/\/www.kukuk.com\/wp-content\/uploads\/Photo-15.12.20-13-24-26-scaled.jpg\" data-link=\"https:\/\/www.kukuk.com\/photo-15-12-20-13-24-26\/\" class=\"wp-image-10589\" srcset=\"https:\/\/kukuk.com\/wp-content\/uploads\/Photo-15.12.20-13-24-26-1024x659.jpg 1024w, https:\/\/kukuk.com\/wp-content\/uploads\/Photo-15.12.20-13-24-26-scaled-600x386.jpg 600w, https:\/\/kukuk.com\/wp-content\/uploads\/Photo-15.12.20-13-24-26-300x193.jpg 300w, https:\/\/kukuk.com\/wp-content\/uploads\/Photo-15.12.20-13-24-26-1536x988.jpg 1536w, https:\/\/kukuk.com\/wp-content\/uploads\/Photo-15.12.20-13-24-26-2048x1318.jpg 2048w, https:\/\/kukuk.com\/wp-content\/uploads\/Photo-15.12.20-13-24-26-93x60.jpg 93w\" sizes=\"(max-width: 1024px) 100vw, 1024px\" \/><figcaption class=\"blocks-gallery-item__caption\">1990 - Morgan desde 1989<\/figcaption><\/figure><\/li><li class=\"blocks-gallery-item\"><figure><img loading=\"lazy\" decoding=\"async\" width=\"1024\" height=\"710\" src=\"https:\/\/www.kukuk.com\/wp-content\/uploads\/MG-TD-1024x710.jpg\" alt=\"\" data-id=\"10600\" data-full-url=\"https:\/\/www.kukuk.com\/wp-content\/uploads\/MG-TD-scaled.jpg\" data-link=\"https:\/\/www.kukuk.com\/mg-td\/\" class=\"wp-image-10600\" srcset=\"https:\/\/kukuk.com\/wp-content\/uploads\/MG-TD-1024x710.jpg 1024w, https:\/\/kukuk.com\/wp-content\/uploads\/MG-TD-scaled-600x416.jpg 600w, https:\/\/kukuk.com\/wp-content\/uploads\/MG-TD-300x208.jpg 300w, https:\/\/kukuk.com\/wp-content\/uploads\/MG-TD-1536x1064.jpg 1536w, https:\/\/kukuk.com\/wp-content\/uploads\/MG-TD-2048x1419.jpg 2048w, https:\/\/kukuk.com\/wp-content\/uploads\/MG-TD-87x60.jpg 87w\" sizes=\"(max-width: 1024px) 100vw, 1024px\" \/><figcaption class=\"blocks-gallery-item__caption\">1990 - MG TD de 1952<\/figcaption><\/figure><\/li><\/ul><\/figure>\n\n\n\n<p>Una costumbre que nos gusta mucho y que hemos continuado este a\u00f1o en A\u00f1o Nuevo. Aqu\u00ed decoramos nuestro Morris Minor con neum\u00e1ticos del Grupo 4 \"Good Year\", a\u00f1adimos 2021 y condujimos durante 4 semanas en la vida cotidiana (<a href=\"https:\/\/youtu.be\/rv7IvmT9ndk\">\u00daltima Navidad - Kukuk's Christmastour 2020<\/a>&nbsp;&amp;&nbsp;<a href=\"https:\/\/youtu.be\/d1CbRNKonP4\">\u00daltima Navidad - Kukuk's Christmastour en moto 2020<\/a>&nbsp;&amp;&nbsp;<a href=\"https:\/\/youtu.be\/Rg71veKp3jA\">A\u00f1o Nuevo 2021 - Happy Good Year Tour<\/a>). <\/p>\n\n\n\n<p><a href=\"https:\/\/youtu.be\/rv7IvmT9ndk\">youtu.be\/rv7IvmT9ndk(se abre en una nueva pesta\u00f1a)<\/a><\/p>\n\n\n\n<div class=\"wp-block-columns is-layout-flex wp-container-core-columns-is-layout-9d6595d7 wp-block-columns-is-layout-flex\">\n<div class=\"wp-block-column is-layout-flow wp-block-column-is-layout-flow\">\n<figure class=\"wp-block-embed-youtube wp-block-embed is-type-video is-provider-youtube wp-embed-aspect-16-9 wp-has-aspect-ratio\"><div class=\"wp-block-embed__wrapper\">\n<iframe loading=\"lazy\" title=\"\u00daltima Navidad - Kukuk&#039;s Christmastour 2020\" width=\"767\" height=\"431\" src=\"https:\/\/www.youtube.com\/embed\/rv7IvmT9ndk?feature=oembed\" frameborder=\"0\" allow=\"accelerometer; autoplay; clipboard-write; encrypted-media; gyroscope; picture-in-picture\" allowfullscreen><\/iframe>\n<\/div><\/figure>\n<\/div>\n\n\n\n<div class=\"wp-block-column is-layout-flow wp-block-column-is-layout-flow\">\n<figure class=\"wp-block-embed-youtube wp-block-embed is-type-video is-provider-youtube wp-embed-aspect-16-9 wp-has-aspect-ratio\"><div class=\"wp-block-embed__wrapper\">\n<iframe loading=\"lazy\" title=\"\u00daltima Navidad - Kukuk&#039;s Christmastour en moto 2020\" width=\"767\" height=\"431\" src=\"https:\/\/www.youtube.com\/embed\/d1CbRNKonP4?feature=oembed\" frameborder=\"0\" allow=\"accelerometer; autoplay; clipboard-write; encrypted-media; gyroscope; picture-in-picture\" allowfullscreen><\/iframe>\n<\/div><\/figure>\n<\/div>\n\n\n\n<div class=\"wp-block-column is-layout-flow wp-block-column-is-layout-flow\">\n<figure class=\"wp-block-embed-youtube wp-block-embed is-type-video is-provider-youtube wp-embed-aspect-16-9 wp-has-aspect-ratio\"><div class=\"wp-block-embed__wrapper\">\n<iframe loading=\"lazy\" title=\"A\u00f1o Nuevo 2021 - Happy Good Year Tour\" width=\"767\" height=\"431\" src=\"https:\/\/www.youtube.com\/embed\/Rg71veKp3jA?feature=oembed\" frameborder=\"0\" allow=\"accelerometer; autoplay; clipboard-write; encrypted-media; gyroscope; picture-in-picture\" allowfullscreen><\/iframe>\n<\/div><\/figure>\n<\/div>\n<\/div>\n\n\n\n<p>Cada sonrisa, cada saludo, un intercambio de calor y amor vecinal... vali\u00f3 la pena, y este es exactamente el sentimiento que queremos difundir una y otra vez durante los d\u00edas de Pascua. Para ello, los ni\u00f1os de nuestro personal y del barrio pintaron huevos de Pascua, tallaron y pintaron dos conejitos de madera y transformamos nuestro Morris en un \"huevo de Pascua rodante\". Un colorido veh\u00edculo que ya ha llamado mucho la atenci\u00f3n y ha dibujado sonrisas en los rostros durante los \u00faltimos d\u00edas.&nbsp;<\/p>\n\n\n\n<p><strong>Nuestra idea para los d\u00edas de encierro reforzado de la pr\u00f3xima semana: queremos colocar el \"huevo de Pascua rodante\" dos veces al d\u00eda en otros lugares de Colonia e iniciar una especie de \"caza del huevo de Pascua\".&nbsp;<\/strong><\/p>\n\n\n\n<figure class=\"wp-block-video\"><video controls src=\"https:\/\/www.kukuk.com\/wp-content\/uploads\/LOWX4148.mov\"><\/video><\/figure>\n\n\n\n<figure class=\"wp-block-video\"><video controls src=\"https:\/\/www.kukuk.com\/wp-content\/uploads\/GSJX5936.mov\"><\/video><\/figure>","protected":false},"excerpt":{"rendered":"<p>Carta de agradecimiento - \u00a1Hemos conseguido difundir nuestra energ\u00eda positiva! Llevamos m\u00e1s de un a\u00f1o viviendo en un \"mundo patas arriba\", todo es diferente y constantemente tenemos que reestructurarnos, deshacernos de h\u00e1bitos o reinventarnos. Desgraciadamente, las fiestas como Navidad y Semana Santa no est\u00e1n exentas y ... <\/p>","protected":false},"author":3,"featured_media":0,"parent":0,"menu_order":0,"comment_status":"closed","ping_status":"closed","template":"","meta":{"_et_pb_use_builder":"","_et_pb_old_content":"","_et_gb_content_width":"","_monsterinsights_skip_tracking":false,"_monsterinsights_sitenote_active":false,"_monsterinsights_sitenote_note":"","_monsterinsights_sitenote_category":0,"_joinchat":[],"footnotes":""},"class_list":["post-11560","page","type-page","status-publish","hentry","latest_post"],"_links":{"self":[{"href":"https:\/\/kukuk.com\/es\/wp-json\/wp\/v2\/pages\/11560","targetHints":{"allow":["GET"]}}],"collection":[{"href":"https:\/\/kukuk.com\/es\/wp-json\/wp\/v2\/pages"}],"about":[{"href":"https:\/\/kukuk.com\/es\/wp-json\/wp\/v2\/types\/page"}],"author":[{"embeddable":true,"href":"https:\/\/kukuk.com\/es\/wp-json\/wp\/v2\/users\/3"}],"replies":[{"embeddable":true,"href":"https:\/\/kukuk.com\/es\/wp-json\/wp\/v2\/comments?post=11560"}],"version-history":[{"count":0,"href":"https:\/\/kukuk.com\/es\/wp-json\/wp\/v2\/pages\/11560\/revisions"}],"wp:attachment":[{"href":"https:\/\/kukuk.com\/es\/wp-json\/wp\/v2\/media?parent=11560"}],"curies":[{"name":"wp","href":"https:\/\/api.w.org\/{rel}","templated":true}]}}