{"id":11736,"date":"2021-04-14T17:06:48","date_gmt":"2021-04-14T15:06:48","guid":{"rendered":"https:\/\/www.kukuk.com\/?page_id=11736"},"modified":"2021-12-08T17:32:58","modified_gmt":"2021-12-08T16:32:58","slug":"analisis-de-materiales","status":"publish","type":"page","link":"https:\/\/kukuk.com\/es\/materialanalyse\/","title":{"rendered":"An\u00e1lisis de materiales - OES"},"content":{"rendered":"<h2 class=\"wp-block-heading\">Autenticaci\u00f3n mediante espectrometr\u00eda<\/h2>\n\n\n\n<p>La espectrometr\u00eda (espectrometr\u00eda de emisi\u00f3n \u00f3ptica, OEM) se utiliza para determinar la composici\u00f3n del material, es decir, los elementos que lo componen en porcentaje. Posteriormente, se puede determinar la edad del material en funci\u00f3n de los elementos y el proceso de fabricaci\u00f3n, en el mejor de los casos con una precisi\u00f3n de hasta una d\u00e9cada.<\/p>\n\n\n\n<p>S\u00f3lo utilizamos m\u00e9todos acreditados: An\u00e1lisis espectral, OES de chispa para an\u00e1lisis de materiales sofisticados. Mantenemos una variedad de m\u00e9todos anal\u00edticos para satisfacer de forma \u00f3ptima sus requisitos. <strong>Uso m\u00f3vil e in situ en su veh\u00edculo <\/strong>determinamos la composici\u00f3n qu\u00edmica de los materiales con gran precisi\u00f3n y, a continuaci\u00f3n, podemos realizar un an\u00e1lisis de originalidad y dataci\u00f3n con nuestros analistas jurados de materiales. No es necesario retirar ning\u00fan material, tomar ninguna muestra ni adoptar otras medidas destructivas.<\/p>\n\n\n\n<p>La espectrometr\u00eda, como m\u00e9todo forense\/cient\u00edfico de comprobaci\u00f3n de la autenticidad de un veh\u00edculo, se utiliza en nuestra oficina de ingenier\u00eda. <strong>desde 1986 <\/strong>aplicada. Desde hace 9 a\u00f1os, podemos llevar a cabo la determinaci\u00f3n de la composici\u00f3n del material, en el rango de calidad \/ mil\u00e9simas requerido, de forma casi no destructiva y m\u00f3vil. Esto significa que podemos llevar a cabo la investigaci\u00f3n correspondiente en cualquier momento, tanto a nivel nacional como internacional. Hasta la fecha, hemos podido ampliar nuestra experiencia en las costas occidental y oriental de Norteam\u00e9rica, Sudam\u00e9rica, Tokio, Mosc\u00fa, norte de Italia, Inglaterra, B\u00e9lgica, Pa\u00edses Bajos, Suiza y en Austria.<\/p>\n\n\n\n<div class=\"wp-block-columns is-layout-flex wp-container-core-columns-is-layout-9d6595d7 wp-block-columns-is-layout-flex\">\n<div class=\"wp-block-column is-layout-flow wp-block-column-is-layout-flow\">\n<figure class=\"wp-block-image size-large\"><img loading=\"lazy\" decoding=\"async\" width=\"1024\" height=\"683\" src=\"https:\/\/www.kukuk.com\/wp-content\/uploads\/DS44159-1024x683.jpg\" alt=\"\" class=\"wp-image-10794\" srcset=\"https:\/\/kukuk.com\/wp-content\/uploads\/DS44159-1024x683.jpg 1024w, https:\/\/kukuk.com\/wp-content\/uploads\/DS44159-scaled-600x400.jpg 600w, https:\/\/kukuk.com\/wp-content\/uploads\/DS44159-300x200.jpg 300w, https:\/\/kukuk.com\/wp-content\/uploads\/DS44159-1536x1024.jpg 1536w, https:\/\/kukuk.com\/wp-content\/uploads\/DS44159-2048x1365.jpg 2048w, https:\/\/kukuk.com\/wp-content\/uploads\/DS44159-90x60.jpg 90w, https:\/\/kukuk.com\/wp-content\/uploads\/DS44159-480x320.jpg 480w, https:\/\/kukuk.com\/wp-content\/uploads\/DS44159-420x280.jpg 420w\" sizes=\"(max-width: 1024px) 100vw, 1024px\" \/><\/figure>\n<\/div>\n\n\n\n<div class=\"wp-block-column is-layout-flow wp-block-column-is-layout-flow\">\n<figure class=\"wp-block-image size-full\"><img loading=\"lazy\" decoding=\"async\" width=\"609\" height=\"300\" src=\"https:\/\/www.kukuk.com\/wp-content\/uploads\/EAWTE1625-2-e1614094236288.jpg\" alt=\"\" class=\"wp-image-10676\" srcset=\"https:\/\/kukuk.com\/wp-content\/uploads\/EAWTE1625-2-e1614094236288.jpg 609w, https:\/\/kukuk.com\/wp-content\/uploads\/EAWTE1625-2-e1614094236288-600x296.jpg 600w, https:\/\/kukuk.com\/wp-content\/uploads\/EAWTE1625-2-e1614094236288-300x148.jpg 300w, https:\/\/kukuk.com\/wp-content\/uploads\/EAWTE1625-2-e1614094236288-122x60.jpg 122w\" sizes=\"(max-width: 609px) 100vw, 609px\" \/><\/figure>\n<\/div>\n\n\n\n<div class=\"wp-block-column is-layout-flow wp-block-column-is-layout-flow\">\n<figure class=\"wp-block-image size-large\"><img loading=\"lazy\" decoding=\"async\" width=\"1024\" height=\"768\" src=\"https:\/\/www.kukuk.com\/wp-content\/uploads\/IMG_8019-1024x768.jpg\" alt=\"\" class=\"wp-image-10895\" srcset=\"https:\/\/kukuk.com\/wp-content\/uploads\/IMG_8019-1024x768.jpg 1024w, https:\/\/kukuk.com\/wp-content\/uploads\/IMG_8019-scaled-600x450.jpg 600w, https:\/\/kukuk.com\/wp-content\/uploads\/IMG_8019-300x225.jpg 300w, https:\/\/kukuk.com\/wp-content\/uploads\/IMG_8019-1536x1152.jpg 1536w, https:\/\/kukuk.com\/wp-content\/uploads\/IMG_8019-2048x1536.jpg 2048w, https:\/\/kukuk.com\/wp-content\/uploads\/IMG_8019-80x60.jpg 80w, https:\/\/kukuk.com\/wp-content\/uploads\/IMG_8019-921x692.jpg 921w, https:\/\/kukuk.com\/wp-content\/uploads\/IMG_8019-470x352.jpg 470w\" sizes=\"(max-width: 1024px) 100vw, 1024px\" \/><\/figure>\n<\/div>\n<\/div>\n\n\n\n<div class=\"wp-block-columns is-layout-flex wp-container-core-columns-is-layout-9d6595d7 wp-block-columns-is-layout-flex\">\n<div class=\"wp-block-column is-layout-flow wp-block-column-is-layout-flow\">\n<p><strong>An\u00e1lisis de metales y aleaciones en el espectr\u00f3metro de chispa<\/strong><\/p>\n\n\n\n<p>Con este m\u00e9todo pueden analizarse todos los materiales met\u00e1licos habituales:<\/p>\n\n\n\n<ul class=\"wp-block-list\"><li>Hierro fundido<\/li><li>aceros no aleados<\/li><li>Aceros de baja aleaci\u00f3n<\/li><li>Aceros inoxidables de baja y alta aleaci\u00f3n<\/li><li>Materiales y aleaciones de aluminio<\/li><li>Materiales y aleaciones de cobre<\/li><li>Aleaciones a base de n\u00edquel<\/li><li>Materiales de titanio<\/li><\/ul>\n\n\n\n<p>Nuestro espectr\u00f3metro de emisi\u00f3n de chispa m\u00f3vil de alta precisi\u00f3n de Spectro se utiliza para la determinaci\u00f3n cualitativa y cuantitativa precisa de elementos qu\u00edmicos en metales, utilizando el espectro de emisi\u00f3n \u00f3ptica de \u00e1tomos o iones at\u00f3micos. Determina todos los elementos utilizados en la industria metal\u00fargica, incluido el an\u00e1lisis de trazas de carbono, f\u00f3sforo, azufre y nitr\u00f3geno.<\/p>\n\n\n\n<ul class=\"wp-block-list\"><li>M\u00e9todos acreditados:ASTM E 1086 2014 M\u00e9todo de ensayo est\u00e1ndar para el an\u00e1lisis de acero inoxidable austen\u00edtico por espectrometr\u00eda de emisi\u00f3n at\u00f3mica de chispa.&nbsp;<\/li><li>ASTM E 1999 2018 M\u00e9todo de prueba est\u00e1ndar para el an\u00e1lisis de hierro fundido por espectrometr\u00eda de emisi\u00f3n at\u00f3mica de chispa.&nbsp;<\/li><li>&nbsp;ASTM E 415 2017 M\u00e9todo de ensayo est\u00e1ndar para el an\u00e1lisis de acero al carbono y de baja aleaci\u00f3n mediante espectrometr\u00eda de emisi\u00f3n at\u00f3mica de chispa.&nbsp;&nbsp;<\/li><li>DIN EN 14726 2019-06 Aluminio y aleaciones de aluminio - Determinaci\u00f3n de la composici\u00f3n qu\u00edmica del aluminio y aleaciones de aluminio por espectrometr\u00eda de emisi\u00f3n \u00f3ptica con excitaci\u00f3n de chispa&nbsp;<\/li><li>&nbsp;ASTM E 2209 2013 M\u00e9todo de ensayo est\u00e1ndar para el an\u00e1lisis de acero de alto contenido en manganeso mediante espectrometr\u00eda de emisi\u00f3n at\u00f3mica de chispa.&nbsp;&nbsp;<\/li><li>DIN EN 15079 2015-07 Cobre y aleaciones de cobre - An\u00e1lisis por espectrometr\u00eda de emisi\u00f3n \u00f3ptica excitada por chispa (F-OES)<\/li><\/ul>\n<\/div>\n<\/div>\n\n\n\n<p><strong>Radioespectr\u00f3metro OES<\/strong><\/p>\n\n\n\n<p>Un espectr\u00f3metro de chispa (espectr\u00f3metro de emisi\u00f3n de chispa) es un dispositivo para la determinaci\u00f3n cualitativa y cuantitativa de elementos qu\u00edmicos en metales y utiliza para ello el espectro de emisi\u00f3n \u00f3ptica de \u00e1tomos o iones at\u00f3micos (de ah\u00ed tambi\u00e9n espectr\u00f3metro de emisi\u00f3n \u00f3ptica de chispa o spark OES). Para los an\u00e1lisis se utiliza una chispa o arco el\u00e9ctrico entre un electrodo y una muestra de material preparada. Esto vaporiza el material de la muestra y excita los \u00e1tomos e iones liberados mediante el impacto de electrones. La radiaci\u00f3n emitida se divide \u00f3pticamente en sus componentes espectrales individuales. Cada elemento contenido en la muestra emite radiaci\u00f3n en varias longitudes de onda, que pueden detectarse mediante sensores semiconductores o multiplicadores de fotoelectrones. La intensidad de la radiaci\u00f3n medida de este modo es b\u00e1sicamente proporcional a la cantidad del elemento correspondiente y, por tanto, permite determinar su contenido o concentraci\u00f3n en el material de la muestra.<\/p>\n\n\n\n<figure class=\"wp-block-embed is-type-video is-provider-youtube wp-block-embed-youtube wp-embed-aspect-16-9 wp-has-aspect-ratio\"><div class=\"wp-block-embed__wrapper\">\n<iframe loading=\"lazy\" title=\"An\u00e1lisis espectral: \u00a1nos ponemos en su piel! El an\u00e1lisis de materiales para determinar la edad\" width=\"767\" height=\"431\" src=\"https:\/\/www.youtube.com\/embed\/S964qrMXcvk?feature=oembed\" frameborder=\"0\" allow=\"accelerometer; autoplay; clipboard-write; encrypted-media; gyroscope; picture-in-picture\" allowfullscreen><\/iframe>\n<\/div><\/figure>","protected":false},"excerpt":{"rendered":"<p>Authentifizierung mittels Spektrometrie Mittels Spektrometrie (Optische-Emissions-Spektrometrie, OEM) wird die Materialzusammensetzung, also die Elemente aus denen das vorliegende Material prozentual zusammengesetzt ist, ermittelt. Anschlie\u00dfend l\u00e4sst sich hierdurch das Alter des Materials, anhand der Elemente und dem Herstellungsprozess, bestenfalls bis auf ein Jahrzehnt genau bestimmen. Wir verwenden ausschlie\u00dflich akkreditierten Verfahren: Spektralanalyse, Funken-OES &hellip; <\/p>","protected":false},"author":3,"featured_media":10794,"parent":0,"menu_order":0,"comment_status":"closed","ping_status":"closed","template":"","meta":{"_et_pb_use_builder":"","_et_pb_old_content":"","_et_gb_content_width":"","_monsterinsights_skip_tracking":false,"_monsterinsights_sitenote_active":false,"_monsterinsights_sitenote_note":"","_monsterinsights_sitenote_category":0,"_joinchat":[],"footnotes":""},"class_list":["post-11736","page","type-page","status-publish","has-post-thumbnail","hentry","latest_post"],"_links":{"self":[{"href":"https:\/\/kukuk.com\/es\/wp-json\/wp\/v2\/pages\/11736","targetHints":{"allow":["GET"]}}],"collection":[{"href":"https:\/\/kukuk.com\/es\/wp-json\/wp\/v2\/pages"}],"about":[{"href":"https:\/\/kukuk.com\/es\/wp-json\/wp\/v2\/types\/page"}],"author":[{"embeddable":true,"href":"https:\/\/kukuk.com\/es\/wp-json\/wp\/v2\/users\/3"}],"replies":[{"embeddable":true,"href":"https:\/\/kukuk.com\/es\/wp-json\/wp\/v2\/comments?post=11736"}],"version-history":[{"count":0,"href":"https:\/\/kukuk.com\/es\/wp-json\/wp\/v2\/pages\/11736\/revisions"}],"wp:featuredmedia":[{"embeddable":true,"href":"https:\/\/kukuk.com\/es\/wp-json\/wp\/v2\/media\/10794"}],"wp:attachment":[{"href":"https:\/\/kukuk.com\/es\/wp-json\/wp\/v2\/media?parent=11736"}],"curies":[{"name":"wp","href":"https:\/\/api.w.org\/{rel}","templated":true}]}}