{"id":11745,"date":"2021-04-14T17:18:51","date_gmt":"2021-04-14T15:18:51","guid":{"rendered":"https:\/\/www.kukuk.com\/?page_id=11745"},"modified":"2021-09-18T22:06:22","modified_gmt":"2021-09-18T20:06:22","slug":"3d-scan-modell","status":"publish","type":"page","link":"https:\/\/kukuk.com\/es\/3d-scan-modell\/","title":{"rendered":"Escaneado 3D \/ modelo"},"content":{"rendered":"<h3 class=\"has-text-align-center wp-block-heading\">Examen de la originalidad de la carrocer\u00eda y el bastidor, verificaci\u00f3n de la calidad de la restauraci\u00f3n\/reparaci\u00f3n y evaluaci\u00f3n de los da\u00f1os.<\/h3>\n\n\n\n<div class=\"wp-block-image\"><figure class=\"aligncenter size-large is-resized\"><img loading=\"lazy\" decoding=\"async\" src=\"https:\/\/www.kukuk.com\/wp-content\/uploads\/Bild14.png\" alt=\"\" class=\"wp-image-11760\" width=\"254\" height=\"238\" srcset=\"https:\/\/kukuk.com\/wp-content\/uploads\/Bild14.png 425w, https:\/\/kukuk.com\/wp-content\/uploads\/Bild14-300x281.png 300w, https:\/\/kukuk.com\/wp-content\/uploads\/Bild14-64x60.png 64w\" sizes=\"(max-width: 254px) 100vw, 254px\" \/><figcaption>Escaneado del cuerpo del veh\u00edculo con el esc\u00e1ner port\u00e1til Zeiss T-Scan LV<\/figcaption><\/figure><\/div>\n\n\n\n<ul class=\"wp-block-list\"><li><em>Pruebas de originalidad mediante<\/em> A<em>Comparado con las fotos originales y la carrocer\u00eda existente, ...<\/em><\/li><li><em>Uso m\u00f3vil en cualquier momento y en cualquier lugar del mundo<\/em><\/li><li><em>Dimensionamiento, apoyo a la restauraci\u00f3n, modelo 3D para la producci\u00f3n de modelos de bastidores \/ piezas de repuesto, etc.<\/em><\/li><li><em>Llevamos utilizando esc\u00e1neres 3D, radiograf\u00edas 3D y modelos 3D con regularidad desde 2005.<\/em><\/li><\/ul>\n\n\n\n<p>Adem\u00e1s de la evaluaci\u00f3n puramente objetiva y visual del veh\u00edculo, un registro tridimensional de las carrocer\u00edas y los bastidores puede ayudar a responder a determinadas preguntas, sobre todo en lo que respecta a la autenticidad, la evaluaci\u00f3n de la restauraci\u00f3n, la ausencia de da\u00f1os y la originalidad.<\/p>\n\n\n\n<p>Para ello, la carrocer\u00eda o el bastidor se escanean tridimensionalmente con un esc\u00e1ner 3D. El resultado de dicho escaneado es una nube de puntos de medici\u00f3n, que se convierte en un modelo tridimensional del veh\u00edculo mediante software y reelaboraci\u00f3n. Este modelo 3D sirve de base para realizar mediciones y comparaciones con las especificaciones del fabricante. Adem\u00e1s, es posible registrar la torsi\u00f3n o compresi\u00f3n de una carrocer\u00eda o bastidor y planificar y llevar a cabo posibles medidas de reparaci\u00f3n en funci\u00f3n de ello.<\/p>\n\n\n\n<p>Se utilizan esc\u00e1neres 3D que emplean el m\u00e9todo de triangulaci\u00f3n activa y alcanzan una precisi\u00f3n de medici\u00f3n de hasta 0,01 mm. Un esc\u00e1ner 3D puede ser \u00fatil en el \u00e1mbito de los ex\u00e1menes t\u00e9cnicos y las tasaciones de valor, as\u00ed como en la valoraci\u00f3n de da\u00f1os. <\/p>\n\n\n\n<p>Posibles \u00e1mbitos de aplicaci\u00f3n: <\/p>\n\n\n\n<ul class=\"wp-block-list\"><li>Comprobaci\u00f3n de la precisi\u00f3n dimensional de una carrocer\u00eda o bastidor tras su restauraci\u00f3n <\/li><li>Comparaci\u00f3n de los resultados con las especificaciones del fabricante <\/li><li>Comprobaci\u00f3n de la torsi\u00f3n y\/o compresi\u00f3n de la carrocer\u00eda y el bastidor tras un accidente <\/li><li>Proceso de ingenier\u00eda inversa de piezas de recambio que ya no existen pero son necesarias<\/li><\/ul>\n\n\n\n<p>Para comprobar la autenticidad, es necesario compararla con las especificaciones del fabricante. Estas suelen perderse en el caso de piezas \u00fanicas y veh\u00edculos especialmente raros. En el pasado tambi\u00e9n se encontr\u00f3 una soluci\u00f3n para ello, que ahora se utiliza con regularidad.<\/p>\n\n\n\n<div class=\"wp-block-image\"><figure class=\"aligncenter size-large is-resized\"><a href=\"https:\/\/www.kukuk.com\/wp-content\/uploads\/3D-Scan-and-Modell.pdf\" target=\"_blank\" rel=\"noopener noreferrer\"><img loading=\"lazy\" decoding=\"async\" src=\"https:\/\/www.kukuk.com\/wp-content\/uploads\/3d-scan-1.jpg\" alt=\"\" class=\"wp-image-11850\" width=\"536\" height=\"358\" srcset=\"https:\/\/kukuk.com\/wp-content\/uploads\/3d-scan-1.jpg 909w, https:\/\/kukuk.com\/wp-content\/uploads\/3d-scan-1-600x402.jpg 600w, https:\/\/kukuk.com\/wp-content\/uploads\/3d-scan-1-300x201.jpg 300w, https:\/\/kukuk.com\/wp-content\/uploads\/3d-scan-1-90x60.jpg 90w, https:\/\/kukuk.com\/wp-content\/uploads\/3d-scan-1-480x320.jpg 480w, https:\/\/kukuk.com\/wp-content\/uploads\/3d-scan-1-420x280.jpg 420w\" sizes=\"(max-width: 536px) 100vw, 536px\" \/><\/a><\/figure><\/div>\n\n\n\n<h3 class=\"wp-block-heading\">Ejemplos de aplicaci\u00f3n <\/h3>\n\n\n\n<p><strong> Revisi\u00f3n de la calidad de la restauraci\u00f3n<\/strong><\/p>\n\n\n\n<div class=\"wp-block-columns is-layout-flex wp-container-core-columns-is-layout-9d6595d7 wp-block-columns-is-layout-flex\">\n<div class=\"wp-block-column is-layout-flow wp-block-column-is-layout-flow\">\n<figure class=\"wp-block-image size-large\"><img loading=\"lazy\" decoding=\"async\" width=\"687\" height=\"322\" src=\"https:\/\/www.kukuk.com\/wp-content\/uploads\/Bild2-1.png\" alt=\"\" class=\"wp-image-11763\" srcset=\"https:\/\/kukuk.com\/wp-content\/uploads\/Bild2-1.png 687w, https:\/\/kukuk.com\/wp-content\/uploads\/Bild2-1-600x281.png 600w, https:\/\/kukuk.com\/wp-content\/uploads\/Bild2-1-300x141.png 300w, https:\/\/kukuk.com\/wp-content\/uploads\/Bild2-1-128x60.png 128w\" sizes=\"(max-width: 687px) 100vw, 687px\" \/><figcaption><em>Eje central del veh\u00edculo Vista Z+<\/em><\/figcaption><\/figure>\n\n\n\n<figure class=\"wp-block-image size-large\"><img loading=\"lazy\" decoding=\"async\" width=\"687\" height=\"359\" src=\"https:\/\/www.kukuk.com\/wp-content\/uploads\/Bild4.png\" alt=\"\" class=\"wp-image-11759\" srcset=\"https:\/\/kukuk.com\/wp-content\/uploads\/Bild4.png 687w, https:\/\/kukuk.com\/wp-content\/uploads\/Bild4-600x314.png 600w, https:\/\/kukuk.com\/wp-content\/uploads\/Bild4-300x157.png 300w, https:\/\/kukuk.com\/wp-content\/uploads\/Bild4-115x60.png 115w\" sizes=\"(max-width: 687px) 100vw, 687px\" \/><figcaption><em>Lado de desviaci\u00f3n de la forma de izquierda a izquierda BEST-FIT<\/em><\/figcaption><\/figure>\n<\/div>\n\n\n\n<div class=\"wp-block-column is-layout-flow wp-block-column-is-layout-flow\">\n<figure class=\"wp-block-image size-large\"><img loading=\"lazy\" decoding=\"async\" width=\"687\" height=\"504\" src=\"https:\/\/www.kukuk.com\/wp-content\/uploads\/Bild1-2.png\" alt=\"\" class=\"wp-image-11762\" srcset=\"https:\/\/kukuk.com\/wp-content\/uploads\/Bild1-2.png 687w, https:\/\/kukuk.com\/wp-content\/uploads\/Bild1-2-600x440.png 600w, https:\/\/kukuk.com\/wp-content\/uploads\/Bild1-2-300x220.png 300w, https:\/\/kukuk.com\/wp-content\/uploads\/Bild1-2-82x60.png 82w\" sizes=\"(max-width: 687px) 100vw, 687px\" \/><figcaption><em>Veh\u00edculo de eje central<\/em><\/figcaption><\/figure>\n\n\n\n<figure class=\"wp-block-image size-large\"><img loading=\"lazy\" decoding=\"async\" width=\"687\" height=\"378\" src=\"https:\/\/www.kukuk.com\/wp-content\/uploads\/Bild3.png\" alt=\"\" class=\"wp-image-11758\" srcset=\"https:\/\/kukuk.com\/wp-content\/uploads\/Bild3.png 687w, https:\/\/kukuk.com\/wp-content\/uploads\/Bild3-600x330.png 600w, https:\/\/kukuk.com\/wp-content\/uploads\/Bild3-300x165.png 300w, https:\/\/kukuk.com\/wp-content\/uploads\/Bild3-109x60.png 109w\" sizes=\"(max-width: 687px) 100vw, 687px\" \/><figcaption><em>Lado de desviaci\u00f3n de la forma de derecha a izquierda BEST-FIT<\/em><\/figcaption><\/figure>\n<\/div>\n<\/div>\n\n\n\n<p><strong>Investigaci\u00f3n de la originalidad<\/strong><\/p>\n\n\n\n<p>Para comprobar la autenticidad de un veh\u00edculo, es posible comparar un modelo 3D creado previamente con fotograf\u00edas hist\u00f3ricas. Para ello, se coloca una estructura de cuadr\u00edcula 3D sobre las fotograf\u00edas hist\u00f3ricas utilizando m\u00e9todos fotogram\u00e9tricos. A partir de esta comparaci\u00f3n, se puede comprobar la autenticidad y originalidad de la carrocer\u00eda del veh\u00edculo previamente escaneada.<\/p>\n\n\n\n<figure class=\"wp-block-image size-large\"><img loading=\"lazy\" decoding=\"async\" width=\"1024\" height=\"510\" src=\"https:\/\/www.kukuk.com\/wp-content\/uploads\/wwd-1024x510.jpg\" alt=\"\" class=\"wp-image-11870\" srcset=\"https:\/\/kukuk.com\/wp-content\/uploads\/wwd-1024x510.jpg 1024w, https:\/\/kukuk.com\/wp-content\/uploads\/wwd-600x299.jpg 600w, https:\/\/kukuk.com\/wp-content\/uploads\/wwd-300x149.jpg 300w, https:\/\/kukuk.com\/wp-content\/uploads\/wwd-120x60.jpg 120w, https:\/\/kukuk.com\/wp-content\/uploads\/wwd.jpg 1070w\" sizes=\"(max-width: 1024px) 100vw, 1024px\" \/><\/figure>\n\n\n\n<p>A partir de im\u00e1genes originales de un BMW 328 MM, se cre\u00f3 un modelo en 3D. \u00c9ste sirvi\u00f3 no s\u00f3lo como base para la comparaci\u00f3n con negativos \/ fotograf\u00edas originales de la \u00e9poca (autentificaci\u00f3n del veh\u00edculo), sino tambi\u00e9n para la creaci\u00f3n de un modelo de bastidor que se fres\u00f3 en madera. Este modelo de bastidor era necesario para una restauraci\u00f3n precisa y profesional.<\/p>\n\n\n\n<div class=\"wp-block-columns is-layout-flex wp-container-core-columns-is-layout-9d6595d7 wp-block-columns-is-layout-flex\">\n<div class=\"wp-block-column is-layout-flow wp-block-column-is-layout-flow\">\n<figure class=\"wp-block-image size-large\"><img loading=\"lazy\" decoding=\"async\" width=\"1024\" height=\"552\" src=\"https:\/\/www.kukuk.com\/wp-content\/uploads\/bmw1-e1618506051650-1024x552.jpg\" alt=\"\" class=\"wp-image-11775\" srcset=\"https:\/\/kukuk.com\/wp-content\/uploads\/bmw1-e1618506051650-1024x552.jpg 1024w, https:\/\/kukuk.com\/wp-content\/uploads\/bmw1-e1618506051650-600x323.jpg 600w, https:\/\/kukuk.com\/wp-content\/uploads\/bmw1-e1618506051650-300x162.jpg 300w, https:\/\/kukuk.com\/wp-content\/uploads\/bmw1-e1618506051650-1536x827.jpg 1536w, https:\/\/kukuk.com\/wp-content\/uploads\/bmw1-e1618506051650-2048x1103.jpg 2048w, https:\/\/kukuk.com\/wp-content\/uploads\/bmw1-e1618506051650-111x60.jpg 111w\" sizes=\"(max-width: 1024px) 100vw, 1024px\" \/><figcaption>Comparaci\u00f3n de los datos del esc\u00e1ner corporal con...<\/figcaption><\/figure>\n<\/div>\n\n\n\n<div class=\"wp-block-column is-layout-flow wp-block-column-is-layout-flow\">\n<figure class=\"wp-block-image size-large\"><img loading=\"lazy\" decoding=\"async\" width=\"1024\" height=\"532\" src=\"https:\/\/www.kukuk.com\/wp-content\/uploads\/bmw2-e1618506079799-1024x532.jpg\" alt=\"\" class=\"wp-image-11777\" srcset=\"https:\/\/kukuk.com\/wp-content\/uploads\/bmw2-e1618506079799-1024x532.jpg 1024w, https:\/\/kukuk.com\/wp-content\/uploads\/bmw2-e1618506079799-600x312.jpg 600w, https:\/\/kukuk.com\/wp-content\/uploads\/bmw2-e1618506079799-300x156.jpg 300w, https:\/\/kukuk.com\/wp-content\/uploads\/bmw2-e1618506079799-1536x798.jpg 1536w, https:\/\/kukuk.com\/wp-content\/uploads\/bmw2-e1618506079799-2048x1063.jpg 2048w, https:\/\/kukuk.com\/wp-content\/uploads\/bmw2-e1618506079799-116x60.jpg 116w\" sizes=\"(max-width: 1024px) 100vw, 1024px\" \/><figcaption>... fotos originales<\/figcaption><\/figure>\n<\/div>\n<\/div>\n\n\n\n<p>Cooperamos con la <strong>Empresa Zeiss<\/strong> y establecer el <strong>Esc\u00e1ner port\u00e1til T-Scan LV,<\/strong> que funciona con el m\u00e9todo de secci\u00f3n unidimensional de la luz. El esc\u00e1ner se posicion\u00f3 mediante el sistema T-Track LV, que funciona a base de c\u00e1maras.<\/p>\n\n\n\n<div class=\"wp-block-columns is-layout-flex wp-container-core-columns-is-layout-9d6595d7 wp-block-columns-is-layout-flex\">\n<div class=\"wp-block-column is-layout-flow wp-block-column-is-layout-flow\">\n<figure class=\"wp-block-image size-large\"><img loading=\"lazy\" decoding=\"async\" width=\"605\" height=\"390\" src=\"https:\/\/www.kukuk.com\/wp-content\/uploads\/Bild6.png\" alt=\"\" class=\"wp-image-11766\" srcset=\"https:\/\/kukuk.com\/wp-content\/uploads\/Bild6.png 605w, https:\/\/kukuk.com\/wp-content\/uploads\/Bild6-600x387.png 600w, https:\/\/kukuk.com\/wp-content\/uploads\/Bild6-300x193.png 300w, https:\/\/kukuk.com\/wp-content\/uploads\/Bild6-93x60.png 93w\" sizes=\"(max-width: 605px) 100vw, 605px\" \/><\/figure>\n<\/div>\n\n\n\n<div class=\"wp-block-column is-layout-flow wp-block-column-is-layout-flow\">\n<figure class=\"wp-block-image size-large\"><img loading=\"lazy\" decoding=\"async\" width=\"687\" height=\"423\" src=\"https:\/\/www.kukuk.com\/wp-content\/uploads\/Bild5.png\" alt=\"\" class=\"wp-image-11764\" srcset=\"https:\/\/kukuk.com\/wp-content\/uploads\/Bild5.png 687w, https:\/\/kukuk.com\/wp-content\/uploads\/Bild5-600x369.png 600w, https:\/\/kukuk.com\/wp-content\/uploads\/Bild5-300x185.png 300w, https:\/\/kukuk.com\/wp-content\/uploads\/Bild5-97x60.png 97w\" sizes=\"(max-width: 687px) 100vw, 687px\" \/><\/figure>\n\n\n\n<p><\/p>\n<\/div>\n<\/div>","protected":false},"excerpt":{"rendered":"<p>Originalit\u00e4tsuntersuchung von Karosserie und Rahmen, \u00dcberpr\u00fcfung der Restaurierungs- \/ Reparaturqualit\u00e4t und Schadenermittlung Originalit\u00e4tsuntersuchungs mittels Abgleich originaler Fotos und vorliegender Karosserie, Rahmen &#8230; Mobiler Einsatz jeder Zeit und \u00fcberall auf der Welt Bema\u00dfung, Restaurierungsst\u00fctze, 3D-Modell zur Fertigung von Spantenmodell \/ Ersatzteilen etc Seit 2005 setzen wir 3D-Scanner, 3D-R\u00f6ntgen und 3D-Modelle regelm\u00e4\u00dfig &hellip; <\/p>","protected":false},"author":3,"featured_media":11760,"parent":0,"menu_order":0,"comment_status":"closed","ping_status":"closed","template":"","meta":{"_et_pb_use_builder":"","_et_pb_old_content":"","_et_gb_content_width":"","_monsterinsights_skip_tracking":false,"_monsterinsights_sitenote_active":false,"_monsterinsights_sitenote_note":"","_monsterinsights_sitenote_category":0,"_joinchat":[],"footnotes":""},"class_list":["post-11745","page","type-page","status-publish","has-post-thumbnail","hentry","latest_post"],"_links":{"self":[{"href":"https:\/\/kukuk.com\/es\/wp-json\/wp\/v2\/pages\/11745","targetHints":{"allow":["GET"]}}],"collection":[{"href":"https:\/\/kukuk.com\/es\/wp-json\/wp\/v2\/pages"}],"about":[{"href":"https:\/\/kukuk.com\/es\/wp-json\/wp\/v2\/types\/page"}],"author":[{"embeddable":true,"href":"https:\/\/kukuk.com\/es\/wp-json\/wp\/v2\/users\/3"}],"replies":[{"embeddable":true,"href":"https:\/\/kukuk.com\/es\/wp-json\/wp\/v2\/comments?post=11745"}],"version-history":[{"count":0,"href":"https:\/\/kukuk.com\/es\/wp-json\/wp\/v2\/pages\/11745\/revisions"}],"wp:featuredmedia":[{"embeddable":true,"href":"https:\/\/kukuk.com\/es\/wp-json\/wp\/v2\/media\/11760"}],"wp:attachment":[{"href":"https:\/\/kukuk.com\/es\/wp-json\/wp\/v2\/media?parent=11745"}],"curies":[{"name":"wp","href":"https:\/\/api.w.org\/{rel}","templated":true}]}}