{"id":12159,"date":"2021-09-21T19:17:48","date_gmt":"2021-09-21T17:17:48","guid":{"rendered":"https:\/\/www.kukuk.com\/?page_id=12159"},"modified":"2021-09-21T20:21:38","modified_gmt":"2021-09-21T18:21:38","slug":"inspeccion-de-cordones-de-soldadura","status":"publish","type":"page","link":"https:\/\/kukuk.com\/es\/schweissnahtpruefung\/","title":{"rendered":"Inspecci\u00f3n de cordones de soldadura"},"content":{"rendered":"<p>Inspecci\u00f3n visual<\/p>\n\n\n\n<p>Formaci\u00f3n de cr\u00e1teres en los extremos de las soldaduras<\/p>\n\n\n\n<p>Falta la costura de soldadura<\/p>\n\n\n\n<p>Corriente de retroceso y caudal no \u00f3ptimos<\/p>\n\n\n\n<p>Realizado con MMA (soldadura por electrodo)<\/p>\n\n\n\n<ul class=\"wp-block-list\"><li>Proceso de soldadura<ul><li>Proceso de soldadura por puntos<\/li><\/ul><\/li><li>Calidad<ul><li>Trabajo<ul><li>Falta de conservaci\u00f3n<\/li><\/ul><\/li><\/ul><\/li><li>Posicionamiento<ul><li>Costuras y chapas<\/li><\/ul><\/li><\/ul>\n\n\n\n<p><\/p>","protected":false},"excerpt":{"rendered":"<p>Inspecci\u00f3n visual Formaci\u00f3n de cr\u00e1teres en los extremos de la soldadura Falta de cord\u00f3n de soldadura Corriente de bajada y flujo no \u00f3ptimos Realizado con MMA (soldadura con electrodo) M\u00e9todo de soldadura M\u00e9todo de soldadura por puntos Calidad Trabajo de lego Falta de conservaci\u00f3n Posicionamiento de cordones y chapas<\/p>","protected":false},"author":3,"featured_media":0,"parent":0,"menu_order":0,"comment_status":"closed","ping_status":"closed","template":"","meta":{"_et_pb_use_builder":"","_et_pb_old_content":"","_et_gb_content_width":"","_monsterinsights_skip_tracking":false,"_monsterinsights_sitenote_active":false,"_monsterinsights_sitenote_note":"","_monsterinsights_sitenote_category":0,"_joinchat":[],"footnotes":""},"class_list":["post-12159","page","type-page","status-publish","hentry","latest_post"],"_links":{"self":[{"href":"https:\/\/kukuk.com\/es\/wp-json\/wp\/v2\/pages\/12159","targetHints":{"allow":["GET"]}}],"collection":[{"href":"https:\/\/kukuk.com\/es\/wp-json\/wp\/v2\/pages"}],"about":[{"href":"https:\/\/kukuk.com\/es\/wp-json\/wp\/v2\/types\/page"}],"author":[{"embeddable":true,"href":"https:\/\/kukuk.com\/es\/wp-json\/wp\/v2\/users\/3"}],"replies":[{"embeddable":true,"href":"https:\/\/kukuk.com\/es\/wp-json\/wp\/v2\/comments?post=12159"}],"version-history":[{"count":0,"href":"https:\/\/kukuk.com\/es\/wp-json\/wp\/v2\/pages\/12159\/revisions"}],"wp:attachment":[{"href":"https:\/\/kukuk.com\/es\/wp-json\/wp\/v2\/media?parent=12159"}],"curies":[{"name":"wp","href":"https:\/\/api.w.org\/{rel}","templated":true}]}}