{"id":12484,"date":"2021-09-18T17:38:14","date_gmt":"2021-09-18T15:38:14","guid":{"rendered":"https:\/\/www.kukuk.com\/?page_id=12484"},"modified":"2021-09-18T17:47:01","modified_gmt":"2021-09-18T15:47:01","slug":"medicion-del-espesor-de-la-pintura","status":"publish","type":"page","link":"https:\/\/kukuk.com\/es\/lackschichtdickenmessung\/","title":{"rendered":"Medici\u00f3n del grosor de la capa de laca"},"content":{"rendered":"<p>Existen esencialmente 3 m\u00e9todos de medici\u00f3n para llevar a cabo mediciones no destructivas del espesor de revestimientos, por ejemplo de mediciones del espesor de pintura en, por ejemplo, carrocer\u00edas de autom\u00f3viles:<\/p>\n\n\n\n<ul class=\"wp-block-list\"><li>El m\u00e9todo de medici\u00f3n magn\u00e9tico-inductivo para mediciones en sustratos ferr\u00edticos como chapas met\u00e1licas<\/li><li>El m\u00e9todo de corrientes par\u00e1sitas para mediciones en sustratos no ferrosos como el aluminio<\/li><li>Ultrasonidos para mediciones independientes del sustrato o mediciones multicapa.<\/li><\/ul>\n\n\n\n<p>A estas alturas, ya es un \"must do\" de toda evaluaci\u00f3n. Se llega a conocer el coche en detalle en la zona superficial de la carrocer\u00eda. <meta charset=\"utf-8\">Tambi\u00e9n podemos determinar el grosor de la capa de pintura o el grosor de cualquier tipo de material. Los ultrasonidos se utilizan sobre todo para examinar el grosor de la pintura en GRP y CFRP, por lo que podemos identificar un veh\u00edculo pintado por primera vez o accidentes ocultos sobre la base de estructuras de carrocer\u00eda alteradas.<\/p>\n\n\n\n<p><meta charset=\"utf-8\"><\/p>\n\n\n\n<figure class=\"wp-block-embed is-type-video is-provider-youtube wp-block-embed-youtube wp-embed-aspect-16-9 wp-has-aspect-ratio\"><div class=\"wp-block-embed__wrapper\">\n<iframe loading=\"lazy\" title=\"\u00bfTiene el BMW E9 3.0 CSL chapa fina? Ultrasonidos para la medici\u00f3n de carrocer\u00edas y bastidores \/ Ingenieurb\u00fcro Kukuk\" width=\"767\" height=\"431\" src=\"https:\/\/www.youtube.com\/embed\/RvpYc0ZmA2c?feature=oembed\" frameborder=\"0\" allow=\"accelerometer; autoplay; clipboard-write; encrypted-media; gyroscope; picture-in-picture\" allowfullscreen><\/iframe>\n<\/div><figcaption>Medici\u00f3n del espesor de la pel\u00edcula de pintura tambi\u00e9n posible mediante ultrasonidos, especialmente en GRP y CFRP.<\/figcaption><\/figure>\n\n\n\n<div class=\"wp-block-image\"><figure class=\"aligncenter size-large is-resized\"><a href=\"https:\/\/www.kukuk.com\/wp-content\/uploads\/Schichtdickenmessung-.pdf\" target=\"_blank\" rel=\"noopener noreferrer\"><img loading=\"lazy\" decoding=\"async\" src=\"https:\/\/www.kukuk.com\/wp-content\/uploads\/schichtdicken-1.jpg\" alt=\"\" class=\"wp-image-11853\" width=\"496\" height=\"301\" srcset=\"https:\/\/kukuk.com\/wp-content\/uploads\/schichtdicken-1.jpg 896w, https:\/\/kukuk.com\/wp-content\/uploads\/schichtdicken-1-600x364.jpg 600w, https:\/\/kukuk.com\/wp-content\/uploads\/schichtdicken-1-300x182.jpg 300w, https:\/\/kukuk.com\/wp-content\/uploads\/schichtdicken-1-99x60.jpg 99w, https:\/\/kukuk.com\/wp-content\/uploads\/schichtdicken-1-420x255.jpg 420w\" sizes=\"(max-width: 496px) 100vw, 496px\" \/><\/a><figcaption><video controls=\"\" src=\"https:\/\/www.kukuk.com\/wp-content\/uploads\/Lackschicht.mp4\"><\/figcaption><\/figure><\/div>","protected":false},"excerpt":{"rendered":"<p>Es gibt im Wesentlichen 3 Messverfahren, um zerst\u00f6rungsfrei Schichtdickenmessungen beispielsweise der Lackdickenmessungen auf z.B. Karosserien durchzuf\u00fchren: Das magnet-induktive Messverfahren f\u00fcr Messungen auf ferritischen Substraten wie Blech Das Wirbelstromverfahren f\u00fcr Messungen auf nicht &#8211; eisen Substraten wie z.B. Aluminium Ultraschall f\u00fcr substratunabh\u00e4ngige Messungen, bzw. Mehrschichtmessungen. Mittlerweile eine \u201emust do\u201c jeder Bewertung! &hellip; <\/p>","protected":false},"author":3,"featured_media":12137,"parent":0,"menu_order":0,"comment_status":"closed","ping_status":"closed","template":"","meta":{"_et_pb_use_builder":"","_et_pb_old_content":"","_et_gb_content_width":"","_monsterinsights_skip_tracking":false,"_monsterinsights_sitenote_active":false,"_monsterinsights_sitenote_note":"","_monsterinsights_sitenote_category":0,"_joinchat":[],"footnotes":""},"class_list":["post-12484","page","type-page","status-publish","has-post-thumbnail","hentry","latest_post"],"_links":{"self":[{"href":"https:\/\/kukuk.com\/es\/wp-json\/wp\/v2\/pages\/12484","targetHints":{"allow":["GET"]}}],"collection":[{"href":"https:\/\/kukuk.com\/es\/wp-json\/wp\/v2\/pages"}],"about":[{"href":"https:\/\/kukuk.com\/es\/wp-json\/wp\/v2\/types\/page"}],"author":[{"embeddable":true,"href":"https:\/\/kukuk.com\/es\/wp-json\/wp\/v2\/users\/3"}],"replies":[{"embeddable":true,"href":"https:\/\/kukuk.com\/es\/wp-json\/wp\/v2\/comments?post=12484"}],"version-history":[{"count":0,"href":"https:\/\/kukuk.com\/es\/wp-json\/wp\/v2\/pages\/12484\/revisions"}],"wp:featuredmedia":[{"embeddable":true,"href":"https:\/\/kukuk.com\/es\/wp-json\/wp\/v2\/media\/12137"}],"wp:attachment":[{"href":"https:\/\/kukuk.com\/es\/wp-json\/wp\/v2\/media?parent=12484"}],"curies":[{"name":"wp","href":"https:\/\/api.w.org\/{rel}","templated":true}]}}