{"id":12660,"date":"2021-09-21T18:46:45","date_gmt":"2021-09-21T16:46:45","guid":{"rendered":"https:\/\/www.kukuk.com\/?page_id=12660"},"modified":"2021-09-21T18:47:04","modified_gmt":"2021-09-21T16:47:04","slug":"endoscopia","status":"publish","type":"page","link":"https:\/\/kukuk.com\/es\/endoskopie\/","title":{"rendered":"Endoscopia"},"content":{"rendered":"<p>Inspecci\u00f3n visual y sin montaje de componentes individuales (cilindros y cavidades en el bastidor del veh\u00edculo)<\/p>\n\n\n\n<p>-Examen del cilindro para detectar da\u00f1os en el motor.<\/p>\n\n\n\n<p>-Examen del estado de las cavidades individuales.<\/p>\n\n\n\n<p>-Detecci\u00f3n de corrosi\u00f3n y \u00f3xido<\/p>\n\n\n\n<p><\/p>","protected":false},"excerpt":{"rendered":"<p>Inspecci\u00f3n visual y sin montaje de componentes individuales (cilindro y cavidades en el bastidor del veh\u00edculo) -Examen del cilindro para detectar da\u00f1os en el motor -Examen del estado de cavidades individuales -Detecci\u00f3n de corrosi\u00f3n y \u00f3xido<\/p>","protected":false},"author":3,"featured_media":12138,"parent":0,"menu_order":0,"comment_status":"closed","ping_status":"closed","template":"","meta":{"_et_pb_use_builder":"","_et_pb_old_content":"","_et_gb_content_width":"","_monsterinsights_skip_tracking":false,"_monsterinsights_sitenote_active":false,"_monsterinsights_sitenote_note":"","_monsterinsights_sitenote_category":0,"_joinchat":[],"footnotes":""},"class_list":["post-12660","page","type-page","status-publish","has-post-thumbnail","hentry","latest_post"],"_links":{"self":[{"href":"https:\/\/kukuk.com\/es\/wp-json\/wp\/v2\/pages\/12660","targetHints":{"allow":["GET"]}}],"collection":[{"href":"https:\/\/kukuk.com\/es\/wp-json\/wp\/v2\/pages"}],"about":[{"href":"https:\/\/kukuk.com\/es\/wp-json\/wp\/v2\/types\/page"}],"author":[{"embeddable":true,"href":"https:\/\/kukuk.com\/es\/wp-json\/wp\/v2\/users\/3"}],"replies":[{"embeddable":true,"href":"https:\/\/kukuk.com\/es\/wp-json\/wp\/v2\/comments?post=12660"}],"version-history":[{"count":0,"href":"https:\/\/kukuk.com\/es\/wp-json\/wp\/v2\/pages\/12660\/revisions"}],"wp:featuredmedia":[{"embeddable":true,"href":"https:\/\/kukuk.com\/es\/wp-json\/wp\/v2\/media\/12138"}],"wp:attachment":[{"href":"https:\/\/kukuk.com\/es\/wp-json\/wp\/v2\/media?parent=12660"}],"curies":[{"name":"wp","href":"https:\/\/api.w.org\/{rel}","templated":true}]}}