{"id":11560,"date":"2021-03-26T17:40:05","date_gmt":"2021-03-26T16:40:05","guid":{"rendered":"https:\/\/www.kukuk.com\/?page_id=11560"},"modified":"2021-04-07T19:17:37","modified_gmt":"2021-04-07T17:17:37","slug":"oster-aktion-2021-die-grosse-eiersuche-auf-4-raedern","status":"publish","type":"page","link":"https:\/\/kukuk.com\/fr\/oster-aktion-2021-die-grosse-eiersuche-auf-4-raedern\/","title":{"rendered":"Un sourire pour P\u00e2ques avec notre #KukuksEi"},"content":{"rendered":"<figure class=\"wp-block-embed-youtube wp-block-embed is-type-video is-provider-youtube wp-embed-aspect-16-9 wp-has-aspect-ratio\"><div class=\"wp-block-embed__wrapper\">\n<iframe loading=\"lazy\" title=\"Un sourire pour P\u00e2ques avec notre #KukuksEi\" width=\"767\" height=\"431\" src=\"https:\/\/www.youtube.com\/embed\/T9dfwHlWIuE?feature=oembed\" frameborder=\"0\" allow=\"accelerometer; autoplay; clipboard-write; encrypted-media; gyroscope; picture-in-picture\" allowfullscreen><\/iframe>\n<\/div><\/figure>\n\n\n\n<h4 class=\"has-text-align-center wp-block-heading\">Lettre de remerciement - Nous avons r\u00e9ussi \u00e0 diffuser notre \u00e9nergie positive ! <\/h4>\n\n\n\n<figure class=\"wp-block-gallery columns-3 is-cropped wp-block-gallery-1 is-layout-flex wp-block-gallery-is-layout-flex\"><ul class=\"blocks-gallery-grid\"><li class=\"blocks-gallery-item\"><figure><img decoding=\"async\" src=\"https:\/\/www.kukuk.com\/wp-content\/uploads\/1-17-724x1024.jpg\" alt=\"\" data-id=\"11655\" data-full-url=\"https:\/\/www.kukuk.com\/wp-content\/uploads\/1-17-scaled.jpg\" data-link=\"https:\/\/www.kukuk.com\/1-21\/\" class=\"wp-image-11655\"\/><\/figure><\/li><li class=\"blocks-gallery-item\"><figure><img decoding=\"async\" src=\"https:\/\/www.kukuk.com\/wp-content\/uploads\/2-5-719x1024.jpg\" alt=\"\" data-id=\"11653\" data-full-url=\"https:\/\/www.kukuk.com\/wp-content\/uploads\/2-5.jpg\" data-link=\"https:\/\/www.kukuk.com\/2-10\/\" class=\"wp-image-11653\"\/><\/figure><\/li><li class=\"blocks-gallery-item\"><figure><img decoding=\"async\" src=\"https:\/\/www.kukuk.com\/wp-content\/uploads\/3-5-724x1024.jpg\" alt=\"\" data-id=\"11654\" data-full-url=\"https:\/\/www.kukuk.com\/wp-content\/uploads\/3-5-scaled.jpg\" data-link=\"https:\/\/www.kukuk.com\/3-9\/\" class=\"wp-image-11654\"\/><\/figure><\/li><\/ul><\/figure>\n\n\n\n<p>Depuis plus d'un an maintenant, nous vivons dans un \"monde \u00e0 l'envers\", tout est diff\u00e9rent et nous devons sans cesse nous restructurer, nous d\u00e9barrasser de nos habitudes ou nous r\u00e9inventer. Malheureusement, les f\u00eates comme No\u00ebl et P\u00e2ques n'y \u00e9chappent pas et cette ann\u00e9e encore, nous devons nous confronter aux nouvelles dispositions et r\u00e9inventer la f\u00eate telle que nous la connaissons.\u00a0<\/p>\n\n\n\n<p>Une sorte de pause interminable dans laquelle nous nous trouvons et la plus grande question \"Quand appuiera-t-on \u00e0 nouveau sur \"play\" ? La frustration, la tristesse et le d\u00e9sespoir sont grands, chacun, du plus petit au plus grand, du plus jeune au plus \u00e2g\u00e9, doit faire face \u00e0 la pand\u00e9mie et \u00e0 ses cons\u00e9quences de mani\u00e8re tr\u00e8s diff\u00e9rente mais une chose nous unit - les f\u00eates comme P\u00e2ques : une f\u00eate de la r\u00e9surrection et de l'amour.&nbsp;<\/p>\n\n\n\n<p>Notre id\u00e9e : nous voulons r\u00e9pandre une \u00e9nergie positive, signaler \"tenez bon !\" et le plus important - faire appara\u00eetre un sourire sur les l\u00e8vres en ces jours pourtant tr\u00e8s gris, tout \u00e0 fait selon la devise de la vie \u00e0 Cologne \".<strong>Ett jot jejange\".&nbsp;<\/strong><\/p>\n\n\n\n<figure class=\"wp-block-gallery columns-3 is-cropped wp-block-gallery-2 is-layout-flex wp-block-gallery-is-layout-flex\"><ul class=\"blocks-gallery-grid\"><li class=\"blocks-gallery-item\"><figure><img decoding=\"async\" src=\"https:\/\/www.kukuk.com\/wp-content\/uploads\/morris-1.jpg\" alt=\"\" data-id=\"11609\" data-full-url=\"https:\/\/www.kukuk.com\/wp-content\/uploads\/morris-1.jpg\" data-link=\"https:\/\/www.kukuk.com\/morris-1\/\" class=\"wp-image-11609\"\/><\/figure><\/li><li class=\"blocks-gallery-item\"><figure><img decoding=\"async\" src=\"https:\/\/www.kukuk.com\/wp-content\/uploads\/morris-2-scaled-e1617174924954-1024x732.jpg\" alt=\"\" data-id=\"11610\" data-full-url=\"https:\/\/www.kukuk.com\/wp-content\/uploads\/morris-2-scaled-e1617174924954.jpg\" data-link=\"https:\/\/www.kukuk.com\/morris-2\/\" class=\"wp-image-11610\"\/><\/figure><\/li><li class=\"blocks-gallery-item\"><figure><img decoding=\"async\" src=\"https:\/\/www.kukuk.com\/wp-content\/uploads\/IMG_1774-8-1024x768.jpg\" alt=\"\" data-id=\"11564\" data-full-url=\"https:\/\/www.kukuk.com\/wp-content\/uploads\/IMG_1774-8-scaled-e1617174893312.jpg\" data-link=\"https:\/\/www.kukuk.com\/img_1774-8\/\" class=\"wp-image-11564\"\/><\/figure><\/li><li class=\"blocks-gallery-item\"><figure><img decoding=\"async\" src=\"https:\/\/www.kukuk.com\/wp-content\/uploads\/IIOR0688-1024x802.jpg\" alt=\"\" data-id=\"11562\" data-full-url=\"https:\/\/www.kukuk.com\/wp-content\/uploads\/IIOR0688-scaled.jpg\" data-link=\"https:\/\/www.kukuk.com\/iior0688\/\" class=\"wp-image-11562\"\/><\/figure><\/li><\/ul><\/figure>\n\n\n\n<p>Pour ce faire, nous avons d\u00e9cid\u00e9 de transformer notre Morris Minor Traveller Woodie de 1968 en \"\u0153uf de P\u00e2ques roulant\", alias #KukuksEi, le lundi suivant l'annonce des nouvelles dispositions relatives au lockdown.<br><br>En 1986 d\u00e9j\u00e0, Klaus a distribu\u00e9 des clochettes de P\u00e2ques dans son bus Ford Transit \u00e0 ses clients, amis et famille et a fait na\u00eetre un sourire sur les visages. Depuis, nous perp\u00e9tuons cette tradition, que ce soit \u00e0 No\u00ebl, \u00e0 la fin de l'ann\u00e9e ou \u00e0 P\u00e2ques - nous voulons dire merci et r\u00e9pandre la bonne humeur. Cette ann\u00e9e encore, nous serons sur la route avec notre Oldie, nous rendrons visite \u00e0 nos clients, nouveaux et anciens, aux jardins d'enfants et aux \u00e9coles, et nous leur dirons merci !<\/p>\n\n\n\n<p>Chaque sourire, chaque clin d'\u0153il, un \u00e9change de chaleur et d'amour du prochain - un sentiment agr\u00e9able que nous avons \u00e0 nouveau &amp; plus largement diffus\u00e9 pendant les jours de P\u00e2ques. Pour ce faire, les enfants de nos collaborateurs et du voisinage ont peint des \u0153ufs de P\u00e2ques, sculpt\u00e9 et peint deux lapins en bois et nous avons transform\u00e9 notre Morris en un \"\u0153uf de P\u00e2ques \u00e0 roulettes\" - le #KukuksEi. Un v\u00e9hicule color\u00e9 qui a d\u00e9j\u00e0 attir\u00e9 l'attention et fait na\u00eetre des sourires sur les visages ces derniers jours.&nbsp;<\/p>\n\n\n\n<figure class=\"wp-block-gallery columns-3 is-cropped wp-block-gallery-3 is-layout-flex wp-block-gallery-is-layout-flex\"><ul class=\"blocks-gallery-grid\"><li class=\"blocks-gallery-item\"><figure><img loading=\"lazy\" decoding=\"async\" width=\"1024\" height=\"683\" src=\"https:\/\/www.kukuk.com\/wp-content\/uploads\/FVWA8479-1024x683.jpg\" alt=\"\" data-id=\"10575\" data-full-url=\"https:\/\/www.kukuk.com\/wp-content\/uploads\/FVWA8479-scaled.jpg\" data-link=\"https:\/\/www.kukuk.com\/fvwa8479\/\" class=\"wp-image-10575\" srcset=\"https:\/\/kukuk.com\/wp-content\/uploads\/FVWA8479-1024x683.jpg 1024w, https:\/\/kukuk.com\/wp-content\/uploads\/FVWA8479-scaled-600x400.jpg 600w, https:\/\/kukuk.com\/wp-content\/uploads\/FVWA8479-300x200.jpg 300w, https:\/\/kukuk.com\/wp-content\/uploads\/FVWA8479-1536x1024.jpg 1536w, https:\/\/kukuk.com\/wp-content\/uploads\/FVWA8479-2048x1365.jpg 2048w, https:\/\/kukuk.com\/wp-content\/uploads\/FVWA8479-90x60.jpg 90w, https:\/\/kukuk.com\/wp-content\/uploads\/FVWA8479-480x320.jpg 480w, https:\/\/kukuk.com\/wp-content\/uploads\/FVWA8479-420x280.jpg 420w\" sizes=\"(max-width: 1024px) 100vw, 1024px\" \/><figcaption class=\"blocks-gallery-item__caption\">2020 - Morris de 1968<\/figcaption><\/figure><\/li><li class=\"blocks-gallery-item\"><figure><img loading=\"lazy\" decoding=\"async\" width=\"1024\" height=\"768\" src=\"https:\/\/www.kukuk.com\/wp-content\/uploads\/IMG_3887-3-1024x768.jpg\" alt=\"\" data-id=\"10547\" data-full-url=\"https:\/\/www.kukuk.com\/wp-content\/uploads\/IMG_3887-3-scaled.jpg\" data-link=\"https:\/\/www.kukuk.com\/img_3887-3\/\" class=\"wp-image-10547\" srcset=\"https:\/\/kukuk.com\/wp-content\/uploads\/IMG_3887-3-1024x768.jpg 1024w, https:\/\/kukuk.com\/wp-content\/uploads\/IMG_3887-3-scaled-600x450.jpg 600w, https:\/\/kukuk.com\/wp-content\/uploads\/IMG_3887-3-300x225.jpg 300w, https:\/\/kukuk.com\/wp-content\/uploads\/IMG_3887-3-1536x1152.jpg 1536w, https:\/\/kukuk.com\/wp-content\/uploads\/IMG_3887-3-2048x1536.jpg 2048w, https:\/\/kukuk.com\/wp-content\/uploads\/IMG_3887-3-80x60.jpg 80w, https:\/\/kukuk.com\/wp-content\/uploads\/IMG_3887-3-921x692.jpg 921w, https:\/\/kukuk.com\/wp-content\/uploads\/IMG_3887-3-470x352.jpg 470w\" sizes=\"(max-width: 1024px) 100vw, 1024px\" \/><figcaption class=\"blocks-gallery-item__caption\">2021 - Morris de 1968<\/figcaption><\/figure><\/li><li class=\"blocks-gallery-item\"><figure><img loading=\"lazy\" decoding=\"async\" width=\"576\" height=\"1024\" src=\"https:\/\/www.kukuk.com\/wp-content\/uploads\/MGVG3241-576x1024.jpg\" alt=\"\" data-id=\"10533\" data-full-url=\"https:\/\/www.kukuk.com\/wp-content\/uploads\/MGVG3241.jpg\" data-link=\"https:\/\/www.kukuk.com\/mgvg3241\/\" class=\"wp-image-10533\" srcset=\"https:\/\/kukuk.com\/wp-content\/uploads\/MGVG3241-576x1024.jpg 576w, https:\/\/kukuk.com\/wp-content\/uploads\/MGVG3241-600x1067.jpg 600w, https:\/\/kukuk.com\/wp-content\/uploads\/MGVG3241-169x300.jpg 169w, https:\/\/kukuk.com\/wp-content\/uploads\/MGVG3241-864x1536.jpg 864w, https:\/\/kukuk.com\/wp-content\/uploads\/MGVG3241-34x60.jpg 34w, https:\/\/kukuk.com\/wp-content\/uploads\/MGVG3241.jpg 899w\" sizes=\"(max-width: 576px) 100vw, 576px\" \/><figcaption class=\"blocks-gallery-item__caption\">1988 - Citro\u00ebn de 1923<\/figcaption><\/figure><\/li><li class=\"blocks-gallery-item\"><figure><img loading=\"lazy\" decoding=\"async\" width=\"768\" height=\"1024\" src=\"https:\/\/www.kukuk.com\/wp-content\/uploads\/MBXE5847-768x1024.jpg\" alt=\"\" data-id=\"10532\" data-full-url=\"https:\/\/www.kukuk.com\/wp-content\/uploads\/MBXE5847.jpg\" data-link=\"https:\/\/www.kukuk.com\/mbxe5847\/\" class=\"wp-image-10532\" srcset=\"https:\/\/kukuk.com\/wp-content\/uploads\/MBXE5847-768x1024.jpg 768w, https:\/\/kukuk.com\/wp-content\/uploads\/MBXE5847-600x800.jpg 600w, https:\/\/kukuk.com\/wp-content\/uploads\/MBXE5847-225x300.jpg 225w, https:\/\/kukuk.com\/wp-content\/uploads\/MBXE5847-1152x1536.jpg 1152w, https:\/\/kukuk.com\/wp-content\/uploads\/MBXE5847-45x60.jpg 45w, https:\/\/kukuk.com\/wp-content\/uploads\/MBXE5847.jpg 1200w\" sizes=\"(max-width: 768px) 100vw, 768px\" \/><figcaption class=\"blocks-gallery-item__caption\">2001 - Cortine Desgouttes de 1910<\/figcaption><\/figure><\/li><li class=\"blocks-gallery-item\"><figure><img loading=\"lazy\" decoding=\"async\" width=\"1024\" height=\"659\" src=\"https:\/\/www.kukuk.com\/wp-content\/uploads\/Photo-15.12.20-13-24-26-1024x659.jpg\" alt=\"\" data-id=\"10589\" data-full-url=\"https:\/\/www.kukuk.com\/wp-content\/uploads\/Photo-15.12.20-13-24-26-scaled.jpg\" data-link=\"https:\/\/www.kukuk.com\/photo-15-12-20-13-24-26\/\" class=\"wp-image-10589\" srcset=\"https:\/\/kukuk.com\/wp-content\/uploads\/Photo-15.12.20-13-24-26-1024x659.jpg 1024w, https:\/\/kukuk.com\/wp-content\/uploads\/Photo-15.12.20-13-24-26-scaled-600x386.jpg 600w, https:\/\/kukuk.com\/wp-content\/uploads\/Photo-15.12.20-13-24-26-300x193.jpg 300w, https:\/\/kukuk.com\/wp-content\/uploads\/Photo-15.12.20-13-24-26-1536x988.jpg 1536w, https:\/\/kukuk.com\/wp-content\/uploads\/Photo-15.12.20-13-24-26-2048x1318.jpg 2048w, https:\/\/kukuk.com\/wp-content\/uploads\/Photo-15.12.20-13-24-26-93x60.jpg 93w\" sizes=\"(max-width: 1024px) 100vw, 1024px\" \/><figcaption class=\"blocks-gallery-item__caption\">1990 - Morgan de 1989<\/figcaption><\/figure><\/li><li class=\"blocks-gallery-item\"><figure><img loading=\"lazy\" decoding=\"async\" width=\"1024\" height=\"710\" src=\"https:\/\/www.kukuk.com\/wp-content\/uploads\/MG-TD-1024x710.jpg\" alt=\"\" data-id=\"10600\" data-full-url=\"https:\/\/www.kukuk.com\/wp-content\/uploads\/MG-TD-scaled.jpg\" data-link=\"https:\/\/www.kukuk.com\/mg-td\/\" class=\"wp-image-10600\" srcset=\"https:\/\/kukuk.com\/wp-content\/uploads\/MG-TD-1024x710.jpg 1024w, https:\/\/kukuk.com\/wp-content\/uploads\/MG-TD-scaled-600x416.jpg 600w, https:\/\/kukuk.com\/wp-content\/uploads\/MG-TD-300x208.jpg 300w, https:\/\/kukuk.com\/wp-content\/uploads\/MG-TD-1536x1064.jpg 1536w, https:\/\/kukuk.com\/wp-content\/uploads\/MG-TD-2048x1419.jpg 2048w, https:\/\/kukuk.com\/wp-content\/uploads\/MG-TD-87x60.jpg 87w\" sizes=\"(max-width: 1024px) 100vw, 1024px\" \/><figcaption class=\"blocks-gallery-item__caption\">1990 - MG TD de 1952<\/figcaption><\/figure><\/li><\/ul><\/figure>\n\n\n\n<p>Une coutume que nous aimons beaucoup et que nous avons poursuivie cette ann\u00e9e pendant le Nouvel An. Ici, nous avons d\u00e9cor\u00e9 notre Morris Minor avec des pneus de groupe 4 \"Good Year\", nous avons encore ajout\u00e9 2021 et nous avons ainsi roul\u00e9 pendant 4 semaines au quotidien (<a href=\"https:\/\/youtu.be\/rv7IvmT9ndk\">Last Christmas - La tourn\u00e9e de No\u00ebl de Kukuk en 2020<\/a>&nbsp;&amp;&nbsp;<a href=\"https:\/\/youtu.be\/d1CbRNKonP4\">Last Christmas - Le tour de No\u00ebl de Kukuk en motos 2020<\/a>&nbsp;&amp;&nbsp;<a href=\"https:\/\/youtu.be\/Rg71veKp3jA\">Nouvelle ann\u00e9e 2021 - Happy Good Year Tour<\/a>). <\/p>\n\n\n\n<p><a href=\"https:\/\/youtu.be\/rv7IvmT9ndk\">youtu.be\/rv7IvmT9ndk(s'ouvre dans un nouvel onglet)<\/a><\/p>\n\n\n\n<div class=\"wp-block-columns is-layout-flex wp-container-core-columns-is-layout-9d6595d7 wp-block-columns-is-layout-flex\">\n<div class=\"wp-block-column is-layout-flow wp-block-column-is-layout-flow\">\n<figure class=\"wp-block-embed-youtube wp-block-embed is-type-video is-provider-youtube wp-embed-aspect-16-9 wp-has-aspect-ratio\"><div class=\"wp-block-embed__wrapper\">\n<iframe loading=\"lazy\" title=\"Last Christmas - Kukuk&#039;s Christmastour 2020\" width=\"767\" height=\"431\" src=\"https:\/\/www.youtube.com\/embed\/rv7IvmT9ndk?feature=oembed\" frameborder=\"0\" allow=\"accelerometer; autoplay; clipboard-write; encrypted-media; gyroscope; picture-in-picture\" allowfullscreen><\/iframe>\n<\/div><\/figure>\n<\/div>\n\n\n\n<div class=\"wp-block-column is-layout-flow wp-block-column-is-layout-flow\">\n<figure class=\"wp-block-embed-youtube wp-block-embed is-type-video is-provider-youtube wp-embed-aspect-16-9 wp-has-aspect-ratio\"><div class=\"wp-block-embed__wrapper\">\n<iframe loading=\"lazy\" title=\"Last Christmas - Kukuk&#039;s Christmastour on motorbikes 2020\" width=\"767\" height=\"431\" src=\"https:\/\/www.youtube.com\/embed\/d1CbRNKonP4?feature=oembed\" frameborder=\"0\" allow=\"accelerometer; autoplay; clipboard-write; encrypted-media; gyroscope; picture-in-picture\" allowfullscreen><\/iframe>\n<\/div><\/figure>\n<\/div>\n\n\n\n<div class=\"wp-block-column is-layout-flow wp-block-column-is-layout-flow\">\n<figure class=\"wp-block-embed-youtube wp-block-embed is-type-video is-provider-youtube wp-embed-aspect-16-9 wp-has-aspect-ratio\"><div class=\"wp-block-embed__wrapper\">\n<iframe loading=\"lazy\" title=\"Nouvelle ann\u00e9e 2021 - Happy Good Year Tour\" width=\"767\" height=\"431\" src=\"https:\/\/www.youtube.com\/embed\/Rg71veKp3jA?feature=oembed\" frameborder=\"0\" allow=\"accelerometer; autoplay; clipboard-write; encrypted-media; gyroscope; picture-in-picture\" allowfullscreen><\/iframe>\n<\/div><\/figure>\n<\/div>\n<\/div>\n\n\n\n<p>Chaque sourire, chaque clin d'\u0153il, un \u00e9change de chaleur et d'amour du prochain - cela en valait la peine et c'est exactement le sentiment que nous voulons r\u00e9pandre \u00e0 nouveau &amp; plus loin pendant les jours de P\u00e2ques. Pour ce faire, les enfants de nos collaborateurs et du voisinage ont peint des \u0153ufs de P\u00e2ques, sculpt\u00e9 et peint deux lapins en bois et nous avons transform\u00e9 notre Morris en un \"\u0153uf de P\u00e2ques roulant\". Un v\u00e9hicule color\u00e9 qui a d\u00e9j\u00e0 attir\u00e9 l'attention et fait na\u00eetre des sourires sur les visages ces derniers jours.&nbsp;<\/p>\n\n\n\n<p><strong>Notre id\u00e9e pour les jours de lockdown renforc\u00e9 de la semaine prochaine : nous voulons placer \"l'\u0153uf de P\u00e2ques roulant\" deux fois par jour \u00e0 d'autres endroits de Cologne et lancer une sorte de \"recherche d'\u0153ufs de P\u00e2ques\".&nbsp;<\/strong><\/p>\n\n\n\n<figure class=\"wp-block-video\"><video controls src=\"https:\/\/www.kukuk.com\/wp-content\/uploads\/LOWX4148.mov\"><\/video><\/figure>\n\n\n\n<figure class=\"wp-block-video\"><video controls src=\"https:\/\/www.kukuk.com\/wp-content\/uploads\/GSJX5936.mov\"><\/video><\/figure>","protected":false},"excerpt":{"rendered":"<p>Dankesschreiben &#8211; Wir haben es geschafft unsere positive Energie zu verteilen! Seit \u00fcber einem Jahr nun leben wir in einer \u201everkehrten Welt\u201c, alles ist anders und wir m\u00fcssen uns immer wieder umstrukturieren, Gewohnheiten ablegen oder uns neu erfinden. Leider sind Festtage wie Weihnachten und Ostern nicht von ausgenommen und so &hellip; <\/p>","protected":false},"author":3,"featured_media":0,"parent":0,"menu_order":0,"comment_status":"closed","ping_status":"closed","template":"","meta":{"_et_pb_use_builder":"","_et_pb_old_content":"","_et_gb_content_width":"","_monsterinsights_skip_tracking":false,"_monsterinsights_sitenote_active":false,"_monsterinsights_sitenote_note":"","_monsterinsights_sitenote_category":0,"_joinchat":[],"footnotes":""},"class_list":["post-11560","page","type-page","status-publish","hentry","latest_post"],"_links":{"self":[{"href":"https:\/\/kukuk.com\/fr\/wp-json\/wp\/v2\/pages\/11560","targetHints":{"allow":["GET"]}}],"collection":[{"href":"https:\/\/kukuk.com\/fr\/wp-json\/wp\/v2\/pages"}],"about":[{"href":"https:\/\/kukuk.com\/fr\/wp-json\/wp\/v2\/types\/page"}],"author":[{"embeddable":true,"href":"https:\/\/kukuk.com\/fr\/wp-json\/wp\/v2\/users\/3"}],"replies":[{"embeddable":true,"href":"https:\/\/kukuk.com\/fr\/wp-json\/wp\/v2\/comments?post=11560"}],"version-history":[{"count":0,"href":"https:\/\/kukuk.com\/fr\/wp-json\/wp\/v2\/pages\/11560\/revisions"}],"wp:attachment":[{"href":"https:\/\/kukuk.com\/fr\/wp-json\/wp\/v2\/media?parent=11560"}],"curies":[{"name":"wp","href":"https:\/\/api.w.org\/{rel}","templated":true}]}}