{"id":11745,"date":"2021-04-14T17:18:51","date_gmt":"2021-04-14T15:18:51","guid":{"rendered":"https:\/\/www.kukuk.com\/?page_id=11745"},"modified":"2021-09-18T22:06:22","modified_gmt":"2021-09-18T20:06:22","slug":"3d-scan-modell","status":"publish","type":"page","link":"https:\/\/kukuk.com\/fr\/3d-scan-modell\/","title":{"rendered":"Num\u00e9risation \/ mod\u00e8le 3D"},"content":{"rendered":"<h3 class=\"has-text-align-center wp-block-heading\">Examen de l'originalit\u00e9 de la carrosserie et du cadre, contr\u00f4le de la qualit\u00e9 de la restauration \/ r\u00e9paration et \u00e9valuation des dommages<\/h3>\n\n\n\n<div class=\"wp-block-image\"><figure class=\"aligncenter size-large is-resized\"><img loading=\"lazy\" decoding=\"async\" src=\"https:\/\/www.kukuk.com\/wp-content\/uploads\/Bild14.png\" alt=\"\" class=\"wp-image-11760\" width=\"254\" height=\"238\" srcset=\"https:\/\/kukuk.com\/wp-content\/uploads\/Bild14.png 425w, https:\/\/kukuk.com\/wp-content\/uploads\/Bild14-300x281.png 300w, https:\/\/kukuk.com\/wp-content\/uploads\/Bild14-64x60.png 64w\" sizes=\"(max-width: 254px) 100vw, 254px\" \/><figcaption>Scan de la carrosserie d'un v\u00e9hicule \u00e0 l'aide du scanner \u00e0 main Zeiss T-Scan LV<\/figcaption><\/figure><\/div>\n\n\n\n<ul class=\"wp-block-list\"><li><em>Indicateur d'inviolabilit\u00e9<\/em> A<em>en comparaison avec les photos originales et la carrosserie, le cadre ...<\/em><\/li><li><em>Utilisation mobile \u00e0 tout moment et partout dans le monde<\/em><\/li><li><em>Cotation, support de restauration, mod\u00e8le 3D pour la fabrication du mod\u00e8le de membrure \/ pi\u00e8ces de rechange, etc.<\/em><\/li><li><em>Depuis 2005, nous utilisons r\u00e9guli\u00e8rement des scanners 3D, des radiographies 3D et des mod\u00e8les 3D !<\/em><\/li><\/ul>\n\n\n\n<p>Outre l'\u00e9valuation purement objective et visuelle du v\u00e9hicule, une saisie tridimensionnelle des carrosseries et des ch\u00e2ssis peut aider \u00e0 r\u00e9pondre \u00e0 certaines questions, notamment en ce qui concerne l'authenticit\u00e9, l'\u00e9valuation de la restauration, l'absence de dommages et l'originalit\u00e9.<\/p>\n\n\n\n<p>Pour ce faire, la carrosserie ou le ch\u00e2ssis est num\u00e9ris\u00e9 en trois dimensions \u00e0 l'aide d'un scanner 3D. Le r\u00e9sultat d'un tel scan est un nuage de points de mesure qui est transform\u00e9 en un mod\u00e8le tridimensionnel du v\u00e9hicule \u00e0 l'aide d'un logiciel et de retouches. Ce mod\u00e8le 3D sert de base pour les mesures et les comparaisons avec les sp\u00e9cifications du constructeur. \u00c0 cela s'ajoute la possibilit\u00e9 d'enregistrer une torsion ou une compression d'une carrosserie ou d'un ch\u00e2ssis et de planifier et d'effectuer d'\u00e9ventuelles mesures de r\u00e9paration sur cette base.<\/p>\n\n\n\n<p>On utilise des scanners 3D qui utilisent la m\u00e9thode de triangulation active et atteignent une pr\u00e9cision de mesure allant jusqu'\u00e0 0,01 mm. Un scan 3D peut s'av\u00e9rer utile aussi bien dans le domaine des examens techniques et des expertises de valeur que dans celui des expertises de dommages. <\/p>\n\n\n\n<p>Domaines d'application possibles : <\/p>\n\n\n\n<ul class=\"wp-block-list\"><li>Contr\u00f4le de la pr\u00e9cision dimensionnelle d'une carrosserie ou d'un cadre apr\u00e8s une restauration <\/li><li>Comparaison des r\u00e9sultats avec les sp\u00e9cifications du fabricant <\/li><li>V\u00e9rification de la torsion et\/ou de l'\u00e9crasement de la carrosserie et du ch\u00e2ssis apr\u00e8s un accident <\/li><li>Processus de r\u00e9tro-ing\u00e9nierie de pi\u00e8ces de rechange qui n'existent plus mais qui sont n\u00e9cessaires<\/li><\/ul>\n\n\n\n<p>Pour v\u00e9rifier l'authenticit\u00e9, il est n\u00e9cessaire de comparer avec les sp\u00e9cifications du constructeur. Celles-ci ont souvent disparu pour les pi\u00e8ces uniques et les v\u00e9hicules particuli\u00e8rement rares. L\u00e0 aussi, une solution a \u00e9t\u00e9 trouv\u00e9e par le pass\u00e9 et est aujourd'hui r\u00e9guli\u00e8rement appliqu\u00e9e.<\/p>\n\n\n\n<div class=\"wp-block-image\"><figure class=\"aligncenter size-large is-resized\"><a href=\"https:\/\/www.kukuk.com\/wp-content\/uploads\/3D-Scan-and-Modell.pdf\" target=\"_blank\" rel=\"noopener noreferrer\"><img loading=\"lazy\" decoding=\"async\" src=\"https:\/\/www.kukuk.com\/wp-content\/uploads\/3d-scan-1.jpg\" alt=\"\" class=\"wp-image-11850\" width=\"536\" height=\"358\" srcset=\"https:\/\/kukuk.com\/wp-content\/uploads\/3d-scan-1.jpg 909w, https:\/\/kukuk.com\/wp-content\/uploads\/3d-scan-1-600x402.jpg 600w, https:\/\/kukuk.com\/wp-content\/uploads\/3d-scan-1-300x201.jpg 300w, https:\/\/kukuk.com\/wp-content\/uploads\/3d-scan-1-90x60.jpg 90w, https:\/\/kukuk.com\/wp-content\/uploads\/3d-scan-1-480x320.jpg 480w, https:\/\/kukuk.com\/wp-content\/uploads\/3d-scan-1-420x280.jpg 420w\" sizes=\"(max-width: 536px) 100vw, 536px\" \/><\/a><\/figure><\/div>\n\n\n\n<h3 class=\"wp-block-heading\">Exemples d'application <\/h3>\n\n\n\n<p><strong> Contr\u00f4le de la qualit\u00e9 de la restauration<\/strong><\/p>\n\n\n\n<div class=\"wp-block-columns is-layout-flex wp-container-core-columns-is-layout-9d6595d7 wp-block-columns-is-layout-flex\">\n<div class=\"wp-block-column is-layout-flow wp-block-column-is-layout-flow\">\n<figure class=\"wp-block-image size-large\"><img loading=\"lazy\" decoding=\"async\" width=\"687\" height=\"322\" src=\"https:\/\/www.kukuk.com\/wp-content\/uploads\/Bild2-1.png\" alt=\"\" class=\"wp-image-11763\" srcset=\"https:\/\/kukuk.com\/wp-content\/uploads\/Bild2-1.png 687w, https:\/\/kukuk.com\/wp-content\/uploads\/Bild2-1-600x281.png 600w, https:\/\/kukuk.com\/wp-content\/uploads\/Bild2-1-300x141.png 300w, https:\/\/kukuk.com\/wp-content\/uploads\/Bild2-1-128x60.png 128w\" sizes=\"(max-width: 687px) 100vw, 687px\" \/><figcaption><em>Axe central du v\u00e9hicule Vue Z+<\/em><\/figcaption><\/figure>\n\n\n\n<figure class=\"wp-block-image size-large\"><img loading=\"lazy\" decoding=\"async\" width=\"687\" height=\"359\" src=\"https:\/\/www.kukuk.com\/wp-content\/uploads\/Bild4.png\" alt=\"\" class=\"wp-image-11759\" srcset=\"https:\/\/kukuk.com\/wp-content\/uploads\/Bild4.png 687w, https:\/\/kukuk.com\/wp-content\/uploads\/Bild4-600x314.png 600w, https:\/\/kukuk.com\/wp-content\/uploads\/Bild4-300x157.png 300w, https:\/\/kukuk.com\/wp-content\/uploads\/Bild4-115x60.png 115w\" sizes=\"(max-width: 687px) 100vw, 687px\" \/><figcaption><em>Ecart de forme c\u00f4t\u00e9 gauche sur c\u00f4t\u00e9 gauche BEST-FIT<\/em><\/figcaption><\/figure>\n<\/div>\n\n\n\n<div class=\"wp-block-column is-layout-flow wp-block-column-is-layout-flow\">\n<figure class=\"wp-block-image size-large\"><img loading=\"lazy\" decoding=\"async\" width=\"687\" height=\"504\" src=\"https:\/\/www.kukuk.com\/wp-content\/uploads\/Bild1-2.png\" alt=\"\" class=\"wp-image-11762\" srcset=\"https:\/\/kukuk.com\/wp-content\/uploads\/Bild1-2.png 687w, https:\/\/kukuk.com\/wp-content\/uploads\/Bild1-2-600x440.png 600w, https:\/\/kukuk.com\/wp-content\/uploads\/Bild1-2-300x220.png 300w, https:\/\/kukuk.com\/wp-content\/uploads\/Bild1-2-82x60.png 82w\" sizes=\"(max-width: 687px) 100vw, 687px\" \/><figcaption><em>Essieu central du v\u00e9hicule<\/em><\/figcaption><\/figure>\n\n\n\n<figure class=\"wp-block-image size-large\"><img loading=\"lazy\" decoding=\"async\" width=\"687\" height=\"378\" src=\"https:\/\/www.kukuk.com\/wp-content\/uploads\/Bild3.png\" alt=\"\" class=\"wp-image-11758\" srcset=\"https:\/\/kukuk.com\/wp-content\/uploads\/Bild3.png 687w, https:\/\/kukuk.com\/wp-content\/uploads\/Bild3-600x330.png 600w, https:\/\/kukuk.com\/wp-content\/uploads\/Bild3-300x165.png 300w, https:\/\/kukuk.com\/wp-content\/uploads\/Bild3-109x60.png 109w\" sizes=\"(max-width: 687px) 100vw, 687px\" \/><figcaption><em>Ecart de forme c\u00f4t\u00e9 droit sur c\u00f4t\u00e9 gauche BEST-FIT<\/em><\/figcaption><\/figure>\n<\/div>\n<\/div>\n\n\n\n<p><strong>Enqu\u00eate d'originalit\u00e9<\/strong><\/p>\n\n\n\n<p>Pour v\u00e9rifier l'authenticit\u00e9 d'un v\u00e9hicule, il est possible de comparer un mod\u00e8le 3D pr\u00e9alablement cr\u00e9\u00e9 avec des photographies historiques. Pour ce faire, une structure de grille 3D est plac\u00e9e sur des photos historiques \u00e0 l'aide d'un proc\u00e9d\u00e9 photogramm\u00e9trique. Cette comparaison permet de v\u00e9rifier l'authenticit\u00e9 et l'originalit\u00e9 de la carrosserie pr\u00e9alablement scann\u00e9e.<\/p>\n\n\n\n<figure class=\"wp-block-image size-large\"><img loading=\"lazy\" decoding=\"async\" width=\"1024\" height=\"510\" src=\"https:\/\/www.kukuk.com\/wp-content\/uploads\/wwd-1024x510.jpg\" alt=\"\" class=\"wp-image-11870\" srcset=\"https:\/\/kukuk.com\/wp-content\/uploads\/wwd-1024x510.jpg 1024w, https:\/\/kukuk.com\/wp-content\/uploads\/wwd-600x299.jpg 600w, https:\/\/kukuk.com\/wp-content\/uploads\/wwd-300x149.jpg 300w, https:\/\/kukuk.com\/wp-content\/uploads\/wwd-120x60.jpg 120w, https:\/\/kukuk.com\/wp-content\/uploads\/wwd.jpg 1070w\" sizes=\"(max-width: 1024px) 100vw, 1024px\" \/><\/figure>\n\n\n\n<p>Un mod\u00e8le 3D a \u00e9t\u00e9 cr\u00e9\u00e9 \u00e0 partir de photos originales d'une BMW 328 MM. Celui-ci a servi de base non seulement pour une comparaison avec les n\u00e9gatifs\/photographies originaux de l'\u00e9poque (authentification du v\u00e9hicule), mais aussi pour la cr\u00e9ation d'un mod\u00e8le de membrure qui a \u00e9t\u00e9 frais\u00e9 dans du bois. Ce mod\u00e8le de membrure \u00e9tait n\u00e9cessaire pour une restauration conforme aux dimensions et aux r\u00e8gles de l'art.<\/p>\n\n\n\n<div class=\"wp-block-columns is-layout-flex wp-container-core-columns-is-layout-9d6595d7 wp-block-columns-is-layout-flex\">\n<div class=\"wp-block-column is-layout-flow wp-block-column-is-layout-flow\">\n<figure class=\"wp-block-image size-large\"><img loading=\"lazy\" decoding=\"async\" width=\"1024\" height=\"552\" src=\"https:\/\/www.kukuk.com\/wp-content\/uploads\/bmw1-e1618506051650-1024x552.jpg\" alt=\"\" class=\"wp-image-11775\" srcset=\"https:\/\/kukuk.com\/wp-content\/uploads\/bmw1-e1618506051650-1024x552.jpg 1024w, https:\/\/kukuk.com\/wp-content\/uploads\/bmw1-e1618506051650-600x323.jpg 600w, https:\/\/kukuk.com\/wp-content\/uploads\/bmw1-e1618506051650-300x162.jpg 300w, https:\/\/kukuk.com\/wp-content\/uploads\/bmw1-e1618506051650-1536x827.jpg 1536w, https:\/\/kukuk.com\/wp-content\/uploads\/bmw1-e1618506051650-2048x1103.jpg 2048w, https:\/\/kukuk.com\/wp-content\/uploads\/bmw1-e1618506051650-111x60.jpg 111w\" sizes=\"(max-width: 1024px) 100vw, 1024px\" \/><figcaption>Scan de la carrosserie Comparaison des donn\u00e9es avec...<\/figcaption><\/figure>\n<\/div>\n\n\n\n<div class=\"wp-block-column is-layout-flow wp-block-column-is-layout-flow\">\n<figure class=\"wp-block-image size-large\"><img loading=\"lazy\" decoding=\"async\" width=\"1024\" height=\"532\" src=\"https:\/\/www.kukuk.com\/wp-content\/uploads\/bmw2-e1618506079799-1024x532.jpg\" alt=\"\" class=\"wp-image-11777\" srcset=\"https:\/\/kukuk.com\/wp-content\/uploads\/bmw2-e1618506079799-1024x532.jpg 1024w, https:\/\/kukuk.com\/wp-content\/uploads\/bmw2-e1618506079799-600x312.jpg 600w, https:\/\/kukuk.com\/wp-content\/uploads\/bmw2-e1618506079799-300x156.jpg 300w, https:\/\/kukuk.com\/wp-content\/uploads\/bmw2-e1618506079799-1536x798.jpg 1536w, https:\/\/kukuk.com\/wp-content\/uploads\/bmw2-e1618506079799-2048x1063.jpg 2048w, https:\/\/kukuk.com\/wp-content\/uploads\/bmw2-e1618506079799-116x60.jpg 116w\" sizes=\"(max-width: 1024px) 100vw, 1024px\" \/><figcaption>... photos originales<\/figcaption><\/figure>\n<\/div>\n<\/div>\n\n\n\n<p>Nous coop\u00e9rons avec la <strong>Soci\u00e9t\u00e9 Zeiss<\/strong> et mettent en place le <strong>Scanner \u00e0 main T-Scan LV,<\/strong> qui utilise la m\u00e9thode de coupe lumineuse unidimensionnelle, est souvent utilis\u00e9. Le positionnement du scanner a \u00e9t\u00e9 effectu\u00e9 \u00e0 l'aide du syst\u00e8me T-Track LV, qui fonctionne sur la base d'une cam\u00e9ra.<\/p>\n\n\n\n<div class=\"wp-block-columns is-layout-flex wp-container-core-columns-is-layout-9d6595d7 wp-block-columns-is-layout-flex\">\n<div class=\"wp-block-column is-layout-flow wp-block-column-is-layout-flow\">\n<figure class=\"wp-block-image size-large\"><img loading=\"lazy\" decoding=\"async\" width=\"605\" height=\"390\" src=\"https:\/\/www.kukuk.com\/wp-content\/uploads\/Bild6.png\" alt=\"\" class=\"wp-image-11766\" srcset=\"https:\/\/kukuk.com\/wp-content\/uploads\/Bild6.png 605w, https:\/\/kukuk.com\/wp-content\/uploads\/Bild6-600x387.png 600w, https:\/\/kukuk.com\/wp-content\/uploads\/Bild6-300x193.png 300w, https:\/\/kukuk.com\/wp-content\/uploads\/Bild6-93x60.png 93w\" sizes=\"(max-width: 605px) 100vw, 605px\" \/><\/figure>\n<\/div>\n\n\n\n<div class=\"wp-block-column is-layout-flow wp-block-column-is-layout-flow\">\n<figure class=\"wp-block-image size-large\"><img loading=\"lazy\" decoding=\"async\" width=\"687\" height=\"423\" src=\"https:\/\/www.kukuk.com\/wp-content\/uploads\/Bild5.png\" alt=\"\" class=\"wp-image-11764\" srcset=\"https:\/\/kukuk.com\/wp-content\/uploads\/Bild5.png 687w, https:\/\/kukuk.com\/wp-content\/uploads\/Bild5-600x369.png 600w, https:\/\/kukuk.com\/wp-content\/uploads\/Bild5-300x185.png 300w, https:\/\/kukuk.com\/wp-content\/uploads\/Bild5-97x60.png 97w\" sizes=\"(max-width: 687px) 100vw, 687px\" \/><\/figure>\n\n\n\n<p><\/p>\n<\/div>\n<\/div>","protected":false},"excerpt":{"rendered":"<p>Examen d'originalit\u00e9 de la carrosserie et du ch\u00e2ssis, contr\u00f4le de la qualit\u00e9 de la restauration \/ r\u00e9paration et \u00e9valuation des dommages Examen d'originalit\u00e9 par comparaison de photos originales et de la carrosserie, du ch\u00e2ssis ... Utilisation mobile \u00e0 tout moment et partout dans le monde Cotation, support de restauration, mod\u00e8le 3D pour la fabrication de mod\u00e8les de membrures \/ pi\u00e8ces de rechange, etc. Depuis 2005, nous utilisons r\u00e9guli\u00e8rement des scanners 3D, des radiographies 3D et des mod\u00e8les 3D ... <\/p>","protected":false},"author":3,"featured_media":11760,"parent":0,"menu_order":0,"comment_status":"closed","ping_status":"closed","template":"","meta":{"_et_pb_use_builder":"","_et_pb_old_content":"","_et_gb_content_width":"","_monsterinsights_skip_tracking":false,"_monsterinsights_sitenote_active":false,"_monsterinsights_sitenote_note":"","_monsterinsights_sitenote_category":0,"_joinchat":[],"footnotes":""},"class_list":["post-11745","page","type-page","status-publish","has-post-thumbnail","hentry","latest_post"],"_links":{"self":[{"href":"https:\/\/kukuk.com\/fr\/wp-json\/wp\/v2\/pages\/11745","targetHints":{"allow":["GET"]}}],"collection":[{"href":"https:\/\/kukuk.com\/fr\/wp-json\/wp\/v2\/pages"}],"about":[{"href":"https:\/\/kukuk.com\/fr\/wp-json\/wp\/v2\/types\/page"}],"author":[{"embeddable":true,"href":"https:\/\/kukuk.com\/fr\/wp-json\/wp\/v2\/users\/3"}],"replies":[{"embeddable":true,"href":"https:\/\/kukuk.com\/fr\/wp-json\/wp\/v2\/comments?post=11745"}],"version-history":[{"count":0,"href":"https:\/\/kukuk.com\/fr\/wp-json\/wp\/v2\/pages\/11745\/revisions"}],"wp:featuredmedia":[{"embeddable":true,"href":"https:\/\/kukuk.com\/fr\/wp-json\/wp\/v2\/media\/11760"}],"wp:attachment":[{"href":"https:\/\/kukuk.com\/fr\/wp-json\/wp\/v2\/media?parent=11745"}],"curies":[{"name":"wp","href":"https:\/\/api.w.org\/{rel}","templated":true}]}}