{"id":12159,"date":"2021-09-21T19:17:48","date_gmt":"2021-09-21T17:17:48","guid":{"rendered":"https:\/\/www.kukuk.com\/?page_id=12159"},"modified":"2021-09-21T20:21:38","modified_gmt":"2021-09-21T18:21:38","slug":"examen-de-soudure","status":"publish","type":"page","link":"https:\/\/kukuk.com\/fr\/schweissnahtpruefung\/","title":{"rendered":"Contr\u00f4le des soudures"},"content":{"rendered":"<p>Contr\u00f4le visuel<\/p>\n\n\n\n<p>Formation de crat\u00e8res aux extr\u00e9mit\u00e9s des soudures<\/p>\n\n\n\n<p>Soudure manquante<\/p>\n\n\n\n<p>Courant d'abaissement et d\u00e9bit non optimaux<\/p>\n\n\n\n<p>R\u00e9alis\u00e9 avec du MMA (soudage \u00e0 l'\u00e9lectrode)<\/p>\n\n\n\n<ul class=\"wp-block-list\"><li>Proc\u00e9d\u00e9s de soudage<ul><li>Proc\u00e9d\u00e9 de soudage par points<\/li><\/ul><\/li><li>Qualit\u00e9<ul><li>Travail des la\u00efcs<ul><li>Manque de conservation<\/li><\/ul><\/li><\/ul><\/li><li>Positionnement<ul><li>Coutures et t\u00f4les<\/li><\/ul><\/li><\/ul>\n\n\n\n<p><\/p>","protected":false},"excerpt":{"rendered":"<p>Contr\u00f4le visuel Formation de crat\u00e8res terminaux aux extr\u00e9mit\u00e9s de la soudure Absence de soudure Courant d'abaissement et d\u00e9bit non optimaux R\u00e9alis\u00e9 avec MMA (soudage \u00e0 l'\u00e9lectrode) Proc\u00e9dure de soudage Proc\u00e9dure de soudage par points Qualit\u00e9 Travail d'amateur Manque de conservation Positionnement Coutures et t\u00f4les<\/p>","protected":false},"author":3,"featured_media":0,"parent":0,"menu_order":0,"comment_status":"closed","ping_status":"closed","template":"","meta":{"_et_pb_use_builder":"","_et_pb_old_content":"","_et_gb_content_width":"","_monsterinsights_skip_tracking":false,"_monsterinsights_sitenote_active":false,"_monsterinsights_sitenote_note":"","_monsterinsights_sitenote_category":0,"_joinchat":[],"footnotes":""},"class_list":["post-12159","page","type-page","status-publish","hentry","latest_post"],"_links":{"self":[{"href":"https:\/\/kukuk.com\/fr\/wp-json\/wp\/v2\/pages\/12159","targetHints":{"allow":["GET"]}}],"collection":[{"href":"https:\/\/kukuk.com\/fr\/wp-json\/wp\/v2\/pages"}],"about":[{"href":"https:\/\/kukuk.com\/fr\/wp-json\/wp\/v2\/types\/page"}],"author":[{"embeddable":true,"href":"https:\/\/kukuk.com\/fr\/wp-json\/wp\/v2\/users\/3"}],"replies":[{"embeddable":true,"href":"https:\/\/kukuk.com\/fr\/wp-json\/wp\/v2\/comments?post=12159"}],"version-history":[{"count":0,"href":"https:\/\/kukuk.com\/fr\/wp-json\/wp\/v2\/pages\/12159\/revisions"}],"wp:attachment":[{"href":"https:\/\/kukuk.com\/fr\/wp-json\/wp\/v2\/media?parent=12159"}],"curies":[{"name":"wp","href":"https:\/\/api.w.org\/{rel}","templated":true}]}}