{"id":12485,"date":"2021-09-18T17:48:40","date_gmt":"2021-09-18T15:48:40","guid":{"rendered":"https:\/\/www.kukuk.com\/?page_id=12485"},"modified":"2021-09-18T17:53:15","modified_gmt":"2021-09-18T15:53:15","slug":"mesure-de-lintensite-du-materiau","status":"publish","type":"page","link":"https:\/\/kukuk.com\/fr\/materialstaerkenmessung\/","title":{"rendered":"Mesure de l'\u00e9paisseur des mat\u00e9riaux"},"content":{"rendered":"<h4 class=\"wp-block-heading\"><meta charset=\"utf-8\"><strong>Ultrasons pour la mesure de l'\u00e9paisseur des rev\u00eatements<\/strong> <strong>de la peinture et du m\u00e9tal<\/strong><\/h4>\n\n\n\n<p>Il existe essentiellement 3 m\u00e9thodes de mesure permettant d'effectuer des mesures non destructives de l'\u00e9paisseur des couches, par exemple du mat\u00e9riau du cadre ou de la t\u00f4le de la carrosserie ou des mesures de l'\u00e9paisseur de la peinture sur les carrosseries :<\/p>\n\n\n\n<ul class=\"wp-block-list\"><li>La m\u00e9thode de mesure magn\u00e9to-inductive pour les mesures sur des substrats ferritiques comme la t\u00f4le<\/li><li>La m\u00e9thode des courants de Foucault pour les mesures sur des substrats non ferreux comme l'aluminium<\/li><li>Ultrasons pour des mesures ind\u00e9pendantes du substrat, ou des mesures multicouches.<\/li><\/ul>\n\n\n\n<p>L'utilisation de <strong>Ultrasons <\/strong>nous utilisons pour d\u00e9terminer <strong>\u00c9paisseur du mat\u00e9riau<\/strong>Nous avons \u00e9galement effectu\u00e9 des tests sur des t\u00f4les d'aluminium et d'acier. Nous effectuons r\u00e9guli\u00e8rement cette m\u00e9thode, en particulier dans le domaine de la carrosserie et des cadres, et comparons les valeurs avec les dessins techniques du constructeur automobile. L'important est que nous puissions d\u00e9terminer l'\u00e9paisseur de la t\u00f4le sans \u00eatre g\u00ean\u00e9s par la peinture ou le mastic, et ce de mani\u00e8re non invasive !<\/p>\n\n\n\n<p>Nous pouvons \u00e9galement d\u00e9terminer l'\u00e9paisseur de la couche de peinture ou tout type d'\u00e9paisseur de mat\u00e9riau. Nous utilisons notamment les ultrasons pour examiner l'\u00e9paisseur de la peinture sur les plastiques renforc\u00e9s de fibres de verre et les plastiques renforc\u00e9s de fibres de carbone, ce qui nous permet \u00e9galement d'identifier un v\u00e9hicule de premi\u00e8re peinture !<\/p>\n\n\n\n<p>Avec le proc\u00e9d\u00e9 \u00e0 ultrasons, on est dans tous les cas ind\u00e9pendant du mat\u00e9riau ! Il est \u00e9galement possible de mesurer l'\u00e9paisseur de couches sur diff\u00e9rents substrats tels que les m\u00e9taux, les mati\u00e8res plastiques, le bois ou encore les mati\u00e8res plastiques renforc\u00e9es de fibres de verre ou de carbone ! En outre, il est possible de mesurer non seulement l'\u00e9paisseur totale, mais aussi les diff\u00e9rentes \u00e9paisseurs de couche, en une seule op\u00e9ration de mesure - ce qui repr\u00e9sente un \u00e9norme avantage par rapport aux proc\u00e9d\u00e9s \u00e9lectromagn\u00e9tiques !<\/p>\n\n\n\n<figure class=\"wp-block-embed is-type-video is-provider-youtube wp-block-embed-youtube wp-embed-aspect-16-9 wp-has-aspect-ratio\"><div class=\"wp-block-embed__wrapper\">\n<iframe loading=\"lazy\" title=\"La BMW E9 3.0 CSL a-t-elle des t\u00f4les fines ? Ultrasons pour la mesure de la carrosserie &amp; du cadre \/ Ingenieurb\u00fcro Kukuk\" width=\"767\" height=\"431\" src=\"https:\/\/www.youtube.com\/embed\/RvpYc0ZmA2c?start=17&#038;feature=oembed\" frameborder=\"0\" allow=\"accelerometer; autoplay; clipboard-write; encrypted-media; gyroscope; picture-in-picture\" allowfullscreen><\/iframe>\n<\/div><figcaption><meta charset=\"utf-8\"><em>Pour vous faire une id\u00e9e, regardez la vid\u00e9o suivante<\/em><\/figcaption><\/figure>","protected":false},"excerpt":{"rendered":"<p>Ultraschall zur Schichtdickenmessung von Lack und Metall Es gibt im Wesentlichen 3 Messverfahren, um zerst\u00f6rungsfrei Schichtdickenmessungen beispielsweise vom Rahmenmaterial oder Karosserieblech oder Lackdickenmessungen auf Karosserien durchzuf\u00fchren: Das magnet-induktive Messverfahren f\u00fcr Messungen auf ferritischen Substraten wie Blech Das Wirbelstromverfahren f\u00fcr Messungen auf nicht &#8211; eisen Substraten wie z.B. Aluminium Ultraschall f\u00fcr &hellip; <\/p>","protected":false},"author":3,"featured_media":10912,"parent":0,"menu_order":0,"comment_status":"closed","ping_status":"closed","template":"","meta":{"_et_pb_use_builder":"","_et_pb_old_content":"","_et_gb_content_width":"","_monsterinsights_skip_tracking":false,"_monsterinsights_sitenote_active":false,"_monsterinsights_sitenote_note":"","_monsterinsights_sitenote_category":0,"_joinchat":[],"footnotes":""},"class_list":["post-12485","page","type-page","status-publish","has-post-thumbnail","hentry","latest_post"],"_links":{"self":[{"href":"https:\/\/kukuk.com\/fr\/wp-json\/wp\/v2\/pages\/12485","targetHints":{"allow":["GET"]}}],"collection":[{"href":"https:\/\/kukuk.com\/fr\/wp-json\/wp\/v2\/pages"}],"about":[{"href":"https:\/\/kukuk.com\/fr\/wp-json\/wp\/v2\/types\/page"}],"author":[{"embeddable":true,"href":"https:\/\/kukuk.com\/fr\/wp-json\/wp\/v2\/users\/3"}],"replies":[{"embeddable":true,"href":"https:\/\/kukuk.com\/fr\/wp-json\/wp\/v2\/comments?post=12485"}],"version-history":[{"count":0,"href":"https:\/\/kukuk.com\/fr\/wp-json\/wp\/v2\/pages\/12485\/revisions"}],"wp:featuredmedia":[{"embeddable":true,"href":"https:\/\/kukuk.com\/fr\/wp-json\/wp\/v2\/media\/10912"}],"wp:attachment":[{"href":"https:\/\/kukuk.com\/fr\/wp-json\/wp\/v2\/media?parent=12485"}],"curies":[{"name":"wp","href":"https:\/\/api.w.org\/{rel}","templated":true}]}}