{"id":12660,"date":"2021-09-21T18:46:45","date_gmt":"2021-09-21T16:46:45","guid":{"rendered":"https:\/\/www.kukuk.com\/?page_id=12660"},"modified":"2021-09-21T18:47:04","modified_gmt":"2021-09-21T16:47:04","slug":"endoscopie","status":"publish","type":"page","link":"https:\/\/kukuk.com\/fr\/endoskopie\/","title":{"rendered":"Endoscopie"},"content":{"rendered":"<p>Expertise visuelle et sans montage des diff\u00e9rents composants (cylindres et cavit\u00e9s dans le ch\u00e2ssis du v\u00e9hicule)<\/p>\n\n\n\n<p>-Expertise du cylindre pour d\u00e9tecter les dommages au moteur<\/p>\n\n\n\n<p>-expertise de l'\u00e9tat de certaines cavit\u00e9s<\/p>\n\n\n\n<p>-d\u00e9tection de la corrosion et de la rouille<\/p>\n\n\n\n<p><\/p>","protected":false},"excerpt":{"rendered":"<p>Expertise visuelle et sans montage des diff\u00e9rents composants (cylindres et cavit\u00e9s dans le ch\u00e2ssis du v\u00e9hicule) -Examen du cylindre pour d\u00e9tecter les dommages du moteur -Examen de l'\u00e9tat des diff\u00e9rentes cavit\u00e9s -D\u00e9termination de la corrosion et de la rouille<\/p>","protected":false},"author":3,"featured_media":12138,"parent":0,"menu_order":0,"comment_status":"closed","ping_status":"closed","template":"","meta":{"_et_pb_use_builder":"","_et_pb_old_content":"","_et_gb_content_width":"","_monsterinsights_skip_tracking":false,"_monsterinsights_sitenote_active":false,"_monsterinsights_sitenote_note":"","_monsterinsights_sitenote_category":0,"_joinchat":[],"footnotes":""},"class_list":["post-12660","page","type-page","status-publish","has-post-thumbnail","hentry","latest_post"],"_links":{"self":[{"href":"https:\/\/kukuk.com\/fr\/wp-json\/wp\/v2\/pages\/12660","targetHints":{"allow":["GET"]}}],"collection":[{"href":"https:\/\/kukuk.com\/fr\/wp-json\/wp\/v2\/pages"}],"about":[{"href":"https:\/\/kukuk.com\/fr\/wp-json\/wp\/v2\/types\/page"}],"author":[{"embeddable":true,"href":"https:\/\/kukuk.com\/fr\/wp-json\/wp\/v2\/users\/3"}],"replies":[{"embeddable":true,"href":"https:\/\/kukuk.com\/fr\/wp-json\/wp\/v2\/comments?post=12660"}],"version-history":[{"count":0,"href":"https:\/\/kukuk.com\/fr\/wp-json\/wp\/v2\/pages\/12660\/revisions"}],"wp:featuredmedia":[{"embeddable":true,"href":"https:\/\/kukuk.com\/fr\/wp-json\/wp\/v2\/media\/12138"}],"wp:attachment":[{"href":"https:\/\/kukuk.com\/fr\/wp-json\/wp\/v2\/media?parent=12660"}],"curies":[{"name":"wp","href":"https:\/\/api.w.org\/{rel}","templated":true}]}}