{"id":17140,"date":"2024-08-05T15:44:27","date_gmt":"2024-08-05T13:44:27","guid":{"rendered":"https:\/\/kukuk.com\/?page_id=17140"},"modified":"2024-08-05T15:55:11","modified_gmt":"2024-08-05T13:55:11","slug":"allgemeine-geschaeftsbedingungen","status":"publish","type":"page","link":"https:\/\/kukuk.com\/fr\/allgemeine-geschaeftsbedingungen\/","title":{"rendered":"CONDITIONS G\u00c9N\u00c9RALES DE VENTE"},"content":{"rendered":"<p>[et_pb_section fb_built=&#8220;1&#8243; _builder_version=&#8220;4.16&#8243; global_colors_info=&#8220;{}&#8220;][et_pb_row _builder_version=&#8220;4.16&#8243; background_size=&#8220;initial&#8220; background_position=&#8220;top_left&#8220; background_repeat=&#8220;repeat&#8220; global_colors_info=&#8220;{}&#8220;][et_pb_column type=&#8220;4_4&#8243; _builder_version=&#8220;4.16&#8243; custom_padding=&#8220;|||&#8220; global_colors_info=&#8220;{}&#8220; custom_padding__hover=&#8220;|||&#8220;][et_pb_text _builder_version=&#8220;4.16&#8243; background_size=&#8220;initial&#8220; background_position=&#8220;top_left&#8220; background_repeat=&#8220;repeat&#8220; global_colors_info=&#8220;{}&#8220;]<\/p>\n<p>Allgemeine Gesch\u00e4ftsbedingungen f\u00fcr Kukuk Group<\/p>\n<p>&nbsp;<\/p>\n<ol>\n<li>Geltung der Bedingungen<\/li>\n<\/ol>\n<p>Die Erstellung von Gutachten, Expertisen, beratenden T\u00e4tigkeiten und G\u00fctesiegeln durch Dipl.-Ing. Klaus Kukuk (Ingenieurb\u00fcro Kukuk), Kukuk Group (Kukuk Engineers GmbH und Kukuk Signature GmbH) &#8211; im Folgenden &#8222;AN&#8220; &#8211; f\u00fcr den Auftraggeber \u00a0&#8211; im Folgenden &#8222;AG&#8220;- erfolgt ausschlie\u00dflich auf Basis dieser Gesch\u00e4ftsbedingungen. Abweichende Bedingungen des AG gelten nur, wenn sie vom AN schriftlich anerkannt werden. Die nachstehenden Bedingungen gelten f\u00fcr die frei vereinbarten Leistungen einschlie\u00dflich Beratungsleistungen, Ausk\u00fcnfte, Lieferungen und \u00e4hnliches sowie f\u00fcr im Rahmen der Auftragsdurchf\u00fchrung erbrachte Nebenleistungen und sonstige Nebenpflichten.<\/p>\n<ol start=\"2\">\n<li>Auftragserteilung und Angebote<\/li>\n<\/ol>\n<p>Der Auftrag zur Erstellung von Gutachten, Expertisen, beratenden T\u00e4tigkeiten, Zertifikaten und G\u00fctesiegeln ist in der Regel schriftlich zu erteilen; m\u00fcndlich, telefonisch oder \u00fcber andere Telekommunikationstechniken erteilte Auftr\u00e4ge gelten ebenfalls als verbindlich. Der AG muss dem AN alle erforderlichen Unterlagen und Informationen unentgeltlich und ohne besondere Aufforderung zur Verf\u00fcgung stellen. Der AG muss das Projektausma\u00df, die Sachlage, den Schaden- \/ Reparatur- \/ Restaurierungsumfang und s\u00e4mtliche historischen und technischen Hintergr\u00fcnde m\u00f6glichst umfassend und wahrheitsgem\u00e4\u00df erl\u00e4utern, um eine ordnungsgem\u00e4\u00dfe Bearbeitung zu erm\u00f6glichen. Alt- und Vorsch\u00e4den sind vom AG zu benennen. Nachteile durch unrichtige Angaben oder Verschweigen von Tatsachen gehen nicht zu Lasten des AN. Der Sachverst\u00e4ndige, Ingenieur und Mitarbeiter ist von allen relevanten Vorg\u00e4ngen und Umst\u00e4nden rechtzeitig in Kenntnis zu setzen. Bis zum endg\u00fcltigen Vertragsabschluss bzw. bis zur schriftlichen Auftragsbest\u00e4tigung sind die Angebote des AN, insbesondere hinsichtlich Umfang, Ausf\u00fchrung, Preisen und Fristen, freibleibend und nicht bindend. Der AN haftet f\u00fcr Leistungsangaben und Zusicherungen oder sonstige Erkl\u00e4rungen ihrer Beauftragten oder Erf\u00fcllungsgehilfen nur dann, wenn diese Erkl\u00e4rungen von dem AN verbindlich gegeben worden sind. Die Leistungen werden nach den allgemein anerkannten Regeln der Technik und unter Beachtung der zum Zeitpunkt der Auftragsbest\u00e4tigung geltenden Vorschriften \u2013 soweit nicht andere zul\u00e4ssige Vereinbarungen ausdr\u00fccklich und schriftlich getroffen sind \u2013 durchgef\u00fchrt. Mit der Durchf\u00fchrung der T\u00e4tigkeiten wird nicht gleichzeitig Gew\u00e4hr f\u00fcr die Ordnungsgem\u00e4\u00dfheit (einwandfreie Beschaffenheit) und Funktionsf\u00e4higkeit weder der begutachteten oder gepr\u00fcften Teile noch des Fahrzeugs \u00fcbernommen; insbesondere wird keine Verantwortung f\u00fcr Konstruktion, Materialauswahl und Bau der untersuchten Fahrzeuge \u00fcbernommen, soweit diese Fragen nicht ausdr\u00fccklich Gegenstand des Auftrages sind. Bei Pr\u00fcfauftr\u00e4gen ist der AN nicht verantwortlich f\u00fcr die Richtigkeit oder \u00dcberpr\u00fcfung der ihren Pr\u00fcfungen und Begutachtungen zugrunde liegenden Vorschriften, Normen, technischen Regeln, Programme, soweit nicht ausdr\u00fccklich und schriftlich etwas anderes vereinbart ist.<\/p>\n<ol start=\"3\">\n<li>Leistungsfristen \/-termine<\/li>\n<\/ol>\n<p>Die vertraglich vereinbarten Leistungsfristen und -termine beruhen auf Erfahrungen und Sch\u00e4tzungen des Arbeitsumfangs aufgrund der Angaben des Auftraggebers. Sie sind nur dann verbindlich, wenn sie von dem AN schriftlich als verbindlich best\u00e4tigt werden.<\/p>\n<ol start=\"4\">\n<li>Vollmacht<\/li>\n<\/ol>\n<p>Der AG legitimiert den AN zur Vornahme aller erforderlichen und zweckdienlichen Feststellungen, Untersuchungen und Leistungen bei und gegen\u00fcber Beh\u00f6rden, Unternehmen und Dritten.<\/p>\n<p>&nbsp;<\/p>\n<ol start=\"5\">\n<li>Vertraulichkeit<\/li>\n<\/ol>\n<p>Der AN, ihre Partner und ihre Mitarbeiter sind, soweit gesetzliche Auflagen dem nicht entgegenstehen, \u00fcber alle Informationen, die mit Auftragsverhandlungen und Daten der Auftraggeber zusammenh\u00e4ngen zur Verschwiegenheit verpflichtet. Weiteres Vorgehen und Vermittlung ermittelter Erkenntnisse und Tatsachen sind dem AN und AG \u00fcberlassen und unterliegen nicht der Verschwiegenheit, au\u00dfer anders schriftlich vereinbart. Von schriftlichen Unterlagen, Zeichnungen, Pl\u00e4nen usw., die der AN zur Einsicht \u00fcberlassen wurden und die f\u00fcr die Auftragsverhandlung bzw. Durchf\u00fchrung des Auftrags von Bedeutung sind, d\u00fcrfen Abschriften (Ablichtungen) f\u00fcr die Akten des AN erstellt werden.<\/p>\n<p>&nbsp;<\/p>\n<ol start=\"6\">\n<li>Urheberrechte<\/li>\n<\/ol>\n<p>Alle Urheberrechte und Miturheberrechte an den von dem AN erstellten Gutachten, Pr\u00fcfergebnissen, Expertisen, Berichten, Berechnungen, Darstellungen, Stellungnahmen (m\u00fcndlich und schriftlich) usw. verbleiben bei dem AN. Der Auftraggeber darf im Rahmen des Auftrags gefertigte Gutachten, Pr\u00fcfungsergebnisse, Berechnungen, Darstellungen usw. nur f\u00fcr den Zweck verwenden, f\u00fcr den sie vereinbarungsgem\u00e4\u00df bestimmt sind.<\/p>\n<p>&nbsp;<\/p>\n<ol start=\"7\">\n<li>Zahlungsbedingungen<\/li>\n<\/ol>\n<p>Das Honorar f\u00fcr Gutachten, Expertisen, beratende T\u00e4tigkeiten und G\u00fctesiegel ist bei Abholung im B\u00fcro des Sachverst\u00e4ndigen sofort f\u00e4llig. Bei unbarer Zahlung ist die Gutachten- bzw. Rechnungsnummer anzugeben. Nach erfolgloser Mahnung kann das gerichtliche Mahnverfahren eingeleitet werden.<\/p>\n<p>7.1 Alle Entgelte sind ohne Abzug nach Rechnungserhalt zur Zahlung f\u00e4llig, Skonti werden nicht gew\u00e4hrt.<\/p>\n<p>7.2 Gegen Forderungen des AN kann nur mit rechtskr\u00e4ftig festgestellten oder unbestrittenen Forderungen aufgerechnet werden.<\/p>\n<p>7.3 Die Zahlungen sind unter Angabe der Rechnungs- und Kundennummer auf das Bankkonto des AN, welches auf der Rechnung angegeben ist, zu leisten.<\/p>\n<p>7.4 Beanstandungen der Rechnungen von dem AN sind innerhalb von zwei Wochen nach Empfang der Rechnung schriftlich geltend zu machen<\/p>\n<ol start=\"8\">\n<li>Honorare\u00a0 \u00a0 \u00a0 \u00a0 \u00a0 \u00a0 \u00a0 \u00a0 \u00a0 \u00a0 \u00a0 \u00a0 \u00a0 \u00a0 \u00a0 \u00a0 \u00a0 \u00a0 \u00a0 \u00a0 \u00a0 \u00a0 \u00a0 \u00a0 \u00a0 \u00a0 \u00a0 \u00a0 \u00a0 \u00a0 \u00a0 \u00a0 \u00a0 \u00a0 \u00a0 \u00a0 \u00a0 \u00a0 \u00a0 \u00a0 \u00a0 \u00a0 \u00a0 \u00a0 \u00a0 \u00a0 \u00a0 \u00a0 \u00a0 \u00a0 \u00a0 \u00a0 \u00a0 \u00a0 \u00a0 \u00a0 \u00a0 \u00a0 \u00a0 \u00a0 \u00a0 \u00a0 \u00a0 \u00a0 \u00a0 \u00a0 \u00a0 \u00a0 \u00a0 \u00a0 \u00a0 \u00a0 \u00a0 \u00a0 \u00a0 \u00a0 \u00a0 \u00a0 \u00a0 \u00a0 \u00a0 \u00a0 \u00a0 \u00a0 \u00a0 \u00a0 \u00a0 \u00a0 \u00a0 \u00a0 \u00a0 \u00a0 \u00a0 \u00a0 \u00a0 \u00a0 \u00a0 \u00a0 \u00a0 \u00a0 Wenn nicht anders schriftlich vereinbart werden die g\u00e4ngigen Honorarbeitr\u00e4ge des AN berechnet. Nachstehend die Honorars\u00e4tze und Koste ( Stand 2024), welche auf Aktualit\u00e4t seitens des AG \u00fcberpr\u00fcft werden m\u00fcssen:\n<p>Sachbearbeiter \u00a0\u00a0\u00a0\u00a0\u00a0\u00a0\u00a0\u00a0\u00a0\u00a0\u00a0\u00a0\u00a0\u00a0\u00a0\u00a0\u00a0 \u00a0\u00a0\u00a0\u00a0\u00a0\u00a0\u00a0\u00a0\u00a0\u00a0\u00a0\u00a0\u00a0 95,00 \u20ac \/ h<\/p>\n<p>Kilometerberechnung \u00a0 \u00a0\u00a0\u00a0\u00a0\u00a0\u00a0\u00a0\u00a0\u00a0\u00a0\u00a0\u00a0\u00a0 0,90 \u20ac \/ km<\/p>\n<p>Reisezeit\u00a0\u00a0\u00a0\u00a0\u00a0\u00a0\u00a0\u00a0\u00a0\u00a0\u00a0\u00a0\u00a0\u00a0\u00a0\u00a0\u00a0\u00a0\u00a0\u00a0\u00a0\u00a0\u00a0\u00a0\u00a0\u00a0\u00a0\u00a0\u00a0\u00a0\u00a0\u00a0\u00a0\u00a0\u00a0 \u00a0\u00a0\u00a0\u00a0\u00a0\u00a0\u00a0\u00a0\u00a0\u00a0\u00a0\u00a0\u00a0 150,00 \u20ac \/ h<\/p>\n<p>Ingenieur-\/ Beratert\u00e4tigtkeit 350,00 \u20ac \/ h \u00a0\u00a0\u00a0\u00a0\u00a0\u00a0\u00a0\u00a0\u00a0\u00a0<\/p>\n<\/li>\n<\/ol>\n<p>8.1 Ist bei der Erteilung des Auftrags der Leistungsumfang nicht schriftlich festgelegt, erfolgt die Abrechnung nach Aufwand. Ist kein Entgelt schriftlich vereinbart, erfolgt die Abrechnung nach der zum Zeitpunkt der Leistungserbringung g\u00fcltigen Entgelteordnung des AN. Es k\u00f6nnen auch dann neue Entgelte abgerechnet werden, wenn eine fest vereinbarte Obergrenze des Entgeltes nicht \u00fcberschritten wird.<\/p>\n<p>8.2 Erstreckt sich die Durchf\u00fchrung eines Auftrags \u00fcber mehr als einen Monat oder betr\u00e4gt der Auftragswert oder der vereinbarte Festpreis mehr als 2.500,00 \u20ac, so kann der AN Anzahlungen verlangen und anteilig Abschlagszahlungen in Rechnung stellen.<\/p>\n<p>8.3 Das Honorar f\u00fcr Schadengutachten wird auf Grundlage der Schadenh\u00f6he berechnet. Die Honorartabelle des AN kann in den Gesch\u00e4ftsr\u00e4umen des AN eingesehen werden. Bei Reparaturf\u00e4llen sind die Reparaturkosten inkl. MwSt. und eine etwaige Wertminderung ma\u00dfgebend. Bei Totalschaden ist der Wiederbeschaffungswert des Fahrzeugs vor dem Schadenereignis die Berechnungsgrundlage.<\/p>\n<ol start=\"9\">\n<li>Abnahme<\/li>\n<\/ol>\n<p>Der AN kann jeden in sich abgeschlossenen Teil der Leistungen des Auftrags als Teilleistung zur Abnahme vorlegen. Der Auftraggeber ist zur unverz\u00fcglichen Abnahme verpflichtet. Kommt der Auftraggeber seiner Abnahmeverpflichtung nicht unverz\u00fcglich nach, so gilt die Abnahme sp\u00e4testens vier Kalenderwochen nach voller Leistungs- oder auch vereinbarter Teilleistungserbringung als erfolgt, wenn der AN den Auftraggeber bei der Leistungserbringung besonders auf die vorgenannte Frist hinweist.<\/p>\n<ol start=\"10\">\n<li>Rechnungspr\u00fcfung\/Nachbesichtigung<\/li>\n<\/ol>\n<p>Rechnungspr\u00fcfungen und Nachbesichtigungen gelten als neue Auftr\u00e4ge und werden mit 25 % des Honorars gem\u00e4\u00df Honorartabelle abgerechnet.<\/p>\n<p>&nbsp;<\/p>\n<ol start=\"11\">\n<li>Gutachtenerstellung<\/li>\n<\/ol>\n<p>Der AG erh\u00e4lt das Gutachten in einfacher Ausfertigung. Das Gutachten kann nach Vereinbarung auch elektronisch versandt werden.<\/p>\n<p>&nbsp;<\/p>\n<ol start=\"12\">\n<li>Gutachtenversand<\/li>\n<\/ol>\n<p>Der Versand des Gutachtens erfolgt auf Risiko des AG.<\/p>\n<p>&nbsp;<\/p>\n<ol start=\"13\">\n<li>Haftung<\/li>\n<\/ol>\n<p>Der AN ist verpflichtet, den Auftrag nach bestem Wissen und Gewissen auszuf\u00fchren. Sofern innerhalb eines Monats nach Erhalt des Gutachtens keine Nachbesserung verlangt wird, ist eine Haftung ausgeschlossen, wenn es sich um offensichtliche M\u00e4ngel handelt oder der AG ein Unternehmer ist. Die Haftung wird, sofern es sich nicht um eine Verletzung des Lebens, des K\u00f6rpers oder der Gesundheit handelt, auf Vorsatz und grobe Fahrl\u00e4ssigkeit beschr\u00e4nkt. Schadensersatzanspr\u00fcche verj\u00e4hren nach 3 Jahren, beginnend mit dem Eingang des Gutachtens beim AG.<\/p>\n<p>&nbsp;<\/p>\n<ol start=\"14\">\n<li>Widerrufsrecht<\/li>\n<\/ol>\n<p>Der AG kann die Vertragserkl\u00e4rung innerhalb von zwei Wochen ohne Angabe von Gr\u00fcnden in Textform widerrufen. Die Frist beginnt mit der Mitteilung der Belehrung in Textform. Der Widerruf ist zu richten an:<\/p>\n<p>Dipl.-Ing. Klaus Kukuk<\/p>\n<p>Kaldauer H\u00f6he 11-13<\/p>\n<p>51491 Overath<\/p>\n<p>&nbsp;<\/p>\n<ol start=\"15\">\n<li>Anwendbares Recht<\/li>\n<\/ol>\n<p>F\u00fcr diese Gesch\u00e4ftsbedingungen und die gesamten Rechtsbeziehungen zwischen AG und AN gilt das Recht der Bundesrepublik Deutschland.<\/p>\n<p>&nbsp;<\/p>\n<ol start=\"16\">\n<li>Gerichtsstand\/Schlussbestimmung<\/li>\n<\/ol>\n<p>Gerichtsstand f\u00fcr Kaufleute ist K\u00f6ln. Sollten einzelne Bestimmungen dieser Gesch\u00e4ftsbedingungen unwirksam sein, bleibt die Wirksamkeit der \u00fcbrigen Bestimmungen unber\u00fchrt.<\/p>\n<ol start=\"17\">\n<li>Sonstiges<\/li>\n<\/ol>\n<p>\u00dcber das Vertragsverh\u00e4ltnis entscheidet deutsches Recht. Soweit die Voraussetzungen nach \u00a7 38 der Zivilprozessordnung (ZPO) vorliegen, ist Gerichtsstand der Sitz des AN. Erf\u00fcllungsort ist der Ort, an dem die vereinbarten Leistungen zu erbringen sind, im \u00dcbrigen der Sitz des AN. M\u00fcndliche Nebenabreden seitens des AG bed\u00fcrfen zu ihrer Wirksamkeit der schriftlichen Best\u00e4tigung. Vertrags\u00e4nderungen und Erg\u00e4nzungen einschlie\u00dflich einer \u00c4nderung dieser Schriftformklausel bed\u00fcrfen zu ihrer Wirksamkeit der Schriftform. Der Auftraggeber ist damit einverstanden, dass der AN personenbezogene Daten im Sinne des Bundesdatenschutzgesetzes f\u00fcr eigene Zwecke speichert und verarbeitet. Sollten Bestimmungen dieses Vertrages oder eine k\u00fcnftige in ihn aufgenommene Bestimmung ganz oder teilweise nicht rechtswirksam oder nicht durchf\u00fchrbar sein oder ihre Rechtswirksamkeit oder Durchf\u00fchrbarkeit sp\u00e4ter verlieren, so soll hierdurch die G\u00fcltigkeit der \u00fcbrigen Bestimmungen des Vertrages nicht ber\u00fchrt werden. Das Gleiche gilt, soweit sich herausstellen sollte, dass der Vertrag eine Regelungsl\u00fccke enth\u00e4lt. Anstelle der unwirksamen oder undurchf\u00fchrbaren Bestimmungen oder zur Ausf\u00fcllung der L\u00fccke sind die Parteien verpflichtet, eine angemessene Regelung zu vereinbaren, die, soweit rechtlich m\u00f6glich, dem am n\u00e4chsten kommt, was die Vertragsparteien gewollt haben oder nach dem Sinn und Zweck des Vertrages gewollt h\u00e4tten, sofern sie bei Abschluss dieses Vertrages oder bei der sp\u00e4teren Aufnahme einer Bestimmung den Punkt bedacht h\u00e4tten.<\/p>\n<h3><\/h3>\n<p>[\/et_pb_text][\/et_pb_column][\/et_pb_row][\/et_pb_section]<\/p>\n","protected":false},"excerpt":{"rendered":"<p>Conditions g\u00e9n\u00e9rales de vente du groupe Kukuk Validit\u00e9 des conditions L'\u00e9tablissement de rapports, d'expertises, d'activit\u00e9s de conseil et de labels de qualit\u00e9 par l'ing\u00e9nieur Klaus Kukuk (Ingenieurb\u00fcro Kukuk), le groupe Kukuk (Kukuk Engineers GmbH et Kukuk Signature GmbH) - ci-apr\u00e8s \"AN\" - pour le client - ci-apr\u00e8s \"AG\" - s'effectue exclusivement sur la base...<\/p>","protected":false},"author":3,"featured_media":0,"parent":0,"menu_order":0,"comment_status":"closed","ping_status":"closed","template":"","meta":{"_et_pb_use_builder":"on","_et_pb_old_content":"","_et_gb_content_width":"","_monsterinsights_skip_tracking":false,"_monsterinsights_sitenote_active":false,"_monsterinsights_sitenote_note":"","_monsterinsights_sitenote_category":0,"_joinchat":[],"footnotes":""},"class_list":["post-17140","page","type-page","status-publish","hentry","latest_post"],"_links":{"self":[{"href":"https:\/\/kukuk.com\/fr\/wp-json\/wp\/v2\/pages\/17140","targetHints":{"allow":["GET"]}}],"collection":[{"href":"https:\/\/kukuk.com\/fr\/wp-json\/wp\/v2\/pages"}],"about":[{"href":"https:\/\/kukuk.com\/fr\/wp-json\/wp\/v2\/types\/page"}],"author":[{"embeddable":true,"href":"https:\/\/kukuk.com\/fr\/wp-json\/wp\/v2\/users\/3"}],"replies":[{"embeddable":true,"href":"https:\/\/kukuk.com\/fr\/wp-json\/wp\/v2\/comments?post=17140"}],"version-history":[{"count":0,"href":"https:\/\/kukuk.com\/fr\/wp-json\/wp\/v2\/pages\/17140\/revisions"}],"wp:attachment":[{"href":"https:\/\/kukuk.com\/fr\/wp-json\/wp\/v2\/media?parent=17140"}],"curies":[{"name":"wp","href":"https:\/\/api.w.org\/{rel}","templated":true}]}}