{"id":8542,"date":"2018-06-26T09:20:48","date_gmt":"2018-06-26T07:20:48","guid":{"rendered":"https:\/\/www.kukuk.com\/?page_id=8542"},"modified":"2020-07-13T22:47:05","modified_gmt":"2020-07-13T20:47:05","slug":"declaration-de-protection-des-donnees","status":"publish","type":"page","link":"https:\/\/kukuk.com\/fr\/datenschutzerklaerung\/","title":{"rendered":"D\u00e9claration de confidentialit\u00e9"},"content":{"rendered":"<h3>D\u00e9claration de confidentialit\u00e9<\/h3>\n<h4>1. la protection des donn\u00e9es en un coup d'\u0153il<\/h4>\n<p><strong>Remarques g\u00e9n\u00e9rales<\/strong><\/p>\n<p>Les indications suivantes donnent un aper\u00e7u simple de ce qui se passe avec vos donn\u00e9es personnelles lorsque vous visitez notre site web. Les donn\u00e9es personnelles sont toutes les donn\u00e9es qui permettent de vous identifier personnellement. Vous trouverez des informations d\u00e9taill\u00e9es sur le th\u00e8me de la protection des donn\u00e9es dans notre d\u00e9claration de protection des donn\u00e9es figurant sous ce texte.<\/p>\n<p><strong>Collecte de donn\u00e9es sur notre site web<\/strong><\/p>\n<p><strong>Qui est responsable de la collecte des donn\u00e9es sur ce site ?<\/strong><\/p>\n<p>Le traitement des donn\u00e9es sur ce site web est effectu\u00e9 par l'exploitant du site web. Vous trouverez ses coordonn\u00e9es dans les mentions l\u00e9gales de ce site web.<\/p>\n<p><strong>Comment recueillons-nous vos donn\u00e9es ?<\/strong><\/p>\n<p>Vos donn\u00e9es sont collect\u00e9es, d'une part, lorsque vous nous les communiquez. Il peut s'agir, par exemple, de donn\u00e9es que vous saisissez dans un formulaire de contact.<\/p>\n<p>D'autres donn\u00e9es sont automatiquement collect\u00e9es par nos syst\u00e8mes informatiques lors de la visite du site. Il s'agit principalement de donn\u00e9es techniques (par exemple, le navigateur Internet, le syst\u00e8me d'exploitation ou l'heure de consultation de la page). La saisie de ces donn\u00e9es s'effectue automatiquement d\u00e8s que vous acc\u00e9dez \u00e0 notre site web.<\/p>\n<p><strong>\u00c0 quelles fins utilisons-nous vos donn\u00e9es ?<\/strong><\/p>\n<p>Une partie des donn\u00e9es est collect\u00e9e afin de garantir une mise \u00e0 disposition sans erreur du site web. D'autres donn\u00e9es peuvent \u00eatre utilis\u00e9es pour analyser votre comportement d'utilisateur.<\/p>\n<p><strong>Quels sont vos droits concernant vos donn\u00e9es ?<\/strong><\/p>\n<p>Vous avez \u00e0 tout moment le droit d'obtenir gratuitement des informations sur l'origine, le destinataire et la finalit\u00e9 de vos donn\u00e9es personnelles enregistr\u00e9es. Vous avez \u00e9galement le droit d'exiger la rectification, le blocage ou la suppression de ces donn\u00e9es. Pour cela, ainsi que pour toute autre question relative \u00e0 la protection des donn\u00e9es, vous pouvez nous contacter \u00e0 tout moment \u00e0 l'adresse indiqu\u00e9e dans les mentions l\u00e9gales. Vous disposez en outre d'un droit de recours aupr\u00e8s de l'autorit\u00e9 de surveillance comp\u00e9tente.<\/p>\n<p>Vous avez \u00e9galement le droit, dans certaines circonstances, de demander la limitation du traitement de vos donn\u00e9es \u00e0 caract\u00e8re personnel. Pour plus de d\u00e9tails, veuillez consulter la d\u00e9claration de confidentialit\u00e9 sous \"Droit \u00e0 la limitation du traitement\".<\/p>\n<p><strong>Outils d'analyse et outils de tiers<\/strong><\/p>\n<p>Lorsque vous visitez notre site web, votre comportement de navigation peut \u00eatre \u00e9valu\u00e9 statistiquement. Cela se fait principalement \u00e0 l'aide de cookies et de programmes d'analyse. L'analyse de votre comportement de navigation se fait en g\u00e9n\u00e9ral de mani\u00e8re anonyme ; le comportement de navigation ne peut pas \u00eatre retrac\u00e9 jusqu'\u00e0 vous. Vous pouvez vous opposer \u00e0 cette analyse ou l'emp\u00eacher en n'utilisant pas certains outils. Vous trouverez des informations d\u00e9taill\u00e9es \u00e0 ce sujet dans la d\u00e9claration de protection des donn\u00e9es ci-apr\u00e8s.<\/p>\n<p>Vous pouvez vous opposer \u00e0 cette analyse. Nous vous informerons des possibilit\u00e9s d'opposition dans la pr\u00e9sente d\u00e9claration de protection des donn\u00e9es.<\/p>\n<h4>2. indications g\u00e9n\u00e9rales et informations obligatoires<\/h4>\n<p><strong>Protection des donn\u00e9es<\/strong><\/p>\n<p>Les exploitants de ces pages prennent la protection de vos donn\u00e9es personnelles tr\u00e8s au s\u00e9rieux. Nous traitons vos donn\u00e9es personnelles de mani\u00e8re confidentielle et conform\u00e9ment aux dispositions l\u00e9gales en mati\u00e8re de protection des donn\u00e9es ainsi qu'\u00e0 la pr\u00e9sente d\u00e9claration de protection des donn\u00e9es.<\/p>\n<p>Lorsque vous utilisez ce site web, diverses donn\u00e9es personnelles sont collect\u00e9es. Les donn\u00e9es personnelles sont des donn\u00e9es qui permettent de vous identifier personnellement. La pr\u00e9sente d\u00e9claration de confidentialit\u00e9 explique quelles donn\u00e9es nous collectons et \u00e0 quelles fins nous les utilisons. Elle explique \u00e9galement comment et dans quel but nous le faisons.<\/p>\n<p>Nous attirons votre attention sur le fait que la transmission de donn\u00e9es sur Internet (p. ex. lors de la communication par e-mail) peut pr\u00e9senter des failles de s\u00e9curit\u00e9. Une protection compl\u00e8te des donn\u00e9es contre l'acc\u00e8s par des tiers n'est pas possible.<\/p>\n<p><strong>Remarque sur le service responsable<\/strong><\/p>\n<p>Le responsable du traitement des donn\u00e9es sur ce site est :<\/p>\n<p>Ing\u00e9nieur dipl\u00f4m\u00e9 Klaus Kukuk<br \/>\nHauteur de Kaldau 13<br \/>\n51491 Overath<\/p>\n<p>T\u00e9l\u00e9phone : 0 22 06 \/ 95 90 - 0<br \/>\nCourrier \u00e9lectronique : info@kukuk.com<\/p>\n<p>Le responsable du traitement est la personne physique ou morale qui, seule ou conjointement avec d'autres, d\u00e9termine les finalit\u00e9s et les moyens du traitement des donn\u00e9es \u00e0 caract\u00e8re personnel (p. ex. noms, adresses \u00e9lectroniques ou autres).<\/p>\n<p><strong>R\u00e9vocation de votre consentement au traitement des donn\u00e9es<\/strong><\/p>\n<p>De nombreuses op\u00e9rations de traitement des donn\u00e9es ne sont possibles qu'avec votre consentement explicite. Vous pouvez r\u00e9voquer \u00e0 tout moment un consentement d\u00e9j\u00e0 donn\u00e9. Il suffit pour cela de nous envoyer un message informel par e-mail. La l\u00e9galit\u00e9 du traitement des donn\u00e9es effectu\u00e9 jusqu'\u00e0 la r\u00e9vocation n'est pas affect\u00e9e par la r\u00e9vocation.<\/p>\n<p><strong>Droit d'opposition \u00e0 la collecte de donn\u00e9es dans des cas particuliers ainsi qu'\u00e0 la publicit\u00e9 directe (art. 21 RGPD)<\/strong><\/p>\n<p><strong>Si le traitement des donn\u00e9es est effectu\u00e9 sur la base de l'article 6, paragraphe 1, point e ou f du RGPD, vous avez le droit de vous opposer \u00e0 tout moment, pour des raisons tenant \u00e0 votre situation particuli\u00e8re, au traitement de vos donn\u00e9es personnelles ; cela vaut \u00e9galement pour le profilage fond\u00e9 sur ces dispositions. Vous trouverez dans la pr\u00e9sente d\u00e9claration de protection des donn\u00e9es la base juridique respective sur laquelle repose un traitement. Si vous vous y opposez, nous ne traiterons plus vos donn\u00e9es \u00e0 caract\u00e8re personnel concern\u00e9es, \u00e0 moins que nous puissions d\u00e9montrer qu'il existe des motifs l\u00e9gitimes et imp\u00e9rieux pour le traitement qui pr\u00e9valent sur vos int\u00e9r\u00eats, droits et libert\u00e9s, ou que le traitement sert \u00e0 faire valoir, exercer ou d\u00e9fendre des droits en justice (opposition conform\u00e9ment \u00e0 l'article 21, paragraphe 1, du RGPD).<\/strong><\/p>\n<p><strong>Si vos donn\u00e9es personnelles sont trait\u00e9es \u00e0 des fins de publicit\u00e9 directe, vous avez le droit de vous opposer \u00e0 tout moment au traitement des donn\u00e9es personnelles vous concernant \u00e0 de telles fins de publicit\u00e9 ; cela s'applique \u00e9galement au profilage dans la mesure o\u00f9 il est li\u00e9 \u00e0 une telle publicit\u00e9 directe. Si vous vous y opposez, vos donn\u00e9es personnelles ne seront ensuite plus utilis\u00e9es \u00e0 des fins de publicit\u00e9 directe (opposition conform\u00e9ment \u00e0 l'article 21, paragraphe 2, du RGPD).<\/strong><\/p>\n<p><strong>Droit de recours aupr\u00e8s de l'autorit\u00e9 de surveillance comp\u00e9tente<\/strong><\/p>\n<p>En cas de violation du RGPD, les personnes concern\u00e9es disposent d'un droit de recours aupr\u00e8s d'une autorit\u00e9 de contr\u00f4le, notamment dans l'\u00c9tat membre de leur r\u00e9sidence habituelle, de leur lieu de travail ou du lieu de la violation pr\u00e9sum\u00e9e. Ce droit de recours s'exerce sans pr\u00e9judice des autres voies de recours administratives ou judiciaires.<\/p>\n<p><strong>Droit \u00e0 la portabilit\u00e9 des donn\u00e9es<\/strong><\/p>\n<p>Vous avez le droit de vous faire remettre ou de faire remettre \u00e0 un tiers, dans un format courant et lisible par machine, les donn\u00e9es que nous traitons de mani\u00e8re automatis\u00e9e sur la base de votre consentement ou en ex\u00e9cution d'un contrat. Si vous demandez la transmission directe des donn\u00e9es \u00e0 un autre responsable, cela ne se fera que dans la mesure o\u00f9 cela est techniquement possible.<\/p>\n<p><strong>Chiffrement SSL ou TLS<\/strong><\/p>\n<p>Pour des raisons de s\u00e9curit\u00e9 et pour prot\u00e9ger la transmission de contenus confidentiels, comme par exemple les commandes ou les demandes que vous nous envoyez en tant qu'exploitant du site, ce site utilise un cryptage SSL ou TLS. Vous reconnaissez une connexion crypt\u00e9e au fait que la ligne d'adresse du navigateur passe de \"http:\/\/\" \u00e0 \"https:\/\/\" et au symbole du cadenas dans la ligne de votre navigateur.<\/p>\n<p>Si le cryptage SSL ou TLS est activ\u00e9, les donn\u00e9es que vous nous transmettez ne peuvent pas \u00eatre lues par des tiers.<\/p>\n<p><strong>Acc\u00e8s, blocage, effacement et rectification<\/strong><\/p>\n<p>Dans le cadre des dispositions l\u00e9gales en vigueur, vous avez \u00e0 tout moment le droit d'obtenir gratuitement des informations sur vos donn\u00e9es personnelles enregistr\u00e9es, leur origine et leur destinataire ainsi que sur la finalit\u00e9 du traitement des donn\u00e9es et, le cas \u00e9ch\u00e9ant, un droit de rectification, de blocage ou de suppression de ces donn\u00e9es. Pour ce faire, ainsi que pour toute autre question relative aux donn\u00e9es personnelles, vous pouvez nous contacter \u00e0 tout moment \u00e0 l'adresse indiqu\u00e9e dans les mentions l\u00e9gales.<\/p>\n<p><strong>Droit \u00e0 la limitation du traitement<\/strong><\/p>\n<p>Vous avez le droit de demander la limitation du traitement de vos donn\u00e9es personnelles. Pour ce faire, vous pouvez nous contacter \u00e0 tout moment \u00e0 l'adresse indiqu\u00e9e dans les mentions l\u00e9gales. Le droit \u00e0 la limitation du traitement existe dans les cas suivants :<\/p>\n<ul>\n<li>Si vous contestez l'exactitude de vos donn\u00e9es \u00e0 caract\u00e8re personnel enregistr\u00e9es chez nous, nous avons g\u00e9n\u00e9ralement besoin de temps pour le v\u00e9rifier. Pendant la dur\u00e9e de la v\u00e9rification, vous avez le droit de demander la limitation du traitement de vos donn\u00e9es \u00e0 caract\u00e8re personnel.<\/li>\n<li>Si le traitement de vos donn\u00e9es personnelles s'est produit\/se produit de mani\u00e8re ill\u00e9gale, vous pouvez demander la limitation du traitement des donn\u00e9es au lieu de leur suppression.<\/li>\n<li>Si nous n'avons plus besoin de vos donn\u00e9es \u00e0 caract\u00e8re personnel, mais que vous en avez besoin pour exercer, d\u00e9fendre ou faire valoir des droits juridiques, vous avez le droit de demander la limitation du traitement de vos donn\u00e9es \u00e0 caract\u00e8re personnel au lieu de leur suppression.<\/li>\n<li>Si vous avez fait opposition conform\u00e9ment \u00e0 l'article 21, paragraphe 1, du RGPD, une mise en balance de vos int\u00e9r\u00eats et des n\u00f4tres doit \u00eatre effectu\u00e9e. Tant qu'il n'a pas \u00e9t\u00e9 d\u00e9termin\u00e9 quels int\u00e9r\u00eats pr\u00e9valent, vous avez le droit d'exiger la limitation du traitement de vos donn\u00e9es personnelles.<\/li>\n<\/ul>\n<p>Si vous avez limit\u00e9 le traitement de vos donn\u00e9es \u00e0 caract\u00e8re personnel, ces donn\u00e9es - \u00e0 l'exception de leur conservation - ne peuvent \u00eatre trait\u00e9es qu'avec votre consentement ou pour la constatation, l'exercice ou la d\u00e9fense de droits en justice ou pour la protection des droits d'une autre personne physique ou morale, ou encore pour un motif d'int\u00e9r\u00eat public important de l'Union europ\u00e9enne ou d'un \u00c9tat membre.<\/p>\n<p><strong>Opposition aux e-mails publicitaires<\/strong><\/p>\n<p>L'utilisation des donn\u00e9es de contact publi\u00e9es dans le cadre des mentions l\u00e9gales obligatoires pour l'envoi de publicit\u00e9 et de mat\u00e9riel d'information non express\u00e9ment demand\u00e9s est interdite. Les exploitants des pages se r\u00e9servent express\u00e9ment le droit d'engager des poursuites judiciaires en cas d'envoi non sollicit\u00e9 d'informations publicitaires, par exemple par le biais de spams.<\/p>\n<p><strong>3. collecte de donn\u00e9es sur notre site web<\/strong><\/p>\n<p><strong>Cookies<\/strong><\/p>\n<p>Les pages Internet utilisent en partie des cookies. Les cookies n'endommagent pas votre ordinateur et ne contiennent pas de virus. Les cookies servent \u00e0 rendre notre offre plus conviviale, plus efficace et plus s\u00fbre. Les cookies sont de petits fichiers texte qui sont d\u00e9pos\u00e9s sur votre ordinateur et que votre navigateur enregistre.<\/p>\n<p>La plupart des cookies que nous utilisons sont des \"cookies de session\". Ils sont automatiquement supprim\u00e9s \u00e0 la fin de votre visite. D'autres cookies restent enregistr\u00e9s sur votre terminal jusqu'\u00e0 ce que vous les supprimiez. Ces cookies nous permettent de reconna\u00eetre votre navigateur lors de votre prochaine visite.<\/p>\n<p>Vous pouvez configurer votre navigateur de mani\u00e8re \u00e0 \u00eatre inform\u00e9 de l'installation de cookies et \u00e0 n'autoriser les cookies qu'au cas par cas, \u00e0 exclure l'acceptation de cookies dans certains cas ou de mani\u00e8re g\u00e9n\u00e9rale, et \u00e0 activer la suppression automatique des cookies \u00e0 la fermeture du navigateur. En cas de d\u00e9sactivation des cookies, la fonctionnalit\u00e9 de ce site web peut \u00eatre limit\u00e9e.<\/p>\n<p>Les cookies n\u00e9cessaires \u00e0 l'ex\u00e9cution du processus de communication \u00e9lectronique ou \u00e0 la mise \u00e0 disposition de certaines fonctions que vous avez souhait\u00e9es (par ex. fonction de panier d'achat) sont enregistr\u00e9s sur la base de l'article 6, paragraphe 1, point f du RGPD. L'exploitant du site web a un int\u00e9r\u00eat l\u00e9gitime \u00e0 l'enregistrement de cookies pour une mise \u00e0 disposition de ses services sans erreur technique et optimis\u00e9e. Dans la mesure o\u00f9 d'autres cookies (par ex. des cookies pour l'analyse de votre comportement de navigation) sont enregistr\u00e9s, ceux-ci sont trait\u00e9s s\u00e9par\u00e9ment dans la pr\u00e9sente d\u00e9claration de protection des donn\u00e9es.<\/p>\n<p><strong>Fichiers journaux du serveur<\/strong><\/p>\n<p>Le fournisseur des pages collecte et enregistre automatiquement des informations dans ce que l'on appelle des fichiers journaux du serveur, que votre navigateur nous transmet automatiquement. Il s'agit de<\/p>\n<ul>\n<li>Type et version du navigateur<\/li>\n<li>le syst\u00e8me d'exploitation utilis\u00e9<\/li>\n<li>URL de r\u00e9f\u00e9rence<\/li>\n<li>nom d'h\u00f4te de l'ordinateur qui acc\u00e8de au site<\/li>\n<li>Heure de la demande du serveur<\/li>\n<li>Adresse IP<\/li>\n<\/ul>\n<p>Ces donn\u00e9es ne sont pas recoup\u00e9es avec d'autres sources de donn\u00e9es.<\/p>\n<p>La collecte de ces donn\u00e9es s'effectue sur la base de l'article 6, paragraphe 1, point f du RGPD. L'exploitant du site web a un int\u00e9r\u00eat l\u00e9gitime \u00e0 ce que son site web soit pr\u00e9sent\u00e9 sans erreur technique et \u00e0 ce qu'il soit optimis\u00e9 - pour cela, les fichiers journaux du serveur doivent \u00eatre collect\u00e9s.<\/p>\n<p><strong>Formulaire de contact<\/strong><\/p>\n<p>Si vous nous faites parvenir des demandes par le biais du formulaire de contact, les informations que vous avez fournies dans le formulaire de demande, y compris les donn\u00e9es de contact que vous y avez indiqu\u00e9es, sont enregistr\u00e9es chez nous \u00e0 des fins de traitement de la demande et en cas de questions de suivi. Nous ne transmettons pas ces donn\u00e9es sans votre consentement.<\/p>\n<p>Le traitement des donn\u00e9es saisies dans le formulaire de contact se fait donc exclusivement sur la base de votre consentement (article 6, paragraphe 1, point a du RGPD). Vous pouvez r\u00e9voquer ce consentement \u00e0 tout moment. Il suffit pour cela de nous envoyer un message informel par e-mail. La l\u00e9galit\u00e9 des op\u00e9rations de traitement des donn\u00e9es effectu\u00e9es jusqu'\u00e0 la r\u00e9vocation n'est pas affect\u00e9e par la r\u00e9vocation.<\/p>\n<p>Les donn\u00e9es que vous avez saisies dans le formulaire de contact restent chez nous jusqu'\u00e0 ce que vous nous demandiez de les supprimer, que vous r\u00e9voquiez votre autorisation de les enregistrer ou que le but de l'enregistrement des donn\u00e9es devienne caduc (par ex. apr\u00e8s le traitement de votre demande). Les dispositions l\u00e9gales contraignantes - en particulier les d\u00e9lais de conservation - ne sont pas affect\u00e9es.<\/p>\n<p><strong>4. plugins et outils<\/strong><\/p>\n<p><strong>Google Maps<\/strong><\/p>\n<p>Ce site utilise le service de cartographie Google Maps via une API. Le fournisseur est Google Inc., 1600 Amphitheatre Parkway, Mountain View, CA 94043, USA.<\/p>\n<p>Pour utiliser les fonctions de Google Maps, il est n\u00e9cessaire d'enregistrer votre adresse IP. Cette information est g\u00e9n\u00e9ralement transmise \u00e0 un serveur de Google aux \u00c9tats-Unis et y est enregistr\u00e9e. Le fournisseur de ce site n'a aucune influence sur cette transmission de donn\u00e9es.<\/p>\n<p>L'utilisation de Google Maps a lieu dans l'int\u00e9r\u00eat d'une pr\u00e9sentation attrayante de nos offres en ligne et d'un rep\u00e9rage facile des lieux que nous avons indiqu\u00e9s sur le site web. Cela constitue un int\u00e9r\u00eat l\u00e9gitime au sens de l'article 6, paragraphe 1, point f) du RGPD.<\/p>\n<p>Vous trouverez plus d'informations sur le traitement des donn\u00e9es des utilisateurs dans la d\u00e9claration de confidentialit\u00e9 de Google : <a href=\"https:\/\/policies.google.com\/privacy?hl=de\" target=\"_blank\" rel=\"noopener noreferrer\">https:\/\/policies.google.com\/privacy?hl=de<\/a>.<\/p>","protected":false},"excerpt":{"rendered":"<p>Datenschutzerkl\u00e4rung 1. Datenschutz auf einen Blick Allgemeine Hinweise Die folgenden Hinweise geben einen einfachen \u00dcberblick dar\u00fcber, was mit Ihren personenbezogenen Daten passiert, wenn Sie unsere Website besuchen. Personenbezogene Daten sind alle Daten, mit denen Sie pers\u00f6nlich identifiziert werden k\u00f6nnen. Ausf\u00fchrliche Informationen zum Thema Datenschutz entnehmen Sie unserer unter diesem&#8230;<\/p>","protected":false},"author":2,"featured_media":0,"parent":0,"menu_order":0,"comment_status":"closed","ping_status":"closed","template":"","meta":{"_et_pb_use_builder":"on","_et_pb_old_content":"","_et_gb_content_width":"","_monsterinsights_skip_tracking":false,"_monsterinsights_sitenote_active":false,"_monsterinsights_sitenote_note":"","_monsterinsights_sitenote_category":0,"_joinchat":[],"footnotes":""},"class_list":["post-8542","page","type-page","status-publish","hentry","latest_post"],"_links":{"self":[{"href":"https:\/\/kukuk.com\/fr\/wp-json\/wp\/v2\/pages\/8542","targetHints":{"allow":["GET"]}}],"collection":[{"href":"https:\/\/kukuk.com\/fr\/wp-json\/wp\/v2\/pages"}],"about":[{"href":"https:\/\/kukuk.com\/fr\/wp-json\/wp\/v2\/types\/page"}],"author":[{"embeddable":true,"href":"https:\/\/kukuk.com\/fr\/wp-json\/wp\/v2\/users\/2"}],"replies":[{"embeddable":true,"href":"https:\/\/kukuk.com\/fr\/wp-json\/wp\/v2\/comments?post=8542"}],"version-history":[{"count":0,"href":"https:\/\/kukuk.com\/fr\/wp-json\/wp\/v2\/pages\/8542\/revisions"}],"wp:attachment":[{"href":"https:\/\/kukuk.com\/fr\/wp-json\/wp\/v2\/media?parent=8542"}],"curies":[{"name":"wp","href":"https:\/\/api.w.org\/{rel}","templated":true}]}}