{"id":10698,"date":"2021-01-01T12:10:35","date_gmt":"2021-01-01T11:10:35","guid":{"rendered":"https:\/\/www.kukuk.com\/?page_id=10698"},"modified":"2021-01-01T14:04:06","modified_gmt":"2021-01-01T13:04:06","slug":"happy-good-year-2021","status":"publish","type":"page","link":"https:\/\/kukuk.com\/it\/happy-good-year-2021\/","title":{"rendered":"Buon anno 2021"},"content":{"rendered":"<figure class=\"wp-block-embed-youtube wp-block-embed is-type-video is-provider-youtube wp-embed-aspect-16-9 wp-has-aspect-ratio\"><div class=\"wp-block-embed__wrapper\">\n<iframe loading=\"lazy\" title=\"Capodanno 2021 - Tour di buon anno\" width=\"767\" height=\"431\" src=\"https:\/\/www.youtube.com\/embed\/Rg71veKp3jA?feature=oembed\" frameborder=\"0\" allow=\"accelerometer; autoplay; clipboard-write; encrypted-media; gyroscope; picture-in-picture\" allowfullscreen><\/iframe>\n<\/div><\/figure>\n\n\n\n<figure class=\"wp-block-table\"><table><tbody><tr><td class=\"has-text-align-center\" data-align=\"center\"><strong>Un buon inizio per un nuovo anno sano,<br>vi augura<\/strong><br><br><strong>Il vostro team Kukuk<\/strong><br><br><em>Dipl. Ing. Ingegneria automobilistica Klaus Kukuk<br>Ingegnere automobilistico Laura Kukuk<\/em><br><em>Stud.-Kfz.-Meister Tobias Schr\u00f6ter<br>Stud.-Ing. Ingegneria automobilistica Julius Kurth<\/em><br><em>Specialista di motori Tecnico di veicoli a motore J\u00fcrgen Schlegel<br>Impiegata Melinda Olma<br>Impiegato Yvonne Hoffmann<br>Contabile Martina Schmitte<\/em><\/td><\/tr><\/tbody><\/table><\/figure>\n\n\n\n<figure class=\"wp-block-table\"><table><tbody><tr><td class=\"has-text-align-center\" data-align=\"center\"><strong>Il vostro team in questioni<\/strong>:<br><em>Ricostruzione di incidenti e danni di tutti i veicoli a motore.<\/em><br><em>Esperto di auto d'epoca<\/em><br><em>nominato e giurato pubblicamente<\/em><br><em>dalla Camera di Commercio e Industria di Colonia<\/em><br><em>______________________<\/em><br><em>Kaldauer Altezza 11-13<\/em><br><em>51491 Overath<\/em><br><em>Tel: 00492206-95900<\/em><br><em>Fax: 00492206-959090<\/em><br><em>Cellulare: 0049170-9988444<\/em><br><em>E-mail: <a rel=\"noreferrer noopener\" href=\"mailto:info@kukuk.com\" target=\"_blank\">info@kukuk.com<\/a><\/em><br><em><a rel=\"noreferrer noopener\" href=\"http:\/\/www.kukuk.com\/\" target=\"_blank\">http:\/\/www.kukuk.com\/<\/a><\/em><\/td><\/tr><\/tbody><\/table><\/figure>","protected":false},"excerpt":{"rendered":"<p>Einen guten Start in ein gesundes neues Jahr,w\u00fcnscht Ihnen Ihr Kukuk &#8211; Team Dipl.-Ing. Fahrzeugtechnik Klaus KukukFahrzeugtechnik Ingenieurin Laura KukukStud.-Kfz.-Meister Tobias Schr\u00f6terStud.-Ing. Fahrzeugtechnik Julius KurthMotorenspezialist Kfz.-Meister J\u00fcrgen SchlegelSachbearbeiterin Melinda OlmaSachbearbeiterin Yvonne HoffmannBuchhalterin Martina Schmitte Ihr Team in Sachen:Unfall- und Schadenrekonstruktion aller Kfz.Sachverst\u00e4ndiger f\u00fcr Oldtimer\u00f6ffentlich bestellt und vereidigtvon der IHK zu &hellip; <\/p>","protected":false},"author":3,"featured_media":10705,"parent":0,"menu_order":0,"comment_status":"closed","ping_status":"closed","template":"","meta":{"_et_pb_use_builder":"","_et_pb_old_content":"","_et_gb_content_width":"","_monsterinsights_skip_tracking":false,"_monsterinsights_sitenote_active":false,"_monsterinsights_sitenote_note":"","_monsterinsights_sitenote_category":0,"_joinchat":[],"footnotes":""},"class_list":["post-10698","page","type-page","status-publish","has-post-thumbnail","hentry","latest_post"],"_links":{"self":[{"href":"https:\/\/kukuk.com\/it\/wp-json\/wp\/v2\/pages\/10698","targetHints":{"allow":["GET"]}}],"collection":[{"href":"https:\/\/kukuk.com\/it\/wp-json\/wp\/v2\/pages"}],"about":[{"href":"https:\/\/kukuk.com\/it\/wp-json\/wp\/v2\/types\/page"}],"author":[{"embeddable":true,"href":"https:\/\/kukuk.com\/it\/wp-json\/wp\/v2\/users\/3"}],"replies":[{"embeddable":true,"href":"https:\/\/kukuk.com\/it\/wp-json\/wp\/v2\/comments?post=10698"}],"version-history":[{"count":0,"href":"https:\/\/kukuk.com\/it\/wp-json\/wp\/v2\/pages\/10698\/revisions"}],"wp:featuredmedia":[{"embeddable":true,"href":"https:\/\/kukuk.com\/it\/wp-json\/wp\/v2\/media\/10705"}],"wp:attachment":[{"href":"https:\/\/kukuk.com\/it\/wp-json\/wp\/v2\/media?parent=10698"}],"curies":[{"name":"wp","href":"https:\/\/api.w.org\/{rel}","templated":true}]}}