{"id":11736,"date":"2021-04-14T17:06:48","date_gmt":"2021-04-14T15:06:48","guid":{"rendered":"https:\/\/www.kukuk.com\/?page_id=11736"},"modified":"2021-12-08T17:32:58","modified_gmt":"2021-12-08T16:32:58","slug":"analisi-del-materiale","status":"publish","type":"page","link":"https:\/\/kukuk.com\/it\/materialanalyse\/","title":{"rendered":"Analisi dei materiali - OES"},"content":{"rendered":"<h2 class=\"wp-block-heading\">Autenticazione mediante spettrometria<\/h2>\n\n\n\n<p>La spettrometria (spettrometria a emissione ottica, OEM) viene utilizzata per determinare la composizione del materiale, ossia gli elementi che lo compongono in percentuale. Successivamente, \u00e8 possibile determinare l'et\u00e0 del materiale sulla base degli elementi e del processo di fabbricazione, con una precisione massima di un decennio.<\/p>\n\n\n\n<p>Utilizziamo solo metodi accreditati: Analisi spettrale, spark OES per l'analisi di materiali sofisticati. Disponiamo di una variet\u00e0 di metodi analitici per soddisfare in modo ottimale le vostre esigenze. <strong>Utilizzo mobile e in loco presso il vostro veicolo <\/strong>determiniamo la composizione chimica dei materiali con elevata precisione e possiamo quindi effettuare un'analisi di originalit\u00e0 e di datazione con i nostri analisti giurati dei materiali. Non \u00e8 necessario rimuovere alcun materiale, non \u00e8 necessario prelevare alcun campione e non \u00e8 necessario adottare altre misure distruttive.<\/p>\n\n\n\n<p>La spettrometria, come metodo forense\/scientifico per verificare l'autenticit\u00e0 di un veicolo, viene utilizzata nel nostro ufficio tecnico. <strong>dal 1986 <\/strong>applicato. Da 9 anni siamo in grado di effettuare la determinazione della composizione del materiale, nella gamma di qualit\u00e0\/millesimi richiesta, in modo quasi indistruttibile e mobile. Ci\u00f2 significa che possiamo effettuare un'indagine corrispondente in qualsiasi momento, sia a livello nazionale che internazionale. Ad oggi, abbiamo potuto ampliare la nostra esperienza sulle coste occidentali ed orientali del Nord America, in Sud America, a Tokyo, a Mosca, nel nord Italia, in Inghilterra, in Belgio, nei Paesi Bassi, in Svizzera e in Austria.<\/p>\n\n\n\n<div class=\"wp-block-columns is-layout-flex wp-container-core-columns-is-layout-9d6595d7 wp-block-columns-is-layout-flex\">\n<div class=\"wp-block-column is-layout-flow wp-block-column-is-layout-flow\">\n<figure class=\"wp-block-image size-large\"><img loading=\"lazy\" decoding=\"async\" width=\"1024\" height=\"683\" src=\"https:\/\/www.kukuk.com\/wp-content\/uploads\/DS44159-1024x683.jpg\" alt=\"\" class=\"wp-image-10794\" srcset=\"https:\/\/kukuk.com\/wp-content\/uploads\/DS44159-1024x683.jpg 1024w, https:\/\/kukuk.com\/wp-content\/uploads\/DS44159-scaled-600x400.jpg 600w, https:\/\/kukuk.com\/wp-content\/uploads\/DS44159-300x200.jpg 300w, https:\/\/kukuk.com\/wp-content\/uploads\/DS44159-1536x1024.jpg 1536w, https:\/\/kukuk.com\/wp-content\/uploads\/DS44159-2048x1365.jpg 2048w, https:\/\/kukuk.com\/wp-content\/uploads\/DS44159-90x60.jpg 90w, https:\/\/kukuk.com\/wp-content\/uploads\/DS44159-480x320.jpg 480w, https:\/\/kukuk.com\/wp-content\/uploads\/DS44159-420x280.jpg 420w\" sizes=\"(max-width: 1024px) 100vw, 1024px\" \/><\/figure>\n<\/div>\n\n\n\n<div class=\"wp-block-column is-layout-flow wp-block-column-is-layout-flow\">\n<figure class=\"wp-block-image size-full\"><img loading=\"lazy\" decoding=\"async\" width=\"609\" height=\"300\" src=\"https:\/\/www.kukuk.com\/wp-content\/uploads\/EAWTE1625-2-e1614094236288.jpg\" alt=\"\" class=\"wp-image-10676\" srcset=\"https:\/\/kukuk.com\/wp-content\/uploads\/EAWTE1625-2-e1614094236288.jpg 609w, https:\/\/kukuk.com\/wp-content\/uploads\/EAWTE1625-2-e1614094236288-600x296.jpg 600w, https:\/\/kukuk.com\/wp-content\/uploads\/EAWTE1625-2-e1614094236288-300x148.jpg 300w, https:\/\/kukuk.com\/wp-content\/uploads\/EAWTE1625-2-e1614094236288-122x60.jpg 122w\" sizes=\"(max-width: 609px) 100vw, 609px\" \/><\/figure>\n<\/div>\n\n\n\n<div class=\"wp-block-column is-layout-flow wp-block-column-is-layout-flow\">\n<figure class=\"wp-block-image size-large\"><img loading=\"lazy\" decoding=\"async\" width=\"1024\" height=\"768\" src=\"https:\/\/www.kukuk.com\/wp-content\/uploads\/IMG_8019-1024x768.jpg\" alt=\"\" class=\"wp-image-10895\" srcset=\"https:\/\/kukuk.com\/wp-content\/uploads\/IMG_8019-1024x768.jpg 1024w, https:\/\/kukuk.com\/wp-content\/uploads\/IMG_8019-scaled-600x450.jpg 600w, https:\/\/kukuk.com\/wp-content\/uploads\/IMG_8019-300x225.jpg 300w, https:\/\/kukuk.com\/wp-content\/uploads\/IMG_8019-1536x1152.jpg 1536w, https:\/\/kukuk.com\/wp-content\/uploads\/IMG_8019-2048x1536.jpg 2048w, https:\/\/kukuk.com\/wp-content\/uploads\/IMG_8019-80x60.jpg 80w, https:\/\/kukuk.com\/wp-content\/uploads\/IMG_8019-921x692.jpg 921w, https:\/\/kukuk.com\/wp-content\/uploads\/IMG_8019-470x352.jpg 470w\" sizes=\"(max-width: 1024px) 100vw, 1024px\" \/><\/figure>\n<\/div>\n<\/div>\n\n\n\n<div class=\"wp-block-columns is-layout-flex wp-container-core-columns-is-layout-9d6595d7 wp-block-columns-is-layout-flex\">\n<div class=\"wp-block-column is-layout-flow wp-block-column-is-layout-flow\">\n<p><strong>Analisi di metalli e leghe sullo spettrometro a scintilla<\/strong><\/p>\n\n\n\n<p>Con questo metodo \u00e8 possibile analizzare tutti i materiali metallici pi\u00f9 comuni:<\/p>\n\n\n\n<ul class=\"wp-block-list\"><li>Ghisa<\/li><li>acciai non legati<\/li><li>Acciai basso legati<\/li><li>Acciai inossidabili a bassa e ad alta lega<\/li><li>Materiali e leghe di alluminio<\/li><li>Materiali e leghe di rame<\/li><li>Leghe a base di nichel<\/li><li>Materiali in titanio<\/li><\/ul>\n\n\n\n<p>Il nostro spettrometro mobile ad alta precisione ad emissione di scintille Spectro \u00e8 utilizzato per la precisa determinazione qualitativa e quantitativa degli elementi chimici nei metalli, utilizzando lo spettro di emissione ottica degli atomi o degli ioni atomici. Determina tutti gli elementi utilizzati nell'industria metallurgica, compresa l'analisi di tracce di carbonio, fosforo, zolfo e azoto.<\/p>\n\n\n\n<ul class=\"wp-block-list\"><li>Metodi accreditati:ASTM E 1086 2014 Metodo di prova standard per l'analisi dell'acciaio inossidabile austenitico mediante spettrometria di emissione atomica a scintilla&nbsp;<\/li><li>ASTM E 1999 2018 Metodo di prova standard per l'analisi della ghisa mediante spettrometria di emissione atomica a scintilla&nbsp;<\/li><li>&nbsp;ASTM E 415 2017 Metodo di prova standard per l'analisi di acciai al carbonio e basso legati mediante spettrometria di emissione atomica a scintilla&nbsp;&nbsp;<\/li><li>DIN EN 14726 2019-06 Alluminio e leghe di alluminio - Determinazione della composizione chimica dell'alluminio e delle leghe di alluminio mediante spettrometria di emissione ottica con eccitazione a scintilla&nbsp;<\/li><li>&nbsp;ASTM E 2209 2013 Metodo di prova standard per l'analisi dell'acciaio ad alto tenore di manganese mediante spettrometria di emissione atomica a scintilla&nbsp;&nbsp;<\/li><li>DIN EN 15079 2015-07 Rame e leghe di rame - Analisi mediante spettrometria di emissione ottica eccitata da scintilla (F-OES)<\/li><\/ul>\n<\/div>\n<\/div>\n\n\n\n<p><strong>Spettrometro radio OES<\/strong><\/p>\n\n\n\n<p>Lo spettrometro a scintilla (spark emission spectrometer) \u00e8 un dispositivo per la determinazione qualitativa e quantitativa degli elementi chimici nei metalli e utilizza a tal fine lo spettro di emissione ottica degli atomi o degli ioni atomici (da cui anche spark optical emission spectrometer o spark OES). Per le analisi si utilizza una scintilla o un arco elettrico tra un elettrodo e un campione di materiale preparato. In questo modo il materiale del campione viene vaporizzato e gli atomi e gli ioni rilasciati vengono eccitati dall'impatto degli elettroni. La radiazione emessa viene divisa otticamente nelle sue singole componenti spettrali. Ogni elemento contenuto nel campione emette radiazioni a diverse lunghezze d'onda, che possono essere rilevate da sensori a semiconduttore o da moltiplicatori di fotoelettroni. L'intensit\u00e0 della radiazione cos\u00ec misurata \u00e8 fondamentalmente proporzionale alla quantit\u00e0 dell'elemento corrispondente e consente quindi di determinarne il contenuto o la concentrazione nel materiale del campione.<\/p>\n\n\n\n<figure class=\"wp-block-embed is-type-video is-provider-youtube wp-block-embed-youtube wp-embed-aspect-16-9 wp-has-aspect-ratio\"><div class=\"wp-block-embed__wrapper\">\n<iframe loading=\"lazy\" title=\"Analisi spettrale: ci facciamo prendere la mano! L&#039;analisi dei materiali per la determinazione dell&#039;et\u00e0\" width=\"767\" height=\"431\" src=\"https:\/\/www.youtube.com\/embed\/S964qrMXcvk?feature=oembed\" frameborder=\"0\" allow=\"accelerometer; autoplay; clipboard-write; encrypted-media; gyroscope; picture-in-picture\" allowfullscreen><\/iframe>\n<\/div><\/figure>","protected":false},"excerpt":{"rendered":"<p>Authentifizierung mittels Spektrometrie Mittels Spektrometrie (Optische-Emissions-Spektrometrie, OEM) wird die Materialzusammensetzung, also die Elemente aus denen das vorliegende Material prozentual zusammengesetzt ist, ermittelt. Anschlie\u00dfend l\u00e4sst sich hierdurch das Alter des Materials, anhand der Elemente und dem Herstellungsprozess, bestenfalls bis auf ein Jahrzehnt genau bestimmen. Wir verwenden ausschlie\u00dflich akkreditierten Verfahren: Spektralanalyse, Funken-OES &hellip; <\/p>","protected":false},"author":3,"featured_media":10794,"parent":0,"menu_order":0,"comment_status":"closed","ping_status":"closed","template":"","meta":{"_et_pb_use_builder":"","_et_pb_old_content":"","_et_gb_content_width":"","_monsterinsights_skip_tracking":false,"_monsterinsights_sitenote_active":false,"_monsterinsights_sitenote_note":"","_monsterinsights_sitenote_category":0,"_joinchat":[],"footnotes":""},"class_list":["post-11736","page","type-page","status-publish","has-post-thumbnail","hentry","latest_post"],"_links":{"self":[{"href":"https:\/\/kukuk.com\/it\/wp-json\/wp\/v2\/pages\/11736","targetHints":{"allow":["GET"]}}],"collection":[{"href":"https:\/\/kukuk.com\/it\/wp-json\/wp\/v2\/pages"}],"about":[{"href":"https:\/\/kukuk.com\/it\/wp-json\/wp\/v2\/types\/page"}],"author":[{"embeddable":true,"href":"https:\/\/kukuk.com\/it\/wp-json\/wp\/v2\/users\/3"}],"replies":[{"embeddable":true,"href":"https:\/\/kukuk.com\/it\/wp-json\/wp\/v2\/comments?post=11736"}],"version-history":[{"count":0,"href":"https:\/\/kukuk.com\/it\/wp-json\/wp\/v2\/pages\/11736\/revisions"}],"wp:featuredmedia":[{"embeddable":true,"href":"https:\/\/kukuk.com\/it\/wp-json\/wp\/v2\/media\/10794"}],"wp:attachment":[{"href":"https:\/\/kukuk.com\/it\/wp-json\/wp\/v2\/media?parent=11736"}],"curies":[{"name":"wp","href":"https:\/\/api.w.org\/{rel}","templated":true}]}}