{"id":12485,"date":"2021-09-18T17:48:40","date_gmt":"2021-09-18T15:48:40","guid":{"rendered":"https:\/\/www.kukuk.com\/?page_id=12485"},"modified":"2021-09-18T17:53:15","modified_gmt":"2021-09-18T15:53:15","slug":"misurazione-della-resistenza-del-materiale","status":"publish","type":"page","link":"https:\/\/kukuk.com\/it\/materialstaerkenmessung\/","title":{"rendered":"Misura dello spessore del materiale"},"content":{"rendered":"<h4 class=\"wp-block-heading\"><meta charset=\"utf-8\"><strong>Ultrasuoni per la misurazione dello spessore del rivestimento<\/strong> <strong>di lacca e metallo<\/strong><\/h4>\n\n\n\n<p>Esistono essenzialmente 3 metodi di misura per effettuare misurazioni non distruttive dello spessore del rivestimento, ad esempio del materiale del telaio o della lamiera della carrozzeria, oppure misurazioni dello spessore della vernice sulla carrozzeria:<\/p>\n\n\n\n<ul class=\"wp-block-list\"><li>Il metodo di misurazione magnetico-induttivo per misure su substrati ferritici come la lamiera<\/li><li>Il metodo delle correnti parassite per misure su substrati non ferrosi come l'alluminio<\/li><li>Ultrasuoni per misure indipendenti dal substrato o misure multistrato.<\/li><\/ul>\n\n\n\n<p>L'applicazione di <strong>Ultrasuoni <\/strong>che utilizziamo per determinare il <strong>Spessore del materiale<\/strong>di lamiere di alluminio e di acciaio. Eseguiamo regolarmente questo metodo, soprattutto nella zona della carrozzeria e del telaio, e confrontiamo i valori con i disegni tecnici del costruttore del veicolo. L'aspetto importante \u00e8 che possiamo determinare lo spessore della lamiera senza essere disturbati da vernici e stucchi e, naturalmente, in modo non invasivo!<\/p>\n\n\n\n<p>Possiamo anche determinare lo spessore dello strato di vernice o di qualsiasi tipo di materiale. Gli ultrasuoni sono utilizzati in particolare per esaminare lo spessore della vernice su vetroresina e CFRP, quindi possiamo anche identificare un veicolo di prima vernice!<\/p>\n\n\n\n<p>Con il metodo a ultrasuoni si \u00e8 sempre indipendenti dal materiale! Gli spessori degli strati possono essere misurati anche su substrati diversi, come metalli, plastiche, legno o persino GRP o CFRP! Inoltre, non solo lo spessore totale, ma anche i singoli spessori degli strati possono essere misurati in un solo processo di misura, il che rappresenta un enorme vantaggio rispetto ai metodi elettromagnetici!<\/p>\n\n\n\n<figure class=\"wp-block-embed is-type-video is-provider-youtube wp-block-embed-youtube wp-embed-aspect-16-9 wp-has-aspect-ratio\"><div class=\"wp-block-embed__wrapper\">\n<iframe loading=\"lazy\" title=\"La BMW E9 3.0 CSL ha una lamiera sottile? Ultrasuoni per la misurazione di carrozzeria e telaio \/ Ingenieurb\u00fcro Kukuk\" width=\"767\" height=\"431\" src=\"https:\/\/www.youtube.com\/embed\/RvpYc0ZmA2c?start=17&#038;feature=oembed\" frameborder=\"0\" allow=\"accelerometer; autoplay; clipboard-write; encrypted-media; gyroscope; picture-in-picture\" allowfullscreen><\/iframe>\n<\/div><figcaption><meta charset=\"utf-8\"><em>Potete farvene un'idea nel seguente video<\/em><\/figcaption><\/figure>","protected":false},"excerpt":{"rendered":"<p>Ultraschall zur Schichtdickenmessung von Lack und Metall Es gibt im Wesentlichen 3 Messverfahren, um zerst\u00f6rungsfrei Schichtdickenmessungen beispielsweise vom Rahmenmaterial oder Karosserieblech oder Lackdickenmessungen auf Karosserien durchzuf\u00fchren: Das magnet-induktive Messverfahren f\u00fcr Messungen auf ferritischen Substraten wie Blech Das Wirbelstromverfahren f\u00fcr Messungen auf nicht &#8211; eisen Substraten wie z.B. Aluminium Ultraschall f\u00fcr &hellip; <\/p>","protected":false},"author":3,"featured_media":10912,"parent":0,"menu_order":0,"comment_status":"closed","ping_status":"closed","template":"","meta":{"_et_pb_use_builder":"","_et_pb_old_content":"","_et_gb_content_width":"","_monsterinsights_skip_tracking":false,"_monsterinsights_sitenote_active":false,"_monsterinsights_sitenote_note":"","_monsterinsights_sitenote_category":0,"_joinchat":[],"footnotes":""},"class_list":["post-12485","page","type-page","status-publish","has-post-thumbnail","hentry","latest_post"],"_links":{"self":[{"href":"https:\/\/kukuk.com\/it\/wp-json\/wp\/v2\/pages\/12485","targetHints":{"allow":["GET"]}}],"collection":[{"href":"https:\/\/kukuk.com\/it\/wp-json\/wp\/v2\/pages"}],"about":[{"href":"https:\/\/kukuk.com\/it\/wp-json\/wp\/v2\/types\/page"}],"author":[{"embeddable":true,"href":"https:\/\/kukuk.com\/it\/wp-json\/wp\/v2\/users\/3"}],"replies":[{"embeddable":true,"href":"https:\/\/kukuk.com\/it\/wp-json\/wp\/v2\/comments?post=12485"}],"version-history":[{"count":0,"href":"https:\/\/kukuk.com\/it\/wp-json\/wp\/v2\/pages\/12485\/revisions"}],"wp:featuredmedia":[{"embeddable":true,"href":"https:\/\/kukuk.com\/it\/wp-json\/wp\/v2\/media\/10912"}],"wp:attachment":[{"href":"https:\/\/kukuk.com\/it\/wp-json\/wp\/v2\/media?parent=12485"}],"curies":[{"name":"wp","href":"https:\/\/api.w.org\/{rel}","templated":true}]}}