{"id":8542,"date":"2018-06-26T09:20:48","date_gmt":"2018-06-26T07:20:48","guid":{"rendered":"https:\/\/www.kukuk.com\/?page_id=8542"},"modified":"2020-07-13T22:47:05","modified_gmt":"2020-07-13T20:47:05","slug":"dichiarazione-sulla-protezione-dei-dati","status":"publish","type":"page","link":"https:\/\/kukuk.com\/it\/datenschutzerklaerung\/","title":{"rendered":"Informativa sulla privacy"},"content":{"rendered":"<h3>Informativa sulla privacy<\/h3>\n<h4>1. La protezione dei dati in sintesi<\/h4>\n<p><strong>Note generali<\/strong><\/p>\n<p>Le seguenti informazioni forniscono una semplice panoramica di ci\u00f2 che accade ai vostri dati personali quando visitate il nostro sito web. Per dati personali si intendono tutti i dati che consentono di identificarvi personalmente. Per informazioni dettagliate sul tema della protezione dei dati, si prega di consultare la nostra politica sulla privacy elencata sotto questo testo.<\/p>\n<p><strong>Raccolta di dati sul nostro sito web<\/strong><\/p>\n<p><strong>Chi \u00e8 responsabile della raccolta dei dati su questo sito?<\/strong><\/p>\n<p>Il trattamento dei dati su questo sito web viene effettuato dal gestore del sito. I suoi dati di contatto sono riportati nell'imprinting di questo sito web.<\/p>\n<p><strong>Come raccogliamo i vostri dati?<\/strong><\/p>\n<p>Da un lato, i vostri dati vengono raccolti quando ce li fornite. Pu\u00f2 trattarsi, ad esempio, dei dati inseriti in un modulo di contatto.<\/p>\n<p>Altri dati vengono raccolti automaticamente dai nostri sistemi informatici quando visitate il sito web. Si tratta principalmente di dati tecnici (ad es. browser Internet, sistema operativo o tempo di visualizzazione della pagina). Questi dati vengono raccolti automaticamente non appena si accede al nostro sito web.<\/p>\n<p><strong>Per cosa utilizziamo i vostri dati?<\/strong><\/p>\n<p>Una parte dei dati viene raccolta per garantire una fornitura del sito web priva di errori. Altri dati possono essere utilizzati per analizzare il comportamento degli utenti.<\/p>\n<p><strong>Quali diritti avete sui vostri dati?<\/strong><\/p>\n<p>Avete il diritto di ricevere gratuitamente in qualsiasi momento informazioni sull'origine, il destinatario e lo scopo dei vostri dati personali memorizzati. Avete inoltre il diritto di richiedere la correzione, il blocco o la cancellazione di tali dati. Potete contattarci in qualsiasi momento all'indirizzo indicato nell'imprinting per questo scopo e per ulteriori domande sul tema della protezione dei dati. Inoltre, avete il diritto di presentare un reclamo all'autorit\u00e0 di controllo competente.<\/p>\n<p>L'utente ha inoltre il diritto di richiedere la limitazione del trattamento dei propri dati personali in determinate circostanze. Per maggiori dettagli, consultare l'informativa sulla privacy alla voce \"Diritto alla limitazione del trattamento\".<\/p>\n<p><strong>Strumenti di analisi e strumenti di terze parti<\/strong><\/p>\n<p>Quando visitate il nostro sito web, il vostro comportamento di navigazione pu\u00f2 essere valutato statisticamente. Questo viene fatto principalmente con i cookie e i cosiddetti programmi di analisi. L'analisi del vostro comportamento di navigazione \u00e8 generalmente anonima; il comportamento di navigazione non pu\u00f2 essere ricondotto a voi. Potete opporvi a questa analisi o impedirla non utilizzando determinati strumenti. Troverete informazioni dettagliate al riguardo nella seguente dichiarazione sulla protezione dei dati.<\/p>\n<p>Potete opporvi a questa analisi. Vi informeremo sulle possibilit\u00e0 di opposizione in questa dichiarazione sulla protezione dei dati.<\/p>\n<h4>2 Note generali e informazioni obbligatorie<\/h4>\n<p><strong>Protezione dei dati<\/strong><\/p>\n<p>I gestori di queste pagine prendono molto sul serio la protezione dei vostri dati personali. Trattiamo i vostri dati personali in modo confidenziale e in conformit\u00e0 alle disposizioni di legge sulla protezione dei dati e alla presente dichiarazione sulla protezione dei dati.<\/p>\n<p>Quando si utilizza questo sito web, vengono raccolti diversi dati personali. I dati personali sono dati che possono essere utilizzati per identificarvi personalmente. La presente informativa sulla privacy spiega quali dati raccogliamo e per quali scopi li utilizziamo. Spiega inoltre come e per quale scopo ci\u00f2 avviene.<\/p>\n<p>Desideriamo sottolineare che la trasmissione di dati su Internet (ad esempio la comunicazione via e-mail) pu\u00f2 presentare lacune nella sicurezza. Non \u00e8 possibile proteggere completamente i dati dall'accesso di terzi.<\/p>\n<p><strong>Nota sull'organismo responsabile<\/strong><\/p>\n<p>Il responsabile del trattamento dei dati per questo sito web \u00e8:<\/p>\n<p>Ing. Klaus Kukuk<br \/>\nKaldauer Altezza 13<br \/>\n51491 Overath<\/p>\n<p>Telefono: 0 22 06 \/ 95 90 - 0<br \/>\nE-mail: info@kukuk.com<\/p>\n<p>Il responsabile del trattamento \u00e8 la persona fisica o giuridica che, da sola o insieme ad altri, determina le finalit\u00e0 e i mezzi del trattamento dei dati personali (ad esempio, nomi, indirizzi e-mail o simili).<\/p>\n<p><strong>Revoca del consenso al trattamento dei dati<\/strong><\/p>\n<p>Molte operazioni di trattamento dei dati sono possibili solo con il vostro consenso esplicito. Potete revocare in qualsiasi momento il consenso che avete gi\u00e0 dato. A tal fine, \u00e8 sufficiente una comunicazione informale via e-mail. La legalit\u00e0 del trattamento dei dati effettuato fino alla revoca rimane inalterata.<\/p>\n<p><strong>Diritto di opporsi alla raccolta dei dati in casi specifici e al marketing diretto (Art. 21 GDPR)<\/strong><\/p>\n<p><strong>Se il trattamento dei dati si basa sull'art. 6 (1) e o f DSGVO, avete il diritto di opporvi in qualsiasi momento al trattamento dei vostri dati personali per motivi derivanti dalla vostra situazione particolare; ci\u00f2 vale anche per la profilazione basata su tali disposizioni. Le rispettive basi giuridiche su cui si fonda il trattamento sono riportate nella presente dichiarazione sulla protezione dei dati. Se vi opponete, non tratteremo pi\u00f9 i vostri dati personali in questione, a meno che non possiamo dimostrare l'esistenza di motivi legittimi impellenti per il trattamento che prevalgono sui vostri interessi, diritti e libert\u00e0, o il trattamento serve a far valere, esercitare o difendere rivendicazioni legali (obiezione ai sensi dell'articolo 21, paragrafo 1, del GDPR).<\/strong><\/p>\n<p><strong>Se i vostri dati personali sono trattati per finalit\u00e0 di marketing diretto, avete il diritto di opporvi in qualsiasi momento al trattamento dei dati personali che vi riguardano ai fini di tale marketing; ci\u00f2 vale anche per la profilazione nella misura in cui \u00e8 connessa a tale marketing diretto. In caso di opposizione, i vostri dati personali non saranno pi\u00f9 utilizzati a fini di pubblicit\u00e0 diretta (opposizione ai sensi dell'art. 21 (2) DSGVO).<\/strong><\/p>\n<p><strong>Diritto di ricorso all'autorit\u00e0 di vigilanza competente<\/strong><\/p>\n<p>In caso di violazione del GDPR, gli interessati hanno il diritto di ricorrere a un'autorit\u00e0 di controllo, in particolare nello Stato membro in cui risiedono abitualmente, in cui lavorano o in cui si \u00e8 verificata la presunta violazione. Il diritto di ricorso non pregiudica alcun altro ricorso amministrativo o giudiziario.<\/p>\n<p><strong>Diritto alla portabilit\u00e0 dei dati<\/strong><\/p>\n<p>Avete il diritto di ottenere che i dati da noi trattati automaticamente sulla base del vostro consenso o in adempimento di un contratto vengano consegnati a voi o a terzi in un formato comune e leggibile a macchina. Se richiedete il trasferimento diretto dei dati a un altro titolare del trattamento, ci\u00f2 avverr\u00e0 solo nella misura in cui sia tecnicamente possibile.<\/p>\n<p><strong>Crittografia SSL o TLS<\/strong><\/p>\n<p>Per motivi di sicurezza e per proteggere la trasmissione di contenuti riservati, come gli ordini o le richieste di informazioni che ci inviate in qualit\u00e0 di gestori del sito, questo sito utilizza la crittografia SSL o TLS. \u00c8 possibile riconoscere una connessione crittografata dal fatto che la riga dell'indirizzo del browser passa da \"http:\/\/\" a \"https:\/\/\" e dal simbolo del lucchetto nella riga del browser.<\/p>\n<p>Se la crittografia SSL o TLS \u00e8 attivata, i dati che ci trasmettete non possono essere letti da terzi.<\/p>\n<p><strong>Informazioni, blocco, cancellazione e correzione<\/strong><\/p>\n<p>Nell'ambito delle disposizioni di legge applicabili, avete il diritto di ottenere in qualsiasi momento informazioni gratuite sui vostri dati personali memorizzati, sulla loro origine e sul loro destinatario e sullo scopo del trattamento dei dati e, se del caso, il diritto alla correzione, al blocco o alla cancellazione di tali dati. A questo scopo e per ulteriori domande sul tema dei dati personali, potete contattarci in qualsiasi momento all'indirizzo indicato nell'impronta.<\/p>\n<p><strong>Diritto di limitare il trattamento<\/strong><\/p>\n<p>Avete il diritto di richiedere la limitazione del trattamento dei vostri dati personali. A tal fine, potete contattarci in qualsiasi momento all'indirizzo indicato nell'impronta. Il diritto alla limitazione del trattamento sussiste nei seguenti casi:<\/p>\n<ul>\n<li>Se contestate l'esattezza dei vostri dati personali da noi memorizzati, di solito abbiamo bisogno di tempo per verificarla. Per la durata della verifica, avete il diritto di richiedere la limitazione del trattamento dei vostri dati personali.<\/li>\n<li>Se il trattamento dei vostri dati personali \u00e8 avvenuto\/sta avvenendo in modo illecito, potete richiedere la limitazione del trattamento dei dati invece della cancellazione.<\/li>\n<li>Se non abbiamo pi\u00f9 bisogno dei vostri dati personali, ma ne avete bisogno per esercitare, difendere o far valere i vostri diritti legali, avete il diritto di richiedere la limitazione del trattamento dei vostri dati personali invece della cancellazione.<\/li>\n<li>Se avete presentato un'obiezione ai sensi dell'art. 21 (1) DSGVO, deve essere effettuato un bilanciamento tra i vostri interessi e i nostri. Finch\u00e9 non \u00e8 ancora stato stabilito quali interessi prevalgono, avete il diritto di chiedere la limitazione del trattamento dei vostri dati personali.<\/li>\n<\/ul>\n<p>Se avete limitato il trattamento dei vostri dati personali, questi potranno essere trattati - oltre che archiviati - solo con il vostro consenso o per l'accertamento, l'esercizio o la difesa di diritti legali o per la tutela dei diritti di un'altra persona fisica o giuridica o per motivi di rilevante interesse pubblico dell'Unione Europea o di uno Stato membro.<\/p>\n<p><strong>Obiezione alle e-mail pubblicitarie<\/strong><\/p>\n<p>\u00c8 vietato l'utilizzo dei dati di contatto pubblicati nell'ambito dell'obbligo di imprinting per l'invio di materiale pubblicitario e informativo non espressamente richiesto. I gestori delle pagine si riservano espressamente il diritto di intraprendere azioni legali in caso di invio non richiesto di informazioni pubblicitarie, come ad esempio e-mail di spam.<\/p>\n<p><strong>3. raccolta di dati sul nostro sito web<\/strong><\/p>\n<p><strong>Biscotti<\/strong><\/p>\n<p>Alcune pagine Internet utilizzano i cosiddetti cookie. I cookie non causano alcun danno al vostro computer e non contengono virus. I cookie servono a rendere la nostra offerta pi\u00f9 semplice, efficace e sicura. I cookie sono piccoli file di testo che vengono memorizzati sul vostro computer e salvati dal vostro browser.<\/p>\n<p>La maggior parte dei cookie che utilizziamo sono i cosiddetti \"cookie di sessione\". Vengono cancellati automaticamente al termine della visita. Altri cookie rimangono memorizzati sul vostro terminale finch\u00e9 non li cancellate. Questi cookie ci permettono di riconoscere il vostro browser alla vostra prossima visita.<\/p>\n<p>Potete impostare il vostro browser in modo da essere informati sull'impostazione dei cookie e consentire i cookie solo in singoli casi, escludere l'accettazione dei cookie per determinati casi o in generale e attivare la cancellazione automatica dei cookie alla chiusura del browser. Se disattivate i cookie, la funzionalit\u00e0 di questo sito web potrebbe essere limitata.<\/p>\n<p>I cookie necessari per lo svolgimento del processo di comunicazione elettronica o per la fornitura di determinate funzioni richieste dall'utente (ad es. la funzione carrello) vengono memorizzati sulla base dell'art. 6 (1) lett. f DSGVO. Il gestore del sito web ha un interesse legittimo a memorizzare i cookie per una fornitura tecnicamente priva di errori e ottimizzata dei propri servizi. Nella misura in cui vengono memorizzati altri cookie (ad es. cookie per l'analisi del comportamento di navigazione), questi vengono trattati separatamente nella presente dichiarazione sulla protezione dei dati.<\/p>\n<p><strong>File di log del server<\/strong><\/p>\n<p>Il fornitore delle pagine raccoglie e memorizza automaticamente le informazioni nei cosiddetti file di log del server, che il vostro browser ci trasmette automaticamente. Questi sono:<\/p>\n<ul>\n<li>Tipo e versione del browser<\/li>\n<li>Sistema operativo utilizzato<\/li>\n<li>URL di riferimento<\/li>\n<li>Nome host del computer di accesso<\/li>\n<li>Ora della richiesta del server<\/li>\n<li>Indirizzo IP<\/li>\n<\/ul>\n<p>Questi dati non vengono uniti ad altre fonti di dati.<\/p>\n<p>La raccolta di questi dati si basa sull'art. 6 comma 1 lett. f DSGVO. Il gestore del sito web ha un interesse legittimo alla presentazione tecnicamente priva di errori e all'ottimizzazione del proprio sito web - a tal fine \u00e8 necessario raccogliere i file di log del server.<\/p>\n<p><strong>Modulo di contatto<\/strong><\/p>\n<p>Se ci inviate richieste di informazioni tramite il modulo di contatto, i vostri dati del modulo di richiesta, compresi i dati di contatto che ci avete fornito, saranno memorizzati da noi allo scopo di elaborare la richiesta e in caso di domande successive. Non trasmettiamo questi dati senza il vostro consenso.<\/p>\n<p>Il trattamento dei dati inseriti nel modulo di contatto si basa pertanto esclusivamente sul vostro consenso (art. 6 cpv. 1 lett. a DSGVO). Potete revocare questo consenso in qualsiasi momento. A tal fine \u00e8 sufficiente una comunicazione informale via e-mail. La legalit\u00e0 delle operazioni di trattamento dei dati effettuate fino alla revoca rimane inalterata.<\/p>\n<p>I dati inseriti nel modulo di contatto rimarranno presso di noi fino a quando non ci chiederete di cancellarli, non revocherete il vostro consenso alla loro memorizzazione o fino a quando lo scopo della memorizzazione dei dati non sar\u00e0 pi\u00f9 valido (ad esempio, al termine dell'elaborazione della vostra richiesta). Le disposizioni di legge obbligatorie, in particolare i periodi di conservazione, rimangono inalterate.<\/p>\n<p><strong>4. plugin e strumenti<\/strong><\/p>\n<p><strong>Google Maps<\/strong><\/p>\n<p>Questo sito utilizza il servizio di mappe Google Maps tramite un'API. Il fornitore \u00e8 Google Inc., 1600 Amphitheatre Parkway, Mountain View, CA 94043, USA.<\/p>\n<p>Per utilizzare le funzioni di Google Maps \u00e8 necessario salvare il vostro indirizzo IP. Queste informazioni vengono solitamente trasmesse a un server di Google negli Stati Uniti e l\u00ec memorizzate. Il fornitore di questo sito non ha alcuna influenza su questa trasmissione di dati.<\/p>\n<p>Google Maps viene utilizzato nell'interesse di una presentazione accattivante delle nostre offerte online e per facilitare la ricerca dei luoghi da noi indicati sul sito web. Ci\u00f2 costituisce un interesse legittimo ai sensi dell'art. 6 comma 1 lett. f DSGVO.<\/p>\n<p>Per ulteriori informazioni sul trattamento dei dati degli utenti, consultare l'informativa sulla privacy di Google: <a href=\"https:\/\/policies.google.com\/privacy?hl=de\" target=\"_blank\" rel=\"noopener noreferrer\">https:\/\/policies.google.com\/privacy?hl=de<\/a>.<\/p>","protected":false},"excerpt":{"rendered":"<p>Informativa sulla privacy 1. La protezione dei dati in sintesi Informazioni generali Le seguenti informazioni forniscono una semplice panoramica di ci\u00f2 che accade ai vostri dati personali quando visitate il nostro sito web. Per dati personali si intendono tutti i dati che possono essere utilizzati per identificarvi personalmente. Informazioni dettagliate sul tema della protezione dei dati sono disponibili nella nostra politica sulla privacy...<\/p>","protected":false},"author":2,"featured_media":0,"parent":0,"menu_order":0,"comment_status":"closed","ping_status":"closed","template":"","meta":{"_et_pb_use_builder":"on","_et_pb_old_content":"","_et_gb_content_width":"","_monsterinsights_skip_tracking":false,"_monsterinsights_sitenote_active":false,"_monsterinsights_sitenote_note":"","_monsterinsights_sitenote_category":0,"_joinchat":[],"footnotes":""},"class_list":["post-8542","page","type-page","status-publish","hentry","latest_post"],"_links":{"self":[{"href":"https:\/\/kukuk.com\/it\/wp-json\/wp\/v2\/pages\/8542","targetHints":{"allow":["GET"]}}],"collection":[{"href":"https:\/\/kukuk.com\/it\/wp-json\/wp\/v2\/pages"}],"about":[{"href":"https:\/\/kukuk.com\/it\/wp-json\/wp\/v2\/types\/page"}],"author":[{"embeddable":true,"href":"https:\/\/kukuk.com\/it\/wp-json\/wp\/v2\/users\/2"}],"replies":[{"embeddable":true,"href":"https:\/\/kukuk.com\/it\/wp-json\/wp\/v2\/comments?post=8542"}],"version-history":[{"count":0,"href":"https:\/\/kukuk.com\/it\/wp-json\/wp\/v2\/pages\/8542\/revisions"}],"wp:attachment":[{"href":"https:\/\/kukuk.com\/it\/wp-json\/wp\/v2\/media?parent=8542"}],"curies":[{"name":"wp","href":"https:\/\/api.w.org\/{rel}","templated":true}]}}