{"id":10062,"date":"2020-10-27T11:30:22","date_gmt":"2020-10-27T10:30:22","guid":{"rendered":"https:\/\/www.kukuk.com\/?page_id=10062"},"modified":"2021-11-23T10:15:02","modified_gmt":"2021-11-23T09:15:02","slug":"%e5%8d%ab%e7%94%9f%e6%a6%82%e5%bf%b5","status":"publish","type":"page","link":"https:\/\/kukuk.com\/zh\/hygienekonzept\/","title":{"rendered":"\u536b\u751f\u7406\u5ff5bliev jesund"},"content":{"rendered":"<h4 class=\"has-text-align-center wp-block-heading\">\u6682\u65f6\u8fd8\u6ca1\u6709\u53d1\u73b0\u6709\u4ec0\u4e48\u95ee\u9898 - BLIEV JESUND!<\/h4>\n\n\n\n<div class=\"wp-block-image\"><figure class=\"aligncenter size-large is-resized\"><img loading=\"lazy\" decoding=\"async\" src=\"https:\/\/www.kukuk.com\/wp-content\/uploads\/DS49813-Bearbeitet-Bearbeitet-1024x683.jpg\" alt=\"\" class=\"wp-image-10279\" width=\"473\" height=\"314\" srcset=\"https:\/\/kukuk.com\/wp-content\/uploads\/DS49813-Bearbeitet-Bearbeitet-1024x683.jpg 1024w, https:\/\/kukuk.com\/wp-content\/uploads\/DS49813-Bearbeitet-Bearbeitet-scaled-600x400.jpg 600w, https:\/\/kukuk.com\/wp-content\/uploads\/DS49813-Bearbeitet-Bearbeitet-300x200.jpg 300w, https:\/\/kukuk.com\/wp-content\/uploads\/DS49813-Bearbeitet-Bearbeitet-1536x1024.jpg 1536w, https:\/\/kukuk.com\/wp-content\/uploads\/DS49813-Bearbeitet-Bearbeitet-2048x1365.jpg 2048w, https:\/\/kukuk.com\/wp-content\/uploads\/DS49813-Bearbeitet-Bearbeitet-90x60.jpg 90w, https:\/\/kukuk.com\/wp-content\/uploads\/DS49813-Bearbeitet-Bearbeitet-480x320.jpg 480w, https:\/\/kukuk.com\/wp-content\/uploads\/DS49813-Bearbeitet-Bearbeitet-800x530.jpg 800w, https:\/\/kukuk.com\/wp-content\/uploads\/DS49813-Bearbeitet-Bearbeitet-420x280.jpg 420w, https:\/\/kukuk.com\/wp-content\/uploads\/DS49813-Bearbeitet-Bearbeitet-520x345.jpg 520w\" sizes=\"(max-width: 473px) 100vw, 473px\" \/><figcaption>\u6839\u636e\u300a\u79d1\u9686\u57fa\u672c\u6cd5\u300b\u7684\u89c4\u5b9a\uff0c\u6211\u4eec\u4e00\u8d77\u5f3a\u5927\uff0c\u4e5f\u5c06\u514b\u670d\u8fd9\u4e00\u969c\u788d\u3002<\/figcaption><\/figure><\/div>\n\n\n\n<h4 class=\"wp-block-heading\">\u4ee5\u4e0b\u89c4\u5219\u9002\u7528\u4e8e\u6211\u4eec\uff08\u622a\u81f32021\u5e7411\u6708\uff09\u3002<\/h4>\n\n\n\n<ul class=\"wp-block-list\"><li>\u6211\u4eec\u7684\u6bcf\u4e2a\u5458\u5de5\u90fd\u63a5\u53d7\u4e86\u53cc\u91cd\u6216\u4e09\u91cd\u75ab\u82d7\u63a5\u79cd <\/li><li>\u6bcf\u5468\u81f3\u5c11\u5bf9\u6240\u6709\u5458\u5de5\u8fdb\u884c3\u6b21\u7535\u6655\u5feb\u901f\u6d4b\u8bd5\u3002 <\/li><li>\u5b83\u9002\u7528\u4e8e <strong>3G +<\/strong> \u5728\u6211\u4eec\u7684\u573a\u6240\u548c\u4e3a\u5ba2\u4eba\/\u5ba2\u6237 <\/li><li>\u6240\u6709\u623f\u95f4\u90fd\u5b89\u88c5\u4e86H14\u9ad8\u6548\u7a7a\u6c14\u8fc7\u6ee4\u7cfb\u7edf <\/li><li>\u6bcf\u5929\u5e94\u7528\u5168\u9762\u7684\u536b\u751f\u548c\u4fdd\u62a4\u6982\u5ff5<\/li><\/ul>\n\n\n\n<div class=\"wp-block-image\"><figure class=\"aligncenter size-full is-resized\"><img loading=\"lazy\" decoding=\"async\" src=\"https:\/\/www.kukuk.com\/wp-content\/uploads\/Bild2.jpg\" alt=\"\" class=\"wp-image-13064\" width=\"235\" height=\"333\" srcset=\"https:\/\/kukuk.com\/wp-content\/uploads\/Bild2.jpg 582w, https:\/\/kukuk.com\/wp-content\/uploads\/Bild2-212x300.jpg 212w, https:\/\/kukuk.com\/wp-content\/uploads\/Bild2-42x60.jpg 42w\" sizes=\"(max-width: 235px) 100vw, 235px\" \/><\/figure><\/div>\n\n\n\n<div class=\"wp-block-columns is-layout-flex wp-container-core-columns-is-layout-9d6595d7 wp-block-columns-is-layout-flex\">\n<div class=\"wp-block-column is-layout-flow wp-block-column-is-layout-flow\">\n<div class=\"wp-block-image\"><figure class=\"aligncenter size-large is-resized\"><a href=\"https:\/\/www.kukuk.com\/wp-content\/uploads\/Covid-19-Schutzkonzept-1.pdf\" target=\"_blank\" rel=\"noopener noreferrer\"><img loading=\"lazy\" decoding=\"async\" src=\"https:\/\/www.kukuk.com\/wp-content\/uploads\/schutz.jpg\" alt=\"\" class=\"wp-image-11452\" width=\"321\" height=\"404\" srcset=\"https:\/\/kukuk.com\/wp-content\/uploads\/schutz.jpg 789w, https:\/\/kukuk.com\/wp-content\/uploads\/schutz-600x756.jpg 600w, https:\/\/kukuk.com\/wp-content\/uploads\/schutz-238x300.jpg 238w, https:\/\/kukuk.com\/wp-content\/uploads\/schutz-48x60.jpg 48w\" sizes=\"(max-width: 321px) 100vw, 321px\" \/><\/a><figcaption>\u6211\u4eec\u7684Covid-19\u4fdd\u62a4\u6982\u5ff5\uff0c\u4ece04\/20\u5f00\u59cb\u6d3b\u8dc3\uff08\u622a\u6b62\u523011\/2021\uff09\u3002<\/figcaption><\/figure><\/div>\n<\/div>\n<\/div>\n\n\n\n<p class=\"has-text-align-center\">\u6765\u81ea RKI \u5173\u4e8e \"\u6d4b\u8bd5 \"\u4e3b\u9898\u7684\u4fe1\u606f\uff1a <\/p>\n\n\n\n<div class=\"wp-block-image\"><figure class=\"aligncenter size-large\"><a href=\"https:\/\/www.kukuk.com\/wp-content\/uploads\/Infografik_Antigentest_PDF1.pdf\" target=\"_blank\" rel=\"noopener noreferrer\"><img loading=\"lazy\" decoding=\"async\" width=\"622\" height=\"921\" src=\"https:\/\/www.kukuk.com\/wp-content\/uploads\/RKI-Testen.jpg\" alt=\"\" class=\"wp-image-10630\" srcset=\"https:\/\/kukuk.com\/wp-content\/uploads\/RKI-Testen.jpg 622w, https:\/\/kukuk.com\/wp-content\/uploads\/RKI-Testen-600x888.jpg 600w, https:\/\/kukuk.com\/wp-content\/uploads\/RKI-Testen-203x300.jpg 203w, https:\/\/kukuk.com\/wp-content\/uploads\/RKI-Testen-41x60.jpg 41w\" sizes=\"(max-width: 622px) 100vw, 622px\" \/><\/a><\/figure><\/div>\n\n\n\n<p class=\"has-text-align-center\">\u4e0b\u9762\u5217\u51fa\u7684\u536b\u751f\u548c\u4fdd\u62a4\u63aa\u65bd\u6709\u52a9\u4e8e\u6211\u4eec\u505a\u5230\u8fd9\u4e00\u70b9\uff1a<\/p>\n\n\n\n<div class=\"wp-block-columns is-layout-flex wp-container-core-columns-is-layout-9d6595d7 wp-block-columns-is-layout-flex\">\n<div class=\"wp-block-column is-layout-flow wp-block-column-is-layout-flow\">\n<figure class=\"wp-block-image size-large\"><img loading=\"lazy\" decoding=\"async\" width=\"800\" height=\"700\" src=\"https:\/\/www.kukuk.com\/wp-content\/uploads\/hygiene-gegen-coronavirus-schild-91992.jpg\" alt=\"\" class=\"wp-image-10122\" srcset=\"https:\/\/kukuk.com\/wp-content\/uploads\/hygiene-gegen-coronavirus-schild-91992.jpg 800w, https:\/\/kukuk.com\/wp-content\/uploads\/hygiene-gegen-coronavirus-schild-91992-600x525.jpg 600w, https:\/\/kukuk.com\/wp-content\/uploads\/hygiene-gegen-coronavirus-schild-91992-300x263.jpg 300w, https:\/\/kukuk.com\/wp-content\/uploads\/hygiene-gegen-coronavirus-schild-91992-69x60.jpg 69w\" sizes=\"(max-width: 800px) 100vw, 800px\" \/><\/figure>\n<\/div>\n\n\n\n<div class=\"wp-block-column is-layout-flow wp-block-column-is-layout-flow\">\n<figure class=\"wp-block-image size-large\"><img loading=\"lazy\" decoding=\"async\" width=\"800\" height=\"700\" src=\"https:\/\/www.kukuk.com\/wp-content\/uploads\/haende-waschen-gegen-coronavirus-schild-91993.jpg\" alt=\"\" class=\"wp-image-10123\" srcset=\"https:\/\/kukuk.com\/wp-content\/uploads\/haende-waschen-gegen-coronavirus-schild-91993.jpg 800w, https:\/\/kukuk.com\/wp-content\/uploads\/haende-waschen-gegen-coronavirus-schild-91993-600x525.jpg 600w, https:\/\/kukuk.com\/wp-content\/uploads\/haende-waschen-gegen-coronavirus-schild-91993-300x263.jpg 300w, https:\/\/kukuk.com\/wp-content\/uploads\/haende-waschen-gegen-coronavirus-schild-91993-69x60.jpg 69w\" sizes=\"(max-width: 800px) 100vw, 800px\" \/><\/figure>\n<\/div>\n<\/div>","protected":false},"excerpt":{"rendered":"<p>Et h\u00e4tt noch immer jot jejange &#8211; BLIEV JESUND! Bei uns gelten die folgenden Regeln (Stand 11\/2021) Jeder unserer Mitarbeiter ist doppelt oder dreifach geimpft Corona-Schnelltests werden mind. 3 mal w\u00f6chentlich f\u00fcr allle Mitarbeiter durchgef\u00fchrt Es gilt 3G + bei uns in den Betriebsr\u00e4umen und f\u00fcr G\u00e4ste \/ Kunden Hepa-Luftfilteranlagen &hellip; <\/p>","protected":false},"author":3,"featured_media":10279,"parent":0,"menu_order":0,"comment_status":"closed","ping_status":"closed","template":"","meta":{"_et_pb_use_builder":"","_et_pb_old_content":"","_et_gb_content_width":"","_monsterinsights_skip_tracking":false,"_monsterinsights_sitenote_active":false,"_monsterinsights_sitenote_note":"","_monsterinsights_sitenote_category":0,"_joinchat":[],"footnotes":""},"class_list":["post-10062","page","type-page","status-publish","has-post-thumbnail","hentry","latest_post"],"_links":{"self":[{"href":"https:\/\/kukuk.com\/zh\/wp-json\/wp\/v2\/pages\/10062","targetHints":{"allow":["GET"]}}],"collection":[{"href":"https:\/\/kukuk.com\/zh\/wp-json\/wp\/v2\/pages"}],"about":[{"href":"https:\/\/kukuk.com\/zh\/wp-json\/wp\/v2\/types\/page"}],"author":[{"embeddable":true,"href":"https:\/\/kukuk.com\/zh\/wp-json\/wp\/v2\/users\/3"}],"replies":[{"embeddable":true,"href":"https:\/\/kukuk.com\/zh\/wp-json\/wp\/v2\/comments?post=10062"}],"version-history":[{"count":0,"href":"https:\/\/kukuk.com\/zh\/wp-json\/wp\/v2\/pages\/10062\/revisions"}],"wp:featuredmedia":[{"embeddable":true,"href":"https:\/\/kukuk.com\/zh\/wp-json\/wp\/v2\/media\/10279"}],"wp:attachment":[{"href":"https:\/\/kukuk.com\/zh\/wp-json\/wp\/v2\/media?parent=10062"}],"curies":[{"name":"wp","href":"https:\/\/api.w.org\/{rel}","templated":true}]}}