{"id":12484,"date":"2021-09-18T17:38:14","date_gmt":"2021-09-18T15:38:14","guid":{"rendered":"https:\/\/www.kukuk.com\/?page_id=12484"},"modified":"2021-09-18T17:47:01","modified_gmt":"2021-09-18T15:47:01","slug":"%e6%b6%82%e6%96%99%e5%8e%9a%e5%ba%a6%e6%b5%8b%e9%87%8f","status":"publish","type":"page","link":"https:\/\/kukuk.com\/zh\/lackschichtdickenmessung\/","title":{"rendered":"\u6f06\u5c42\u539a\u5ea6\u6d4b\u91cf"},"content":{"rendered":"<p>\u57fa\u672c\u4e0a\u67093\u79cd\u6d4b\u91cf\u65b9\u6cd5\u6765\u8fdb\u884c\u975e\u7834\u574f\u6027\u7684\u6d82\u5c42\u539a\u5ea6\u6d4b\u91cf\uff0c\u4f8b\u5982\u5bf9\u6c7d\u8f66\u8f66\u8eab\u7684\u6cb9\u6f06\u539a\u5ea6\u6d4b\u91cf\uff1a<\/p>\n\n\n\n<ul class=\"wp-block-list\"><li>\u7528\u4e8e\u6d4b\u91cf\u94c1\u7d20\u4f53\u57fa\u6750\uff08\u5982\u91d1\u5c5e\u677f\uff09\u7684\u78c1\u611f\u5e94\u6d4b\u91cf\u6cd5<\/li><li>\u7528\u4e8e\u6d4b\u91cf\u6709\u8272\u91d1\u5c5e\u57fa\u6750\uff08\u5982\u94dd\uff09\u7684\u6da1\u6d41\u6cd5<\/li><li>\u8d85\u58f0\u6ce2\u7528\u4e8e\u72ec\u7acb\u4e8e\u57fa\u6750\u7684\u6d4b\u91cf\u6216\u591a\u5c42\u6d4b\u91cf\u3002<\/li><\/ul>\n\n\n\n<p>\u73b0\u5728\u5df2\u7ecf\u6210\u4e3a\u6bcf\u4e2a\u8bc4\u4f30\u7684 \"\u5fc5\u4fee\u8bfe \"\u4e86!\u4f60\u53ef\u4ee5\u5728\u8f66\u8eab\u7684\u8868\u9762\u533a\u57df\u8be6\u7ec6\u4e86\u89e3\u6c7d\u8f66\u7684\u60c5\u51b5\u3002 <meta charset=\"utf-8\">\u6211\u4eec\u8fd8\u53ef\u4ee5\u786e\u5b9a\u6cb9\u6f06\u5c42\u7684\u539a\u5ea6\u6216\u4efb\u4f55\u7c7b\u578b\u7684\u6750\u6599\u539a\u5ea6\u3002\u8d85\u58f0\u6ce2\u7279\u522b\u9002\u7528\u4e8e\u68c0\u67e5GRP\u548cCFRP\u7684\u6f06\u5c42\u539a\u5ea6\uff0c\u56e0\u6b64\u6211\u4eec\u53ef\u4ee5\u6839\u636e\u8f66\u8eab\u7ed3\u6784\u7684\u6539\u53d8\u6765\u786e\u5b9a\u7b2c\u4e00\u5c42\u6f06\u7684\u8f66\u8f86\u6216\u9690\u85cf\u7684\u4e8b\u6545!<\/p>\n\n\n\n<p><meta charset=\"utf-8\"><\/p>\n\n\n\n<figure class=\"wp-block-embed is-type-video is-provider-youtube wp-block-embed-youtube wp-embed-aspect-16-9 wp-has-aspect-ratio\"><div class=\"wp-block-embed__wrapper\">\n<iframe loading=\"lazy\" title=\"\u5b9d\u9a6cE9 3.0 CSL\u7684\u91d1\u5c5e\u677f\u5f88\u8584\u5417\uff1f\u7528\u4e8e\u8f66\u8eab\u548c\u8f66\u67b6\u6d4b\u91cf\u7684\u8d85\u58f0\u6ce2 \/ Ingenieurb\u00fcro Kukuk\" width=\"767\" height=\"431\" src=\"https:\/\/www.youtube.com\/embed\/RvpYc0ZmA2c?feature=oembed\" frameborder=\"0\" allow=\"accelerometer; autoplay; clipboard-write; encrypted-media; gyroscope; picture-in-picture\" allowfullscreen><\/iframe>\n<\/div><figcaption>\u901a\u8fc7\u8d85\u58f0\u6ce2\u4e5f\u53ef\u4ee5\u6d4b\u91cf\u6f06\u819c\u539a\u5ea6\uff0c\u7279\u522b\u662f\u5728GRP\u548cCFRP\u4e0a\u3002<\/figcaption><\/figure>\n\n\n\n<div class=\"wp-block-image\"><figure class=\"aligncenter size-large is-resized\"><a href=\"https:\/\/www.kukuk.com\/wp-content\/uploads\/Schichtdickenmessung-.pdf\" target=\"_blank\" rel=\"noopener noreferrer\"><img loading=\"lazy\" decoding=\"async\" src=\"https:\/\/www.kukuk.com\/wp-content\/uploads\/schichtdicken-1.jpg\" alt=\"\" class=\"wp-image-11853\" width=\"496\" height=\"301\" srcset=\"https:\/\/kukuk.com\/wp-content\/uploads\/schichtdicken-1.jpg 896w, https:\/\/kukuk.com\/wp-content\/uploads\/schichtdicken-1-600x364.jpg 600w, https:\/\/kukuk.com\/wp-content\/uploads\/schichtdicken-1-300x182.jpg 300w, https:\/\/kukuk.com\/wp-content\/uploads\/schichtdicken-1-99x60.jpg 99w, https:\/\/kukuk.com\/wp-content\/uploads\/schichtdicken-1-420x255.jpg 420w\" sizes=\"(max-width: 496px) 100vw, 496px\" \/><\/a><figcaption><video controls=\"\" src=\"https:\/\/www.kukuk.com\/wp-content\/uploads\/Lackschicht.mp4\"><\/figcaption><\/figure><\/div>","protected":false},"excerpt":{"rendered":"<p>Es gibt im Wesentlichen 3 Messverfahren, um zerst\u00f6rungsfrei Schichtdickenmessungen beispielsweise der Lackdickenmessungen auf z.B. Karosserien durchzuf\u00fchren: Das magnet-induktive Messverfahren f\u00fcr Messungen auf ferritischen Substraten wie Blech Das Wirbelstromverfahren f\u00fcr Messungen auf nicht &#8211; eisen Substraten wie z.B. Aluminium Ultraschall f\u00fcr substratunabh\u00e4ngige Messungen, bzw. Mehrschichtmessungen. Mittlerweile eine \u201emust do\u201c jeder Bewertung! &hellip; <\/p>","protected":false},"author":3,"featured_media":12137,"parent":0,"menu_order":0,"comment_status":"closed","ping_status":"closed","template":"","meta":{"_et_pb_use_builder":"","_et_pb_old_content":"","_et_gb_content_width":"","_monsterinsights_skip_tracking":false,"_monsterinsights_sitenote_active":false,"_monsterinsights_sitenote_note":"","_monsterinsights_sitenote_category":0,"_joinchat":[],"footnotes":""},"class_list":["post-12484","page","type-page","status-publish","has-post-thumbnail","hentry","latest_post"],"_links":{"self":[{"href":"https:\/\/kukuk.com\/zh\/wp-json\/wp\/v2\/pages\/12484","targetHints":{"allow":["GET"]}}],"collection":[{"href":"https:\/\/kukuk.com\/zh\/wp-json\/wp\/v2\/pages"}],"about":[{"href":"https:\/\/kukuk.com\/zh\/wp-json\/wp\/v2\/types\/page"}],"author":[{"embeddable":true,"href":"https:\/\/kukuk.com\/zh\/wp-json\/wp\/v2\/users\/3"}],"replies":[{"embeddable":true,"href":"https:\/\/kukuk.com\/zh\/wp-json\/wp\/v2\/comments?post=12484"}],"version-history":[{"count":0,"href":"https:\/\/kukuk.com\/zh\/wp-json\/wp\/v2\/pages\/12484\/revisions"}],"wp:featuredmedia":[{"embeddable":true,"href":"https:\/\/kukuk.com\/zh\/wp-json\/wp\/v2\/media\/12137"}],"wp:attachment":[{"href":"https:\/\/kukuk.com\/zh\/wp-json\/wp\/v2\/media?parent=12484"}],"curies":[{"name":"wp","href":"https:\/\/api.w.org\/{rel}","templated":true}]}}